{"id":2201,"date":"2022-05-20T15:18:38","date_gmt":"2022-05-20T13:18:38","guid":{"rendered":"https:\/\/www.ttcables.com\/?page_id=2201"},"modified":"2025-09-24T12:48:45","modified_gmt":"2025-09-24T10:48:45","slug":"posao-u-ttkabeli-d-o-o","status":"publish","type":"page","link":"https:\/\/www.ttcables.com\/hr\/posao-u-ttkabeli-d-o-o\/","title":{"rendered":"KARIJERA"},"content":{"rendered":"\n<p><em>Za\u0161to izabrati nas?<\/em><\/p>\n\n\n\n<p>U <strong>TT Kabelima<\/strong> fokus je uvijek na <strong>\u201eDOBROJ ENERGIJI \ud83d\udca1\u201c<\/strong>. To se ne o\u010dituje samo kroz na\u0161e kabele, koji povezuju i osvjetljavaju domove, ulice i gradove diljem svijeta, ve\u0107 ta energija pulsira i u na\u0161em <strong>timu<\/strong>, koji je pokreta\u010d svega \u0161to radimo.<\/p>\n\n\n\n<p>Za 18 godina izrasli smo u <strong>multinacionalan tim<\/strong> koji pri\u010da pri\u010du o inovaciji, zajedni\u0161tvu i osobnom rastu. Njegujemo <strong>inkluzivnu i poticajnu kulturu<\/strong>, pru\u017eamo prilike za razvoj, poti\u010demo kreativnost i nagra\u0111ujemo predanost. Svi na\u0161i zaposlenici prolaze <strong>stru\u010dne obuke<\/strong> i rade s mentorom kako bi se kontinuirano razvijali, gradili uspje\u0161nu karijeru i uvijek imali <strong>mogu\u0107nost napredovanja i rasta<\/strong>.<\/p>\n\n\n\n<p>Primjerice, u BiH, gdje zapo\u0161ljavamo najve\u0107i broj zaposlenika u grupaciji, na\u0161i zaposlenici imaju <strong>natprosje\u010dna primanja<\/strong>. Tako je prosje\u010dna pla\u0107a u TT Kabelima BiH (2024. god) za 45% ve\u0107a od prosjeka u FBiH, dok je prosje\u010dna po\u010detna pla\u0107a \u010dak 2,4 puta ve\u0107a od minimalne pla\u0107e u FBiH.<\/p>\n\n\n\n<p>Osim <strong>profesionalnog razvoja<\/strong>, brinemo i o <strong>svakom \u010dlanu tima kroz prakti\u010dne pogodnosti<\/strong>: osiguravamo pla\u0107en smje\u0161taj za zaposlenike koji dolaze izvan mjesta rada, pokrivamo tro\u0161kove prijevoza, pru\u017eamo topli obrok, a dodatno nagra\u0111ujemo kroz bo\u017ei\u0107nice, uskrsnice, ro\u0111endanske poklone te besplatno kori\u0161tenje teretane i grupnih treninga. <\/p>\n\n\n\n<p>U TT Kabelima vjerujemo da <strong>dobru energiju stvaraju ljudi<\/strong> \u2013 i upravo na\u0161 tim \u010dini razliku.<\/p>\n\n\n\n<p>\ud83d\udca1  Spremni za svoju dozu dobre energije? Ispuni podatke ispod i pridru\u017ei se na\u0161em timu!<\/p>\n\n\n\n<div class=\"wpcf7 no-js\" id=\"wpcf7-f2200-o1\" lang=\"en-US\" dir=\"ltr\" data-wpcf7-id=\"2200\">\n<div class=\"screen-reader-response\"><p role=\"status\" aria-live=\"polite\" aria-atomic=\"true\"><\/p> <ul><\/ul><\/div>\n<form action=\"\/hr\/wp-json\/wp\/v2\/pages\/2201#wpcf7-f2200-o1\" method=\"post\" class=\"wpcf7-form init\" aria-label=\"Contact form\" enctype=\"multipart\/form-data\" novalidate=\"novalidate\" data-status=\"init\">\n<fieldset class=\"hidden-fields-container\"><input type=\"hidden\" name=\"_wpcf7\" value=\"2200\" \/><input type=\"hidden\" name=\"_wpcf7_version\" value=\"6.1.5\" \/><input type=\"hidden\" name=\"_wpcf7_locale\" value=\"en_US\" \/><input type=\"hidden\" name=\"_wpcf7_unit_tag\" value=\"wpcf7-f2200-o1\" \/><input type=\"hidden\" name=\"_wpcf7_container_post\" value=\"0\" \/><input type=\"hidden\" name=\"_wpcf7_posted_data_hash\" value=\"\" \/><input type=\"hidden\" name=\"_wpcf7_recaptcha_response\" value=\"\" \/>\n<\/fieldset>\n<div class=\"row\" style=\"margin-top:30px;\">\n\t<div class=\"col-md-12\">\n\t\t<p><span class=\"wpcf7-form-control-wrap\" data-name=\"lokacija\"><select class=\"wpcf7-form-control wpcf7-select wpcf7-validates-as-required\" aria-required=\"true\" aria-invalid=\"false\" name=\"lokacija\"><option value=\"\">Izaberite lokaciju *<\/option><option value=\"Bosna i Hercegovina\">Bosna i Hercegovina<\/option><option value=\"Hrvatska\">Hrvatska<\/option><\/select><\/span>\n\t\t<\/p>\n\t\t<p><span class=\"wpcf7-form-control-wrap\" data-name=\"odjel\"><select class=\"wpcf7-form-control wpcf7-select wpcf7-validates-as-required\" aria-required=\"true\" aria-invalid=\"false\" name=\"odjel\"><option value=\"\">Izaberite odjel *<\/option><option value=\"Marketing\">Marketing<\/option><option value=\"Prodaja\">Prodaja<\/option><option value=\"Nabava\">Nabava<\/option><option value=\"Logistika\">Logistika<\/option><option value=\"Ljudski resursi i pravna slu\u017eba\">Ljudski resursi i pravna slu\u017eba<\/option><option value=\"Proizvodnja\">Proizvodnja<\/option><option value=\"IT\">IT<\/option><option value=\"Slu\u017eba uskla\u0111enosti\">Slu\u017eba uskla\u0111enosti<\/option><option value=\"Slu\u017eba za zdravlje i sigurnost djelatnika\">Slu\u017eba za zdravlje i sigurnost djelatnika<\/option><option value=\"Ostalo\">Ostalo<\/option><\/select><\/span>\n\t\t<\/p>\n\t\t<p><span class=\"wpcf7-form-control-wrap\" data-name=\"ime\"><input size=\"40\" maxlength=\"400\" class=\"wpcf7-form-control wpcf7-text wpcf7-validates-as-required\" aria-required=\"true\" aria-invalid=\"false\" placeholder=\"Ime i prezime *\" value=\"\" type=\"text\" name=\"ime\" \/><\/span>\n\t\t<\/p>\n\t\t<p><span class=\"wpcf7-form-control-wrap\" data-name=\"rodjenje\"><input size=\"40\" maxlength=\"400\" class=\"wpcf7-form-control wpcf7-text wpcf7-validates-as-required\" aria-required=\"true\" aria-invalid=\"false\" placeholder=\"Datum i mjesto ro\u0111enja *\" value=\"\" type=\"text\" name=\"rodjenje\" \/><\/span>\n\t\t<\/p>\n\t\t<p><span class=\"wpcf7-form-control-wrap\" data-name=\"drzavljanstvo\"><input size=\"40\" maxlength=\"400\" class=\"wpcf7-form-control wpcf7-text wpcf7-validates-as-required\" aria-required=\"true\" aria-invalid=\"false\" placeholder=\"Dr\u017eavljanstvo(a) *\" value=\"\" type=\"text\" name=\"drzavljanstvo\" \/><\/span>\n\t\t<\/p>\n\t\t<p><span class=\"wpcf7-form-control-wrap\" data-name=\"prebivaliste\"><input size=\"40\" maxlength=\"400\" class=\"wpcf7-form-control wpcf7-text wpcf7-validates-as-required\" aria-required=\"true\" aria-invalid=\"false\" placeholder=\"Prebivali\u0161te (stalno) *\" value=\"\" type=\"text\" name=\"prebivaliste\" \/><\/span>\n\t\t<\/p>\n\t\t<p><span class=\"wpcf7-form-control-wrap\" data-name=\"telefon\"><input size=\"40\" maxlength=\"400\" class=\"wpcf7-form-control wpcf7-text wpcf7-validates-as-required\" aria-required=\"true\" aria-invalid=\"false\" placeholder=\"Telefon \/ mobitel *\" value=\"\" type=\"text\" name=\"telefon\" \/><\/span>\n\t\t<\/p>\n\t\t<p><span class=\"wpcf7-form-control-wrap\" data-name=\"email\"><input size=\"40\" maxlength=\"400\" class=\"wpcf7-form-control wpcf7-email wpcf7-validates-as-required wpcf7-text wpcf7-validates-as-email\" aria-required=\"true\" aria-invalid=\"false\" placeholder=\"E-mail *\" value=\"\" type=\"email\" name=\"email\" \/><\/span>\n\t\t<\/p>\n\t\t<p><span class=\"wpcf7-form-control-wrap\" data-name=\"strucna-sprema\"><select class=\"wpcf7-form-control wpcf7-select wpcf7-validates-as-required\" aria-required=\"true\" aria-invalid=\"false\" name=\"strucna-sprema\"><option value=\"\">Izaberite stru\u010dnu spremu *<\/option><option value=\"SSS\">SSS<\/option><option value=\"V\u0160S\">V\u0160S<\/option><option value=\"VSS\">VSS<\/option><\/select><\/span>\n\t\t<\/p>\n\t\t<p><span class=\"wpcf7-form-control-wrap\" data-name=\"strani-jezik-aktivno\"><input size=\"40\" maxlength=\"400\" class=\"wpcf7-form-control wpcf7-text wpcf7-validates-as-required\" aria-required=\"true\" aria-invalid=\"false\" placeholder=\"Strani jezik  *\" value=\"\" type=\"text\" name=\"strani-jezik-aktivno\" \/><\/span>\n\t\t<\/p>\n\t\t<p><span class=\"wpcf7-form-control-wrap\" data-name=\"radno-iskustvo\"><textarea cols=\"40\" rows=\"10\" maxlength=\"2000\" class=\"wpcf7-form-control wpcf7-textarea wpcf7-validates-as-required\" aria-required=\"true\" aria-invalid=\"false\" name=\"radno-iskustvo\">Radno iskustvo *<\/textarea><\/span>\n\t\t<\/p>\n\t\t<p><span class=\"wpcf7-form-control-wrap\" data-name=\"kratka-biografija\"><textarea cols=\"40\" rows=\"10\" maxlength=\"2000\" class=\"wpcf7-form-control wpcf7-textarea wpcf7-validates-as-required\" aria-required=\"true\" aria-invalid=\"false\" name=\"kratka-biografija\">Kratka biografija<\/textarea><\/span>\n\t\t<\/p>\n\t\t<p> Znanje rada na PC-u: <span class=\"wpcf7-form-control-wrap\" data-name=\"pc\"><span class=\"wpcf7-form-control wpcf7-radio\"><span class=\"wpcf7-list-item first\"><span class=\"wpcf7-list-item-label\">Da<\/span><input type=\"radio\" name=\"pc\" value=\"Da\" \/><\/span><span class=\"wpcf7-list-item last\"><span class=\"wpcf7-list-item-label\">Ne<\/span><input type=\"radio\" name=\"pc\" value=\"Ne\" \/><\/span><\/span><\/span>\n\t\t<\/p>\n\t\t<p> Voza\u010dka dozvola: <span class=\"wpcf7-form-control-wrap\" data-name=\"vozacka\"><span class=\"wpcf7-form-control wpcf7-radio\"><span class=\"wpcf7-list-item first\"><span class=\"wpcf7-list-item-label\">Da<\/span><input type=\"radio\" name=\"vozacka\" value=\"Da\" \/><\/span><span class=\"wpcf7-list-item last\"><span class=\"wpcf7-list-item-label\">Ne<\/span><input type=\"radio\" name=\"vozacka\" value=\"Ne\" \/><\/span><\/span><\/span>\n\t\t<\/p>\n\t\t<p> Upload datoteke - CV *: <span class=\"wpcf7-form-control-wrap\" data-name=\"file-500\"><input size=\"40\" class=\"wpcf7-form-control wpcf7-file wpcf7-validates-as-required\" accept=\".pdf,.doc,.docx,.txt\" aria-required=\"true\" aria-invalid=\"false\" type=\"file\" name=\"file-500\" \/><\/span>\n\t\t<\/p>\n\t\t<p style=\"margin-top:40px;\"> Obavezno popuniti polja ozna\u010dena sa (*)\n\t\t<\/p>\n\t\t<p style=\"margin-top:30px; margin-bottom: 30px;\"><input class=\"wpcf7-form-control wpcf7-submit has-spinner\" type=\"submit\" value=\"PO\u0160ALJITE PRIJAVU...\" \/>\n\t\t<\/p>\n\t<\/div>\n<\/div><div class=\"wpcf7-response-output\" aria-hidden=\"true\"><\/div>\n<\/form>\n<\/div>\n\n","protected":false},"excerpt":{"rendered":"<p>Za\u0161to izabrati nas? U TT Kabelima fokus je uvijek na \u201eDOBROJ ENERGIJI \ud83d\udca1\u201c. To se ne o\u010dituje samo kroz na\u0161e<\/p>\n<p><a class=\"read-more\" href=\"https:\/\/www.ttcables.com\/hr\/posao-u-ttkabeli-d-o-o\/\">Op\u0161irnije&#8230;<\/a><\/p>\n","protected":false},"author":1,"featured_media":0,"parent":0,"menu_order":0,"comment_status":"closed","ping_status":"closed","template":"","meta":{"_acf_changed":false,"footnotes":""},"class_list":["post-2201","page","type-page","status-publish","hentry"],"acf":[],"_links":{"self":[{"href":"https:\/\/www.ttcables.com\/hr\/wp-json\/wp\/v2\/pages\/2201","targetHints":{"allow":["GET"]}}],"collection":[{"href":"https:\/\/www.ttcables.com\/hr\/wp-json\/wp\/v2\/pages"}],"about":[{"href":"https:\/\/www.ttcables.com\/hr\/wp-json\/wp\/v2\/types\/page"}],"author":[{"embeddable":true,"href":"https:\/\/www.ttcables.com\/hr\/wp-json\/wp\/v2\/users\/1"}],"replies":[{"embeddable":true,"href":"https:\/\/www.ttcables.com\/hr\/wp-json\/wp\/v2\/comments?post=2201"}],"version-history":[{"count":0,"href":"https:\/\/www.ttcables.com\/hr\/wp-json\/wp\/v2\/pages\/2201\/revisions"}],"wp:attachment":[{"href":"https:\/\/www.ttcables.com\/hr\/wp-json\/wp\/v2\/media?parent=2201"}],"curies":[{"name":"wp","href":"https:\/\/api.w.org\/{rel}","templated":true}]}}