{"id":807,"date":"2021-12-16T20:24:14","date_gmt":"2021-12-16T19:24:14","guid":{"rendered":"https:\/\/www.ttcables.com\/reference\/"},"modified":"2023-02-02T13:55:41","modified_gmt":"2023-02-02T12:55:41","slug":"reference","status":"publish","type":"page","link":"https:\/\/www.ttcables.com\/hr\/reference\/","title":{"rendered":"Reference"},"content":{"rendered":"\n<p>Na\u0161e globalne logisti\u010dke i distribucijske mogu\u0107nosti u suradnji s na\u0161im odjelom nabave i prodaje osiguravaju brzu isporuku svim na\u0161im kupcima. O tome svjedo\u010di na\u0161 \u0161irok raspon referenci.<\/p>\n\n\n\n<div class=\"wp-block-columns is-layout-flex wp-container-core-columns-is-layout-9d6595d7 wp-block-columns-is-layout-flex\">\n<div class=\"wp-block-column is-layout-flow wp-block-column-is-layout-flow\">\n<figure class=\"wp-block-image size-full\"><a href=\"https:\/\/www.ttcables.com\/hr\/industrija\/\"><img decoding=\"async\" width=\"763\" height=\"1000\" src=\"https:\/\/www.ttcables.com\/wp-content\/uploads\/2022\/05\/INDUSTRIJA.jpg\" alt=\"\" class=\"wp-image-2138\" srcset=\"https:\/\/www.ttcables.com\/wp-content\/uploads\/2022\/05\/INDUSTRIJA.jpg 763w, https:\/\/www.ttcables.com\/wp-content\/uploads\/2022\/05\/INDUSTRIJA-300x393.jpg 300w\" sizes=\"(max-width: 763px) 100vw, 763px\" \/><\/a><\/figure>\n<\/div>\n\n\n\n<div class=\"wp-block-column is-layout-flow wp-block-column-is-layout-flow\">\n<figure class=\"wp-block-image size-full\"><a href=\"https:\/\/www.ttcables.com\/hr\/obnovljivi-izvori-energije\/\"><img decoding=\"async\" width=\"763\" height=\"1000\" src=\"https:\/\/www.ttcables.com\/wp-content\/uploads\/2022\/05\/OBNOVLJIVI.jpg\" alt=\"\" class=\"wp-image-2140\" srcset=\"https:\/\/www.ttcables.com\/wp-content\/uploads\/2022\/05\/OBNOVLJIVI.jpg 763w, https:\/\/www.ttcables.com\/wp-content\/uploads\/2022\/05\/OBNOVLJIVI-300x393.jpg 300w\" sizes=\"(max-width: 763px) 100vw, 763px\" \/><\/a><\/figure>\n<\/div>\n\n\n\n<div class=\"wp-block-column is-layout-flow wp-block-column-is-layout-flow\">\n<figure class=\"wp-block-image size-full\"><a href=\"https:\/\/www.ttcables.com\/hr\/infrastruktura-i-transport\/\"><img decoding=\"async\" width=\"763\" height=\"1000\" src=\"https:\/\/www.ttcables.com\/wp-content\/uploads\/2022\/05\/INFRASTRUKTURA.jpg\" alt=\"\" class=\"wp-image-2142\" srcset=\"https:\/\/www.ttcables.com\/wp-content\/uploads\/2022\/05\/INFRASTRUKTURA.jpg 763w, https:\/\/www.ttcables.com\/wp-content\/uploads\/2022\/05\/INFRASTRUKTURA-300x393.jpg 300w\" sizes=\"(max-width: 763px) 100vw, 763px\" \/><\/a><\/figure>\n<\/div>\n\n\n\n<div class=\"wp-block-column is-layout-flow wp-block-column-is-layout-flow\">\n<figure class=\"wp-block-image size-full\"><a href=\"https:\/\/www.ttcables.com\/hr\/zdravstveni-sportski-objekti-ostalo\/\"><img decoding=\"async\" width=\"763\" height=\"1000\" src=\"https:\/\/www.ttcables.com\/wp-content\/uploads\/2022\/05\/ZDRAVSTVENI.jpg\" alt=\"\" class=\"wp-image-2145\" srcset=\"https:\/\/www.ttcables.com\/wp-content\/uploads\/2022\/05\/ZDRAVSTVENI.jpg 763w, https:\/\/www.ttcables.com\/wp-content\/uploads\/2022\/05\/ZDRAVSTVENI-300x393.jpg 300w\" sizes=\"(max-width: 763px) 100vw, 763px\" \/><\/a><\/figure>\n<\/div>\n<\/div>\n","protected":false},"excerpt":{"rendered":"<p>Na\u0161e globalne logisti\u010dke i distribucijske mogu\u0107nosti u suradnji s na\u0161im odjelom nabave i prodaje osiguravaju brzu isporuku svim na\u0161im kupcima.<\/p>\n<p><a class=\"read-more\" href=\"https:\/\/www.ttcables.com\/hr\/reference\/\">Op\u0161irnije&#8230;<\/a><\/p>\n","protected":false},"author":1,"featured_media":1047,"parent":0,"menu_order":0,"comment_status":"closed","ping_status":"closed","template":"page-reference.php","meta":{"_acf_changed":false,"footnotes":""},"class_list":["post-807","page","type-page","status-publish","has-post-thumbnail","hentry"],"acf":[],"_links":{"self":[{"href":"https:\/\/www.ttcables.com\/hr\/wp-json\/wp\/v2\/pages\/807","targetHints":{"allow":["GET"]}}],"collection":[{"href":"https:\/\/www.ttcables.com\/hr\/wp-json\/wp\/v2\/pages"}],"about":[{"href":"https:\/\/www.ttcables.com\/hr\/wp-json\/wp\/v2\/types\/page"}],"author":[{"embeddable":true,"href":"https:\/\/www.ttcables.com\/hr\/wp-json\/wp\/v2\/users\/1"}],"replies":[{"embeddable":true,"href":"https:\/\/www.ttcables.com\/hr\/wp-json\/wp\/v2\/comments?post=807"}],"version-history":[{"count":0,"href":"https:\/\/www.ttcables.com\/hr\/wp-json\/wp\/v2\/pages\/807\/revisions"}],"wp:featuredmedia":[{"embeddable":true,"href":"https:\/\/www.ttcables.com\/hr\/wp-json\/wp\/v2\/media\/1047"}],"wp:attachment":[{"href":"https:\/\/www.ttcables.com\/hr\/wp-json\/wp\/v2\/media?parent=807"}],"curies":[{"name":"wp","href":"https:\/\/api.w.org\/{rel}","templated":true}]}}