{"id":848,"date":"2021-12-16T21:05:52","date_gmt":"2021-12-16T20:05:52","guid":{"rendered":"https:\/\/www.ttcables.com\/our-policies\/"},"modified":"2026-04-22T10:06:39","modified_gmt":"2026-04-22T08:06:39","slug":"our-policies","status":"publish","type":"page","link":"https:\/\/www.ttcables.com\/hr\/our-policies\/","title":{"rendered":"Na\u0161e politike"},"content":{"rendered":"\n<p>Na\u0161 je imperativ imati jasne ideje i okvire kao osnovu u na\u0161im nastojanjima da svakvodnevno budemo jo\u0161 bolji. Iz tog razloga imamo skup internih propisa koji zajedno s vanjskim pravilima \u010dine okvir na\u0161eg poslovanja. Na\u0161e se politike temelje na najboljoj me\u0111unarodnoj praksi, konvencijama, poslovnim standardima i na\u010dinu na koji inzistiramo da na\u0161a tvrtka funkcionira. Svoje politike provjeravamo na godi\u0161njoj razini, \u010dine\u0107i stalna pobolj\u0161anja gdje god je to potrebno.<\/p>\n\n\n\n<div class=\"wp-block-columns is-layout-flex wp-container-core-columns-is-layout-9d6595d7 wp-block-columns-is-layout-flex\">\n<div class=\"wp-block-column is-layout-flow wp-block-column-is-layout-flow\">\n<figure class=\"wp-block-image size-full\"><a href=\"https:\/\/www.ttcables.com\/wp-content\/uploads\/2026\/02\/GPOL09-Politika-dobrobiti-zaposlenika.pdf\"><img decoding=\"async\" width=\"1000\" height=\"1424\" src=\"https:\/\/www.ttcables.com\/wp-content\/uploads\/2024\/01\/WELL_BEING-3.jpg\" alt=\"\" class=\"wp-image-3138\" srcset=\"https:\/\/www.ttcables.com\/wp-content\/uploads\/2024\/01\/WELL_BEING-3.jpg 1000w, https:\/\/www.ttcables.com\/wp-content\/uploads\/2024\/01\/WELL_BEING-3-300x427.jpg 300w, https:\/\/www.ttcables.com\/wp-content\/uploads\/2024\/01\/WELL_BEING-3-800x1139.jpg 800w\" sizes=\"(max-width: 1000px) 100vw, 1000px\" \/><\/a><\/figure>\n\n\n\n<figure class=\"wp-block-image size-full\"><a href=\"https:\/\/www.ttcables.com\/wp-content\/uploads\/2026\/02\/GPOL14-Politika-o-prijavljivanju-nepravilnosti-Whistleblower.pdf\"><img decoding=\"async\" width=\"1000\" height=\"1424\" src=\"https:\/\/www.ttcables.com\/wp-content\/uploads\/2024\/01\/WHISTLEBLOWING-POLICY-3.jpg\" alt=\"\" class=\"wp-image-3169\" srcset=\"https:\/\/www.ttcables.com\/wp-content\/uploads\/2024\/01\/WHISTLEBLOWING-POLICY-3.jpg 1000w, https:\/\/www.ttcables.com\/wp-content\/uploads\/2024\/01\/WHISTLEBLOWING-POLICY-3-300x427.jpg 300w, https:\/\/www.ttcables.com\/wp-content\/uploads\/2024\/01\/WHISTLEBLOWING-POLICY-3-800x1139.jpg 800w\" sizes=\"(max-width: 1000px) 100vw, 1000px\" \/><\/a><\/figure>\n\n\n\n<figure class=\"wp-block-image size-full\"><a href=\"https:\/\/www.ttcables.com\/wp-content\/uploads\/2026\/02\/GPOL16-Politika-konfliktnih-minerala.pdf\"><img decoding=\"async\" width=\"1000\" height=\"1424\" src=\"https:\/\/www.ttcables.com\/wp-content\/uploads\/2026\/01\/Web_page_Conflict-Minerals-Policy.jpg\" alt=\"\" class=\"wp-image-4729\" srcset=\"https:\/\/www.ttcables.com\/wp-content\/uploads\/2026\/01\/Web_page_Conflict-Minerals-Policy.jpg 1000w, https:\/\/www.ttcables.com\/wp-content\/uploads\/2026\/01\/Web_page_Conflict-Minerals-Policy-300x427.jpg 300w, https:\/\/www.ttcables.com\/wp-content\/uploads\/2026\/01\/Web_page_Conflict-Minerals-Policy-800x1139.jpg 800w\" sizes=\"(max-width: 1000px) 100vw, 1000px\" \/><\/a><\/figure>\n<\/div>\n\n\n\n<div class=\"wp-block-column is-layout-flow wp-block-column-is-layout-flow\">\n<figure class=\"wp-block-image size-full\"><a href=\"https:\/\/www.ttcables.com\/wp-content\/uploads\/2026\/02\/GPOL10-Politika-drustveno-odgovornog-poslovanja.pdf\"><img decoding=\"async\" width=\"1000\" height=\"1424\" src=\"https:\/\/www.ttcables.com\/wp-content\/uploads\/2022\/05\/policy_2-2.jpg\" alt=\"\" class=\"wp-image-2025\" srcset=\"https:\/\/www.ttcables.com\/wp-content\/uploads\/2022\/05\/policy_2-2.jpg 1000w, https:\/\/www.ttcables.com\/wp-content\/uploads\/2022\/05\/policy_2-2-300x427.jpg 300w, https:\/\/www.ttcables.com\/wp-content\/uploads\/2022\/05\/policy_2-2-800x1139.jpg 800w\" sizes=\"(max-width: 1000px) 100vw, 1000px\" \/><\/a><\/figure>\n\n\n\n<figure class=\"wp-block-image size-full\"><a href=\"https:\/\/www.ttcables.com\/wp-content\/uploads\/2026\/02\/GPOL15-Politika-odrzivih-nabava.pdf\"><img decoding=\"async\" width=\"1000\" height=\"1424\" src=\"https:\/\/www.ttcables.com\/wp-content\/uploads\/2024\/01\/SUSTAINABLE-PROCUREMENT-POLICY-4.jpg\" alt=\"\" class=\"wp-image-3171\" srcset=\"https:\/\/www.ttcables.com\/wp-content\/uploads\/2024\/01\/SUSTAINABLE-PROCUREMENT-POLICY-4.jpg 1000w, https:\/\/www.ttcables.com\/wp-content\/uploads\/2024\/01\/SUSTAINABLE-PROCUREMENT-POLICY-4-300x427.jpg 300w, https:\/\/www.ttcables.com\/wp-content\/uploads\/2024\/01\/SUSTAINABLE-PROCUREMENT-POLICY-4-800x1139.jpg 800w\" sizes=\"(max-width: 1000px) 100vw, 1000px\" \/><\/a><\/figure>\n\n\n\n<figure class=\"wp-block-image size-full\"><a href=\"https:\/\/www.ttcables.com\/wp-content\/uploads\/2026\/04\/GPOL02-Politika-privatnosti.pdf\"><img decoding=\"async\" width=\"1000\" height=\"1424\" src=\"https:\/\/www.ttcables.com\/wp-content\/uploads\/2026\/04\/PRIVACY_POLICY.jpg\" alt=\"\" class=\"wp-image-5066\" srcset=\"https:\/\/www.ttcables.com\/wp-content\/uploads\/2026\/04\/PRIVACY_POLICY.jpg 1000w, https:\/\/www.ttcables.com\/wp-content\/uploads\/2026\/04\/PRIVACY_POLICY-300x427.jpg 300w, https:\/\/www.ttcables.com\/wp-content\/uploads\/2026\/04\/PRIVACY_POLICY-800x1139.jpg 800w\" sizes=\"(max-width: 1000px) 100vw, 1000px\" \/><\/a><\/figure>\n<\/div>\n\n\n\n<div class=\"wp-block-column is-layout-flow wp-block-column-is-layout-flow\">\n<figure class=\"wp-block-image size-full\"><a href=\"https:\/\/www.ttcables.com\/wp-content\/uploads\/2026\/02\/GPOL11-Politika-zabrane-uporabe-droga-i-alkohola.pdf\"><img decoding=\"async\" width=\"1000\" height=\"1424\" src=\"https:\/\/www.ttcables.com\/wp-content\/uploads\/2022\/05\/policy_3-1.jpg\" alt=\"\" class=\"wp-image-2019\" srcset=\"https:\/\/www.ttcables.com\/wp-content\/uploads\/2022\/05\/policy_3-1.jpg 1000w, https:\/\/www.ttcables.com\/wp-content\/uploads\/2022\/05\/policy_3-1-300x427.jpg 300w, https:\/\/www.ttcables.com\/wp-content\/uploads\/2022\/05\/policy_3-1-800x1139.jpg 800w\" sizes=\"(max-width: 1000px) 100vw, 1000px\" \/><\/a><\/figure>\n\n\n\n<figure class=\"wp-block-image size-full\"><a href=\"https:\/\/www.ttcables.com\/wp-content\/uploads\/2026\/02\/GPOL18-Kodeks-ponasanja-dobavljaca.pdf\"><img decoding=\"async\" width=\"1000\" height=\"1424\" src=\"https:\/\/www.ttcables.com\/wp-content\/uploads\/2024\/08\/SUPPLIER-CODE-OF-CONDUCT.jpg\" alt=\"\" class=\"wp-image-3783\" srcset=\"https:\/\/www.ttcables.com\/wp-content\/uploads\/2024\/08\/SUPPLIER-CODE-OF-CONDUCT.jpg 1000w, https:\/\/www.ttcables.com\/wp-content\/uploads\/2024\/08\/SUPPLIER-CODE-OF-CONDUCT-300x427.jpg 300w, https:\/\/www.ttcables.com\/wp-content\/uploads\/2024\/08\/SUPPLIER-CODE-OF-CONDUCT-800x1139.jpg 800w\" sizes=\"(max-width: 1000px) 100vw, 1000px\" \/><\/a><\/figure>\n\n\n\n<figure class=\"wp-block-image size-full\"><a href=\"https:\/\/www.ttcables.com\/wp-content\/uploads\/2026\/04\/GPOL02-01-Politika-privatnosti-Prilog-1-Popis-kolacica.pdf\"><img decoding=\"async\" width=\"1000\" height=\"1424\" src=\"https:\/\/www.ttcables.com\/wp-content\/uploads\/2026\/04\/PRIVACY_POLICY_COOKIES.jpg\" alt=\"\" class=\"wp-image-5068\" srcset=\"https:\/\/www.ttcables.com\/wp-content\/uploads\/2026\/04\/PRIVACY_POLICY_COOKIES.jpg 1000w, https:\/\/www.ttcables.com\/wp-content\/uploads\/2026\/04\/PRIVACY_POLICY_COOKIES-300x427.jpg 300w, https:\/\/www.ttcables.com\/wp-content\/uploads\/2026\/04\/PRIVACY_POLICY_COOKIES-800x1139.jpg 800w\" sizes=\"(max-width: 1000px) 100vw, 1000px\" \/><\/a><\/figure>\n\n\n\n<figure class=\"wp-block-gallery has-nested-images columns-default is-cropped wp-block-gallery-1 is-layout-flex wp-block-gallery-is-layout-flex\"><\/figure>\n<\/div>\n\n\n\n<div class=\"wp-block-column is-layout-flow wp-block-column-is-layout-flow\">\n<figure class=\"wp-block-image size-full\"><a href=\"https:\/\/www.ttcables.com\/wp-content\/uploads\/2026\/02\/GPOL12-Politika-prevencije-korupcije-i-prijevare.pdf\"><img decoding=\"async\" width=\"1000\" height=\"1424\" src=\"https:\/\/www.ttcables.com\/wp-content\/uploads\/2022\/05\/policy_4-2.jpg\" alt=\"\" class=\"wp-image-2017\" srcset=\"https:\/\/www.ttcables.com\/wp-content\/uploads\/2022\/05\/policy_4-2.jpg 1000w, https:\/\/www.ttcables.com\/wp-content\/uploads\/2022\/05\/policy_4-2-300x427.jpg 300w, https:\/\/www.ttcables.com\/wp-content\/uploads\/2022\/05\/policy_4-2-800x1139.jpg 800w\" sizes=\"(max-width: 1000px) 100vw, 1000px\" \/><\/a><\/figure>\n\n\n\n<figure class=\"wp-block-image size-full\"><a href=\"https:\/\/www.ttcables.com\/wp-content\/uploads\/2025\/10\/Amfori-CoC-HR.pdf\"><img decoding=\"async\" width=\"1000\" height=\"1424\" src=\"https:\/\/www.ttcables.com\/wp-content\/uploads\/2025\/10\/WEB_CODE_OF_CONDUCT_2.jpg\" alt=\"\" class=\"wp-image-4620\" srcset=\"https:\/\/www.ttcables.com\/wp-content\/uploads\/2025\/10\/WEB_CODE_OF_CONDUCT_2.jpg 1000w, https:\/\/www.ttcables.com\/wp-content\/uploads\/2025\/10\/WEB_CODE_OF_CONDUCT_2-300x427.jpg 300w, https:\/\/www.ttcables.com\/wp-content\/uploads\/2025\/10\/WEB_CODE_OF_CONDUCT_2-800x1139.jpg 800w\" sizes=\"(max-width: 1000px) 100vw, 1000px\" \/><\/a><\/figure>\n<\/div>\n\n\n\n<div class=\"wp-block-column is-layout-flow wp-block-column-is-layout-flow\">\n<figure class=\"wp-block-image size-full\"><a href=\"https:\/\/www.ttcables.com\/wp-content\/uploads\/2026\/02\/GPOL13-Politika-protiv-ropstva-i-trgovine-ljudima.pdf\"><img decoding=\"async\" width=\"1000\" height=\"1424\" src=\"https:\/\/www.ttcables.com\/wp-content\/uploads\/2022\/05\/policy_5-1.jpg\" alt=\"\" class=\"wp-image-2015\" srcset=\"https:\/\/www.ttcables.com\/wp-content\/uploads\/2022\/05\/policy_5-1.jpg 1000w, https:\/\/www.ttcables.com\/wp-content\/uploads\/2022\/05\/policy_5-1-300x427.jpg 300w, https:\/\/www.ttcables.com\/wp-content\/uploads\/2022\/05\/policy_5-1-800x1139.jpg 800w\" sizes=\"(max-width: 1000px) 100vw, 1000px\" \/><\/a><\/figure>\n\n\n\n<figure class=\"wp-block-image size-full\"><a href=\"https:\/\/www.ttcables.com\/wp-content\/uploads\/2026\/02\/GPOL17-Politika-bioraznolikosti-i-upravljanje-vodom.pdf\"><img decoding=\"async\" width=\"1000\" height=\"1424\" src=\"https:\/\/www.ttcables.com\/wp-content\/uploads\/2026\/01\/Web_page_Biodiversity-and-water-management-policy.jpg\" alt=\"\" class=\"wp-image-4727\" srcset=\"https:\/\/www.ttcables.com\/wp-content\/uploads\/2026\/01\/Web_page_Biodiversity-and-water-management-policy.jpg 1000w, https:\/\/www.ttcables.com\/wp-content\/uploads\/2026\/01\/Web_page_Biodiversity-and-water-management-policy-300x427.jpg 300w, https:\/\/www.ttcables.com\/wp-content\/uploads\/2026\/01\/Web_page_Biodiversity-and-water-management-policy-800x1139.jpg 800w\" sizes=\"(max-width: 1000px) 100vw, 1000px\" \/><\/a><\/figure>\n<\/div>\n<\/div>\n","protected":false},"excerpt":{"rendered":"<p>Na\u0161 je imperativ imati jasne ideje i okvire kao osnovu u na\u0161im nastojanjima da svakvodnevno budemo jo\u0161 bolji. Iz tog<\/p>\n<p><a class=\"read-more\" href=\"https:\/\/www.ttcables.com\/hr\/our-policies\/\">Op\u0161irnije&#8230;<\/a><\/p>\n","protected":false},"author":1,"featured_media":827,"parent":0,"menu_order":0,"comment_status":"closed","ping_status":"closed","template":"","meta":{"_acf_changed":false,"footnotes":""},"class_list":["post-848","page","type-page","status-publish","has-post-thumbnail","hentry"],"acf":[],"_links":{"self":[{"href":"https:\/\/www.ttcables.com\/hr\/wp-json\/wp\/v2\/pages\/848","targetHints":{"allow":["GET"]}}],"collection":[{"href":"https:\/\/www.ttcables.com\/hr\/wp-json\/wp\/v2\/pages"}],"about":[{"href":"https:\/\/www.ttcables.com\/hr\/wp-json\/wp\/v2\/types\/page"}],"author":[{"embeddable":true,"href":"https:\/\/www.ttcables.com\/hr\/wp-json\/wp\/v2\/users\/1"}],"replies":[{"embeddable":true,"href":"https:\/\/www.ttcables.com\/hr\/wp-json\/wp\/v2\/comments?post=848"}],"version-history":[{"count":1,"href":"https:\/\/www.ttcables.com\/hr\/wp-json\/wp\/v2\/pages\/848\/revisions"}],"predecessor-version":[{"id":5078,"href":"https:\/\/www.ttcables.com\/hr\/wp-json\/wp\/v2\/pages\/848\/revisions\/5078"}],"wp:featuredmedia":[{"embeddable":true,"href":"https:\/\/www.ttcables.com\/hr\/wp-json\/wp\/v2\/media\/827"}],"wp:attachment":[{"href":"https:\/\/www.ttcables.com\/hr\/wp-json\/wp\/v2\/media?parent=848"}],"curies":[{"name":"wp","href":"https:\/\/api.w.org\/{rel}","templated":true}]}}