{"id":850,"date":"2022-01-07T18:33:59","date_gmt":"2022-01-07T17:33:59","guid":{"rendered":"https:\/\/www.ttcables.com\/our-certificates\/"},"modified":"2025-11-24T09:16:46","modified_gmt":"2025-11-24T08:16:46","slug":"our-certificates","status":"publish","type":"page","link":"https:\/\/www.ttcables.com\/hr\/our-certificates\/","title":{"rendered":"Na\u0161i certifikati"},"content":{"rendered":"\n<p>Posve\u0107eni smo kontinuiranoj primjeni dokazano najboljih praksi u svemu \u0161to radimo. Na\u0161e odr\u017eavanje ISO certifikata u razli\u010ditim segmentima na\u0161eg poslovanja svjedo\u010di o ovoj predanosti. U nastavku su na\u0161i certifikati:<\/p>\n\n\n\n<div style=\"height:30px\" aria-hidden=\"true\" class=\"wp-block-spacer\"><\/div>\n\n\n\n<div class=\"wp-block-columns is-layout-flex wp-container-core-columns-is-layout-9d6595d7 wp-block-columns-is-layout-flex\">\n<div class=\"wp-block-column is-layout-flow wp-block-column-is-layout-flow\">\n<figure class=\"wp-block-image size-full\"><a href=\"https:\/\/www.ttcables.com\/wp-content\/uploads\/2025\/11\/ISO-9001-hr.pdf\" target=\"_blank\" rel=\"noopener\"><img decoding=\"async\" width=\"1000\" height=\"1424\" src=\"https:\/\/www.ttcables.com\/wp-content\/uploads\/2022\/05\/ISO_1.jpg\" alt=\"\" class=\"wp-image-2029\" srcset=\"https:\/\/www.ttcables.com\/wp-content\/uploads\/2022\/05\/ISO_1.jpg 1000w, https:\/\/www.ttcables.com\/wp-content\/uploads\/2022\/05\/ISO_1-300x427.jpg 300w, https:\/\/www.ttcables.com\/wp-content\/uploads\/2022\/05\/ISO_1-800x1139.jpg 800w\" sizes=\"(max-width: 1000px) 100vw, 1000px\" \/><\/a><\/figure>\n\n\n\n<figure class=\"wp-block-image size-full\"><a href=\"https:\/\/www.ttcables.com\/wp-content\/uploads\/2025\/07\/ISO-27001_2022_ENG.pdf\"><img decoding=\"async\" width=\"1000\" height=\"1424\" src=\"https:\/\/www.ttcables.com\/wp-content\/uploads\/2025\/07\/iso_27001_certificates.jpg\" alt=\"\" class=\"wp-image-4470\" srcset=\"https:\/\/www.ttcables.com\/wp-content\/uploads\/2025\/07\/iso_27001_certificates.jpg 1000w, https:\/\/www.ttcables.com\/wp-content\/uploads\/2025\/07\/iso_27001_certificates-300x427.jpg 300w, https:\/\/www.ttcables.com\/wp-content\/uploads\/2025\/07\/iso_27001_certificates-800x1139.jpg 800w\" sizes=\"(max-width: 1000px) 100vw, 1000px\" \/><\/a><\/figure>\n<\/div>\n\n\n\n<div class=\"wp-block-column is-layout-flow wp-block-column-is-layout-flow\">\n<figure class=\"wp-block-image size-full\"><a href=\"https:\/\/www.ttcables.com\/wp-content\/uploads\/2023\/11\/certifikat-ISO-14001-2015-hr.pdf\" target=\"_blank\" rel=\"noopener\"><img decoding=\"async\" width=\"1000\" height=\"1424\" src=\"https:\/\/www.ttcables.com\/wp-content\/uploads\/2022\/05\/iso_2.jpg\" alt=\"\" class=\"wp-image-2031\" srcset=\"https:\/\/www.ttcables.com\/wp-content\/uploads\/2022\/05\/iso_2.jpg 1000w, https:\/\/www.ttcables.com\/wp-content\/uploads\/2022\/05\/iso_2-300x427.jpg 300w, https:\/\/www.ttcables.com\/wp-content\/uploads\/2022\/05\/iso_2-800x1139.jpg 800w\" sizes=\"(max-width: 1000px) 100vw, 1000px\" \/><\/a><\/figure>\n<\/div>\n\n\n\n<div class=\"wp-block-column is-layout-flow wp-block-column-is-layout-flow\">\n<figure class=\"wp-block-image size-full\"><a href=\"https:\/\/www.ttcables.com\/wp-content\/uploads\/2025\/07\/hrv-1083839514_certificate.pdf\"><img decoding=\"async\" width=\"1000\" height=\"1424\" src=\"https:\/\/www.ttcables.com\/wp-content\/uploads\/2022\/07\/iso_3.jpg\" alt=\"\" class=\"wp-image-2316\" srcset=\"https:\/\/www.ttcables.com\/wp-content\/uploads\/2022\/07\/iso_3.jpg 1000w, https:\/\/www.ttcables.com\/wp-content\/uploads\/2022\/07\/iso_3-300x427.jpg 300w, https:\/\/www.ttcables.com\/wp-content\/uploads\/2022\/07\/iso_3-800x1139.jpg 800w\" sizes=\"(max-width: 1000px) 100vw, 1000px\" \/><\/a><\/figure>\n<\/div>\n\n\n\n<div class=\"wp-block-column is-layout-flow wp-block-column-is-layout-flow\">\n<figure class=\"wp-block-image size-full\"><a href=\"https:\/\/www.ttcables.com\/wp-content\/uploads\/2024\/10\/ISO-50001_2018-hrv.pdf\" target=\"_blank\" rel=\"noopener\"><img decoding=\"async\" width=\"1000\" height=\"1424\" src=\"https:\/\/www.ttcables.com\/wp-content\/uploads\/2022\/05\/iso_4.jpg\" alt=\"\" class=\"wp-image-2035\" srcset=\"https:\/\/www.ttcables.com\/wp-content\/uploads\/2022\/05\/iso_4.jpg 1000w, https:\/\/www.ttcables.com\/wp-content\/uploads\/2022\/05\/iso_4-300x427.jpg 300w, https:\/\/www.ttcables.com\/wp-content\/uploads\/2022\/05\/iso_4-800x1139.jpg 800w\" sizes=\"(max-width: 1000px) 100vw, 1000px\" \/><\/a><\/figure>\n<\/div>\n<\/div>\n\n\n\n<div style=\"height:20px\" aria-hidden=\"true\" class=\"wp-block-spacer\"><\/div>\n","protected":false},"excerpt":{"rendered":"<p>Posve\u0107eni smo kontinuiranoj primjeni dokazano najboljih praksi u svemu \u0161to radimo. Na\u0161e odr\u017eavanje ISO certifikata u razli\u010ditim segmentima na\u0161eg poslovanja<\/p>\n<p><a class=\"read-more\" href=\"https:\/\/www.ttcables.com\/hr\/our-certificates\/\">Op\u0161irnije&#8230;<\/a><\/p>\n","protected":false},"author":1,"featured_media":813,"parent":0,"menu_order":0,"comment_status":"closed","ping_status":"closed","template":"","meta":{"_acf_changed":false,"footnotes":""},"class_list":["post-850","page","type-page","status-publish","has-post-thumbnail","hentry"],"acf":[],"_links":{"self":[{"href":"https:\/\/www.ttcables.com\/hr\/wp-json\/wp\/v2\/pages\/850","targetHints":{"allow":["GET"]}}],"collection":[{"href":"https:\/\/www.ttcables.com\/hr\/wp-json\/wp\/v2\/pages"}],"about":[{"href":"https:\/\/www.ttcables.com\/hr\/wp-json\/wp\/v2\/types\/page"}],"author":[{"embeddable":true,"href":"https:\/\/www.ttcables.com\/hr\/wp-json\/wp\/v2\/users\/1"}],"replies":[{"embeddable":true,"href":"https:\/\/www.ttcables.com\/hr\/wp-json\/wp\/v2\/comments?post=850"}],"version-history":[{"count":0,"href":"https:\/\/www.ttcables.com\/hr\/wp-json\/wp\/v2\/pages\/850\/revisions"}],"wp:featuredmedia":[{"embeddable":true,"href":"https:\/\/www.ttcables.com\/hr\/wp-json\/wp\/v2\/media\/813"}],"wp:attachment":[{"href":"https:\/\/www.ttcables.com\/hr\/wp-json\/wp\/v2\/media?parent=850"}],"curies":[{"name":"wp","href":"https:\/\/api.w.org\/{rel}","templated":true}]}}