{"id":856,"date":"2022-01-07T18:49:55","date_gmt":"2022-01-07T17:49:55","guid":{"rendered":"https:\/\/www.ttcables.com\/sustainability\/"},"modified":"2025-05-26T13:43:07","modified_gmt":"2025-05-26T11:43:07","slug":"sustainability","status":"publish","type":"page","link":"https:\/\/www.ttcables.com\/hr\/sustainability\/","title":{"rendered":"Odr\u017eivost"},"content":{"rendered":"\n<h2 class=\"wp-block-heading\">Posve\u0107eni smo na\u010delima odr\u017eivosti<\/h2>\n\n\n\n<p>Neprestano radimo na smanjenju uglji\u010dnog otiska kako bismo nara\u0161tajima koji dolaze ostavili \u010di\u0161\u0107i svijet. Trajno smo predani smanjenju otpada u\u010dinkovitijim proizvodnim procesom uz kontinuirano podizanje svijesti na\u0161ih zaposlenika o va\u017enosti zelenog ciklusa.<\/p>\n\n\n<div class=\"wp-block-image\">\n<figure class=\"alignleft size-full is-resized\"><img decoding=\"async\" width=\"1671\" height=\"900\" src=\"https:\/\/www.ttcables.com\/wp-content\/uploads\/2022\/04\/sustainability_iso.jpg\" alt=\"\" class=\"wp-image-958\" style=\"width:413px;height:222px\" srcset=\"https:\/\/www.ttcables.com\/wp-content\/uploads\/2022\/04\/sustainability_iso.jpg 1671w, https:\/\/www.ttcables.com\/wp-content\/uploads\/2022\/04\/sustainability_iso-300x162.jpg 300w, https:\/\/www.ttcables.com\/wp-content\/uploads\/2022\/04\/sustainability_iso-1536x827.jpg 1536w, https:\/\/www.ttcables.com\/wp-content\/uploads\/2022\/04\/sustainability_iso-800x431.jpg 800w\" sizes=\"(max-width: 1671px) 100vw, 1671px\" \/><\/figure>\n<\/div>\n\n\n<p>Po\u0161tujemo sve propise za zrak, vodu i struju u zajednici u kojoj poslujemo i ve\u0107 godinama ponosno odr\u017eavamo <strong>ISO 14001 certifikat za upravljanje okoli\u0161em<\/strong>. U suradnji s lokalnim partnerima u potpunosti recikliramo ve\u0107inu otpadnih materijala koji proizlaze iz na\u0161ih poslovnih procesa uklju\u010duju\u0107i bakar, aluminij, PVC, proizvode od papira i najlon.<\/p>\n\n\n\n<p>Na\u0161i izvori energije tako\u0111er su iz obnovljivih izvora \u2013 hidroenergije, a u bliskoj budu\u0107nosti planiramo izgraditi solarnu elektranu za vlastite potrebe.<\/p>\n\n\n\n<p>Na\u0161a stalna te\u017enja prema digitalizaciji poslovnih procesa tako\u0111er \u0107e zna\u010dajno utjecati na na\u0161 put prema niskouglji\u010dnoj budu\u0107nosti.<\/p>\n\n\n\n<div style=\"height:82px\" aria-hidden=\"true\" class=\"wp-block-spacer\"><\/div>\n\n\n\n<h2 class=\"wp-block-heading\" id=\"windenergy\">Energija vjetra<\/h2>\n\n\n\n<p>Proizvodnja obnovljive energije u cijelom svijetu je od iznimne va\u017enosti zbog klimatskih promjena. Kori\u0161tenje energije vjetra doprinosi smanjenju uglji\u010dnog dioksida u proizvodnji energije, a ujedno i \u0161tedi prirodne resurse i postupno postizanje uglji\u010dno neutralne budu\u0107nosti.<\/p>\n\n\n<div class=\"wp-block-image\">\n<figure class=\"alignright size-full is-resized\"><img decoding=\"async\" width=\"1671\" height=\"900\" src=\"https:\/\/www.ttcables.com\/wp-content\/uploads\/2022\/04\/wind2.jpg\" alt=\"\" class=\"wp-image-947\" style=\"width:419px;height:225px\" srcset=\"https:\/\/www.ttcables.com\/wp-content\/uploads\/2022\/04\/wind2.jpg 1671w, https:\/\/www.ttcables.com\/wp-content\/uploads\/2022\/04\/wind2-300x162.jpg 300w, https:\/\/www.ttcables.com\/wp-content\/uploads\/2022\/04\/wind2-1536x827.jpg 1536w, https:\/\/www.ttcables.com\/wp-content\/uploads\/2022\/04\/wind2-800x431.jpg 800w\" sizes=\"(max-width: 1671px) 100vw, 1671px\" \/><\/figure>\n<\/div>\n\n\n<p>Vjetroelektrane se \u010desto nalaze u podru\u010djima s vrlo zahtjevnim vremenskim uvjetima. Radi toga materijali kabela moraju biti posebno izdr\u017eljivi. Oprema i komponente vjetroelektrana moraju biti otporne na velike temperaturne promjene, vlagu i UV zra\u010denje. <\/p>\n\n\n\n<p>TT Kabeli postavljaju visoke standarde za kakvo\u0107u i svojstva kabela koji se koriste u vjetroelektranama.<\/p>\n\n\n\n<p>Koristimo najbolje sirovine i visokokvalitetne proizvode koji su vrlo va\u017eni za dugotrajnost, sigurnost i pouzdanost u radu.<\/p>\n\n\n\n<div style=\"height:82px\" aria-hidden=\"true\" class=\"wp-block-spacer\"><\/div>\n\n\n\n<h2 class=\"wp-block-heading\" id=\"solarpower\">Solarna energija<\/h2>\n\n\n\n<p>\u010cinjenica je da je proizvodnja obnovljive energije u cijelom svijetu od iznimne va\u017enosti zbog klimatskih promjena. Zemljina povr\u0161ina u manje od dva sata primi vi\u0161e sun\u010deve energije nego \u0161to je cijelo stanovni\u0161tvo planeta potro\u0161i u godinu dana. Stoga, kori\u0161tenje solarne energije doprinosi smanjenju uglji\u010dnog dioksida u proizvodnji energije, a ujedno i \u0161tedi prirodne resurse.<\/p>\n\n\n<div class=\"wp-block-image\">\n<figure class=\"alignleft size-full is-resized\"><img decoding=\"async\" width=\"1671\" height=\"900\" src=\"https:\/\/www.ttcables.com\/wp-content\/uploads\/2022\/04\/solar.jpg\" alt=\"\" class=\"wp-image-955\" style=\"width:362px;height:195px\" srcset=\"https:\/\/www.ttcables.com\/wp-content\/uploads\/2022\/04\/solar.jpg 1671w, https:\/\/www.ttcables.com\/wp-content\/uploads\/2022\/04\/solar-300x162.jpg 300w, https:\/\/www.ttcables.com\/wp-content\/uploads\/2022\/04\/solar-1536x827.jpg 1536w, https:\/\/www.ttcables.com\/wp-content\/uploads\/2022\/04\/solar-800x431.jpg 800w\" sizes=\"(max-width: 1671px) 100vw, 1671px\" \/><\/figure>\n<\/div>\n\n\n<p>Izgradnja solarnih elektrana postaje klju\u010dni element u postupku proizvodnje obnovljive energije.<\/p>\n\n\n\n<p>Kabeli koji se koriste u solarnim elektranama su izlo\u017eeni visokim temperaturnim promjenama i UV zra\u010denju. Radi toga materijali kabela moraju biti posebno izdr\u017eljivi.<\/p>\n\n\n\n<p>Proizvodi TT kabela uklju\u010duju odgovaraju\u0107e bezhalogene, srednjenaponske i energetske kabele za solarne elektrane. U proizvodnji TT kabela koriste se najbolje sirovine, te visoko kvalitetni proizvodi koji su vrlo bitni u dugotrajnosti, pouzdanosti i sigurnosti.<\/p>\n\n\n\n<div style=\"height:100px\" aria-hidden=\"true\" class=\"wp-block-spacer\"><\/div>\n\n\n\n<h2 class=\"wp-block-heading\" id=\"solarpower\">Mjerenje uglji\u010dnog otiska<\/h2>\n\n\n\n<p>Put prema uglji\u010dnoj neutralnosti jedna je od mnogih odr\u017eivih inicijativa na kojima konstantno radimo. Na\u0161 prvi izra\u010dun za emisiju stakleni\u010dkih plinova bio je za 2021. godinu (bazna godina) te smo tada izradili strategiju i akcijski plan za njihovo smanjenje. U procesu izra\u010duna kori\u0161tene su dvije me\u0111unarodno prihva\u0107ene metode za poslovne subjekte kori\u0161tenjem GHG protokola i ISO 14064. GHG protokol za poslovne subjekte definira tri opsega, dok standard ISO 14064-1:2018 definira \u0161est kategorija emisija\/uklanjanja stakleni\u010dkih plinova.<\/p>\n\n\n<div class=\"wp-block-image\">\n<figure class=\"alignright is-resized\"><a href=\"https:\/\/www.ttcables.com\/wp-content\/uploads\/2023\/06\/carbon_footprint.jpg\"><img decoding=\"async\" width=\"1123\" height=\"605\" src=\"https:\/\/www.ttcables.com\/wp-content\/uploads\/2023\/06\/carbon_footprint.jpg\" alt=\"\" class=\"wp-image-2904\" style=\"width:418px;height:225px\" srcset=\"https:\/\/www.ttcables.com\/wp-content\/uploads\/2023\/06\/carbon_footprint.jpg 1123w, https:\/\/www.ttcables.com\/wp-content\/uploads\/2023\/06\/carbon_footprint-300x162.jpg 300w, https:\/\/www.ttcables.com\/wp-content\/uploads\/2023\/06\/carbon_footprint-800x431.jpg 800w\" sizes=\"(max-width: 1123px) 100vw, 1123px\" \/><\/a><\/figure>\n<\/div>\n\n\n<p>Nakon analize bazne godine, postavili smo ciljeve relativnog smanjenja emisija od 5% po toni proizvoda\/po zaposleniku do 2027. godine (tj. za srednje, petogodi\u0161nje razdoblje) u usporedbi s baznom godinom 2021. Dugoro\u010dno, cilj nam je postizanje nulte emisije ugljika do 2050. godine. Mjerenja provodimo svake godine kako bismo pratili napredak.<\/p>\n\n\n\n<p>Na linku:<a href=\"https:\/\/www.ttcables.com\/wp-content\/uploads\/2023\/06\/TT-kabeli-d.o.o.-Sazetak-misljenja-verifikatora-12042023-BIH_sgn.pdf\">&nbsp;<strong>SA\u017dETAK MI\u0160LJENJA VERIFIKATORA<\/strong><\/a> za 2023.godinu<\/p>\n\n\n\n<div style=\"height:100px\" aria-hidden=\"true\" class=\"wp-block-spacer\"><\/div>\n\n\n\n<h2 class=\"wp-block-heading\">EcoVadis &#8211; bron\u010dana medalja za ocjenu odr\u017eivog poslovanja<\/h2>\n\n\n\n<p>Mi u TT Kabelima uvijek te\u017eimo implementaciji odr\u017eivih standarda u svim aspektima na\u0161eg poslovanja. Kako bismo kontinuirano pobolj\u0161avali na\u0161u izvedbu dok pokazujemo pozitivne rezultate na\u0161im klijentima i partnerima, anga\u017eirali smo&nbsp;<strong>EcoVadis&nbsp;<\/strong>kako bi prvi put ocijenili na\u0161u tvrtku i sa zadovoljstvom objavljujemo da smo dobili&nbsp;<strong>bron\u010danu medalju.<\/strong> <\/p>\n\n\n<div class=\"wp-block-image\">\n<figure class=\"alignleft size-full is-resized\"><a href=\"https:\/\/www.ttcables.com\/wp-content\/uploads\/2024\/03\/evo_vadis_web.jpg\"><img decoding=\"async\" width=\"900\" height=\"600\" src=\"https:\/\/www.ttcables.com\/wp-content\/uploads\/2024\/03\/evo_vadis_web.jpg\" alt=\"\" class=\"wp-image-3333\" style=\"object-fit:cover;width:461px;height:307px\" srcset=\"https:\/\/www.ttcables.com\/wp-content\/uploads\/2024\/03\/evo_vadis_web.jpg 900w, https:\/\/www.ttcables.com\/wp-content\/uploads\/2024\/03\/evo_vadis_web-300x200.jpg 300w, https:\/\/www.ttcables.com\/wp-content\/uploads\/2024\/03\/evo_vadis_web-800x533.jpg 800w\" sizes=\"(max-width: 900px) 100vw, 900px\" \/><\/a><\/figure>\n<\/div>\n\n\n<p>Od osnivanja 2007. godine, EcoVadis je postao najve\u0107i i najpouzdaniji pru\u017eatelj ocjena o odr\u017eivosti poslovanja, pokrivaju\u0107i sljede\u0107e teme: okoli\u0161, rad i ljudska prava, etika i odr\u017eiva nabava, stvaraju\u0107i globalnu mre\u017eu od preko 125,000 ocijenjenih tvrtki.<\/p>\n\n\n\n<p>Ponosni smo \u0161to smo me\u0111u top 35% tvrtki koje je EcoVadis ocijenio tijekom proteklih 12 mjeseci, kao i me\u0111u top 16% tvrtki u na\u0161oj kategoriji (proizvodnja kabela i kabelskih ure\u0111aja).<\/p>\n\n\n\n<p>Ova medalja rezultat je razli\u010ditih inicijativa koje smo poduzeli i koje trenutno razvijamo \u2013 uklju\u010duju\u0107i dekarbonizaciju, kori\u0161tenje zelene energije, proizvodnju kabela za obnovljive izvore energije, primjenu na\u010dela zelenih kemikalija u na\u0161em proizvodnom procesu, suradnju s pa\u017eljivo odabranim odr\u017eivim dobavlja\u010dima i mnoge druge. Sve ove inicijative ostvarene su uz veliki naglasak na sigurnost i zadovoljstvo na\u0161ih zaposlenika.<\/p>\n\n\n\n<div style=\"height:100px\" aria-hidden=\"true\" class=\"wp-block-spacer\"><\/div>\n\n\n\n<h2 class=\"wp-block-heading\">Izvje\u0161\u0107e o odr\u017eivosti za 2023. godinu<\/h2>\n\n\n<div class=\"wp-block-image\">\n<figure class=\"alignright size-full is-resized\"><a href=\"https:\/\/www.ttcables.com\/wp-content\/uploads\/2024\/05\/TT_CABLES_ESG_REPORT_2023.pdf\"><img decoding=\"async\" width=\"1810\" height=\"2560\" src=\"https:\/\/www.ttcables.com\/wp-content\/uploads\/2024\/05\/ESG_2023-scaled.jpg\" alt=\"\" class=\"wp-image-3601\" style=\"width:300px\" srcset=\"https:\/\/www.ttcables.com\/wp-content\/uploads\/2024\/05\/ESG_2023-scaled.jpg 1810w, https:\/\/www.ttcables.com\/wp-content\/uploads\/2024\/05\/ESG_2023-300x424.jpg 300w, https:\/\/www.ttcables.com\/wp-content\/uploads\/2024\/05\/ESG_2023-1086x1536.jpg 1086w, https:\/\/www.ttcables.com\/wp-content\/uploads\/2024\/05\/ESG_2023-1448x2048.jpg 1448w, https:\/\/www.ttcables.com\/wp-content\/uploads\/2024\/05\/ESG_2023-800x1132.jpg 800w\" sizes=\"(max-width: 1810px) 100vw, 1810px\" \/><\/a><\/figure>\n<\/div>\n\n\n<p>Mi u TT Kabelima uvijek poku\u0161avamo nadma\u0161iti o\u010dekivanja i zato drugu godinu zaredom objavljujemo na\u0161 ESG izvje\u0161taj. &nbsp;Ovaj izvje\u0161taj, koji smo napravili me\u0111u prvima u dr\u017eavi, detaljno opisuje na\u0161e poslovanje i odraz je transparentnosti na\u0161ih rezultata i odgovornosti prema na\u0161im kupcima, partnerima i zaposlenicima.<\/p>\n\n\n\n<p>Cijeli ESG izvje\u0161taj za <strong>2022. godinu<\/strong> mo\u017eete pro\u010ditati <strong><a href=\"https:\/\/www.ttcables.com\/wp-content\/uploads\/2023\/09\/ESG_REPORT_2022.pdf\">OVDJE.  <\/a><\/strong><\/p>\n\n\n\n<p>U na\u0161em drugom ESG izvje\u0161taju opisane su na sve akcije koje smo poduzeli da bi svijet ostavili \u010di\u0161\u0107i generacijama koje dolaze, sve inicijative vezane za zastupanje na\u0161ih ljudi i zajednice, kao i podr\u017eavanje integriteta u svakom aspektu na\u0161eg poslovanja. Ovaj izvje\u0161taj slu\u017ei, ne samo kupcima i partnerima da budu upu\u0107eni u na\u0161e poslovanje, nego i nama osobno, kako bismo ga idu\u0107e godine nadma\u0161ili i postavili jo\u0161 bolje rezultate.<\/p>\n\n\n\n<p>Cijeli izvje\u0161taj mo\u017eete pro\u010ditati&nbsp;<strong><a href=\"https:\/\/www.ttcables.com\/wp-content\/uploads\/2024\/06\/TT_CABLES_ESG_REPORT2_2023.pdf\">OVDJE.<\/a><\/strong><\/p>\n\n\n\n<div style=\"height:100px\" aria-hidden=\"true\" class=\"wp-block-spacer\"><\/div>\n\n\n\n<h2 class=\"wp-block-heading\">EcoVadis &#8211; Korak dalje u odr\u017eivosti: Srebrena medalja<br><\/h2>\n\n\n<div class=\"wp-block-image\">\n<figure class=\"alignright size-full is-resized\"><img decoding=\"async\" width=\"900\" height=\"600\" src=\"https:\/\/www.ttcables.com\/wp-content\/uploads\/2025\/04\/EcoVadis_2025_web_news.jpg\" alt=\"\" class=\"wp-image-4209\" style=\"width:461px\" srcset=\"https:\/\/www.ttcables.com\/wp-content\/uploads\/2025\/04\/EcoVadis_2025_web_news.jpg 900w, https:\/\/www.ttcables.com\/wp-content\/uploads\/2025\/04\/EcoVadis_2025_web_news-300x200.jpg 300w, https:\/\/www.ttcables.com\/wp-content\/uploads\/2025\/04\/EcoVadis_2025_web_news-800x533.jpg 800w\" sizes=\"(max-width: 900px) 100vw, 900px\" \/><\/figure>\n<\/div>\n\n\n<p>Nakon pro\u0161logodi\u0161nje bron\u010dane medalje, s ponosom objavljujemo da smo u 2025. godini osvojili srebrnu medalju EcoVadisa, svrstavaju\u0107i se me\u0111u \ud835\ude01\ud835\uddfc\ud835\uddfd \ud835\udfed\ud835\udff1% \ud835\uddfd\ud835\uddff\ud835\uddfc\ud835\uddf0\ud835\uddf6\ud835\uddf7\ud835\uddf2\ud835\uddfb\ud835\uddf7\ud835\uddf2\ud835\uddfb\ud835\uddf6\ud835\uddf5 \ud835\uddfd\ud835\uddfc\ud835\uddf1\ud835\ude02\ud835\ude07\ud835\uddf2\ud835\uddf0\u0301\ud835\uddee u svijetu prema pokazateljima odr\u017eivosti. Odr\u017eivost ostaje temelj na\u0161eg rasta i razvoja \u2013 kako u kratkoro\u010dnom, tako i u dugoro\u010dnom planiranju. <\/p>\n\n\n\n<p>Danas dodatno potvr\u0111ujemo tu posve\u0107enost. S dvije tvornice (BiH i Sjeverna Makedonija) i tre\u0107om u izgradnji (Hrvatska), ovo priznanje potvr\u0111uje da se kre\u0107emo u pravom smjeru.<\/p>\n\n\n\n<div style=\"height:100px\" aria-hidden=\"true\" class=\"wp-block-spacer\"><\/div>\n\n\n\n<h2 class=\"wp-block-heading\">Izvje\u0161\u0107e o odr\u017eivosti za 2024. godinu<br><\/h2>\n\n\n\n<p>Usvajanje stava da je samo odr\u017eivo poslovanje uistinu uspje\u0161no poslovanje, zahtijevalo je vrijeme, ali danas s ponosom mo\u017eemo re\u0107i da je to dio svega \u0161to radimo.<\/p>\n\n\n<div class=\"wp-block-image\">\n<figure class=\"alignright size-full is-resized\"><img decoding=\"async\" width=\"900\" height=\"600\" src=\"https:\/\/www.ttcables.com\/wp-content\/uploads\/2025\/05\/web_news.jpg\" alt=\"\" class=\"wp-image-4237\" style=\"width:461px\" srcset=\"https:\/\/www.ttcables.com\/wp-content\/uploads\/2025\/05\/web_news.jpg 900w, https:\/\/www.ttcables.com\/wp-content\/uploads\/2025\/05\/web_news-300x200.jpg 300w, https:\/\/www.ttcables.com\/wp-content\/uploads\/2025\/05\/web_news-800x533.jpg 800w\" sizes=\"(max-width: 900px) 100vw, 900px\" \/><\/figure>\n<\/div>\n\n\n<p>Bilo je to \u2014 i jo\u0161 uvijek jest \u2014 jedno va\u017eno putovanje. No s objavom na\u0161eg tre\u0107eg Izvje\u0161\u0107a o odr\u017eivosti ponosno pokazujemo da ESG vi\u0161e nije ne\u0161to \u0161to radimo usput. Danas je on sastavni dio na\u010dina na koji inoviramo, poslujemo, biramo partnere i rastemo zajedno s njima.<\/p>\n\n\n\n<p>Pogledajte na\u0161e Izvje\u0161\u0107e o odr\u017eivosti za 2024. godinu<a href=\"https:\/\/www.ttcables.com\/wp-content\/uploads\/2025\/05\/TT_CABLES_ESG_2024-2.pdf\"><strong>&nbsp;ovdje<\/strong><\/a>.<\/p>\n","protected":false},"excerpt":{"rendered":"<p>Posve\u0107eni smo na\u010delima odr\u017eivosti Neprestano radimo na smanjenju uglji\u010dnog otiska kako bismo nara\u0161tajima koji dolaze ostavili \u010di\u0161\u0107i svijet. Trajno smo<\/p>\n<p><a class=\"read-more\" href=\"https:\/\/www.ttcables.com\/hr\/sustainability\/\">Op\u0161irnije&#8230;<\/a><\/p>\n","protected":false},"author":1,"featured_media":819,"parent":0,"menu_order":0,"comment_status":"closed","ping_status":"closed","template":"","meta":{"_acf_changed":false,"footnotes":""},"class_list":["post-856","page","type-page","status-publish","has-post-thumbnail","hentry"],"acf":[],"_links":{"self":[{"href":"https:\/\/www.ttcables.com\/hr\/wp-json\/wp\/v2\/pages\/856","targetHints":{"allow":["GET"]}}],"collection":[{"href":"https:\/\/www.ttcables.com\/hr\/wp-json\/wp\/v2\/pages"}],"about":[{"href":"https:\/\/www.ttcables.com\/hr\/wp-json\/wp\/v2\/types\/page"}],"author":[{"embeddable":true,"href":"https:\/\/www.ttcables.com\/hr\/wp-json\/wp\/v2\/users\/1"}],"replies":[{"embeddable":true,"href":"https:\/\/www.ttcables.com\/hr\/wp-json\/wp\/v2\/comments?post=856"}],"version-history":[{"count":0,"href":"https:\/\/www.ttcables.com\/hr\/wp-json\/wp\/v2\/pages\/856\/revisions"}],"wp:featuredmedia":[{"embeddable":true,"href":"https:\/\/www.ttcables.com\/hr\/wp-json\/wp\/v2\/media\/819"}],"wp:attachment":[{"href":"https:\/\/www.ttcables.com\/hr\/wp-json\/wp\/v2\/media?parent=856"}],"curies":[{"name":"wp","href":"https:\/\/api.w.org\/{rel}","templated":true}]}}