{"id":871,"date":"2021-11-15T22:01:32","date_gmt":"2021-11-15T21:01:32","guid":{"rendered":"https:\/\/www.ttcables.com\/contact\/"},"modified":"2026-04-08T14:54:52","modified_gmt":"2026-04-08T12:54:52","slug":"kontakt","status":"publish","type":"page","link":"https:\/\/www.ttcables.com\/hr\/kontakt\/","title":{"rendered":"Kontakt"},"content":{"rendered":"\n<h2 class=\"wp-block-heading\"><strong>K<\/strong>ontakt web forma<\/h2>\n\n\n\n<div style=\"height:10px\" aria-hidden=\"true\" class=\"wp-block-spacer\"><\/div>\n\n\n\n<div class=\"wpcf7 no-js\" id=\"wpcf7-f11-o1\" lang=\"hr\" dir=\"ltr\" data-wpcf7-id=\"11\">\n<div class=\"screen-reader-response\"><p role=\"status\" aria-live=\"polite\" aria-atomic=\"true\"><\/p> <ul><\/ul><\/div>\n<form action=\"\/hr\/wp-json\/wp\/v2\/pages\/871#wpcf7-f11-o1\" method=\"post\" class=\"wpcf7-form init\" aria-label=\"Kontakt obrazac\" novalidate=\"novalidate\" data-status=\"init\">\n<fieldset class=\"hidden-fields-container\"><input type=\"hidden\" name=\"_wpcf7\" value=\"11\" \/><input type=\"hidden\" name=\"_wpcf7_version\" value=\"6.1.5\" \/><input type=\"hidden\" name=\"_wpcf7_locale\" value=\"hr\" \/><input type=\"hidden\" name=\"_wpcf7_unit_tag\" value=\"wpcf7-f11-o1\" \/><input type=\"hidden\" name=\"_wpcf7_container_post\" value=\"0\" \/><input type=\"hidden\" name=\"_wpcf7_posted_data_hash\" value=\"\" \/><input type=\"hidden\" name=\"_wpcf7_recaptcha_response\" value=\"\" \/>\n<\/fieldset>\n<p><span class=\"wpcf7-form-control-wrap\" data-name=\"your-name\"><input size=\"40\" maxlength=\"400\" class=\"wpcf7-form-control wpcf7-text wpcf7-validates-as-required\" aria-required=\"true\" aria-invalid=\"false\" placeholder=\"Ime i prezime *\" value=\"\" type=\"text\" name=\"your-name\" \/><\/span>\n<\/p>\n<p><span class=\"wpcf7-form-control-wrap\" data-name=\"your-email\"><input size=\"40\" maxlength=\"400\" class=\"wpcf7-form-control wpcf7-email wpcf7-validates-as-required wpcf7-text wpcf7-validates-as-email\" aria-required=\"true\" aria-invalid=\"false\" placeholder=\"E-mail *\" value=\"\" type=\"email\" name=\"your-email\" \/><\/span>\n<\/p>\n<p><span class=\"wpcf7-form-control-wrap\" data-name=\"your-phone\"><input size=\"40\" maxlength=\"400\" class=\"wpcf7-form-control wpcf7-text wpcf7-validates-as-required\" aria-required=\"true\" aria-invalid=\"false\" placeholder=\"Telefon \/ mobitel *\" value=\"\" type=\"text\" name=\"your-phone\" \/><\/span>\n<\/p>\n<p><span class=\"wpcf7-form-control-wrap\" data-name=\"your-company\"><input size=\"40\" maxlength=\"400\" class=\"wpcf7-form-control wpcf7-text\" aria-invalid=\"false\" placeholder=\"Naziv tvrtke\" value=\"\" type=\"text\" name=\"your-company\" \/><\/span>\n<\/p>\n<p><span class=\"wpcf7-form-control-wrap\" data-name=\"your-country\"><input size=\"40\" maxlength=\"400\" class=\"wpcf7-form-control wpcf7-text\" aria-invalid=\"false\" placeholder=\"Dr\u017eava\" value=\"\" type=\"text\" name=\"your-country\" \/><\/span>\n<\/p>\n<p><span class=\"wpcf7-form-control-wrap\" data-name=\"your-message\"><textarea cols=\"40\" rows=\"10\" maxlength=\"2000\" class=\"wpcf7-form-control wpcf7-textarea\" aria-invalid=\"false\" placeholder=\"Poruka \/ upit\" name=\"your-message\"><\/textarea><\/span>\n<\/p>\n<p>Obavezno ispunite polja ozna\u010dena sa (*)\n<\/p>\n<p style=\"margin-top: 30px;\"><input class=\"wpcf7-form-control wpcf7-submit has-spinner\" type=\"submit\" value=\"Po\u0161alji poruku...\" \/>\n<\/p><div class=\"wpcf7-response-output\" aria-hidden=\"true\"><\/div>\n<\/form>\n<\/div>\n\n\n\n\n<div style=\"height:60px\" aria-hidden=\"true\" class=\"wp-block-spacer\"><\/div>\n\n\n\n<h2 class=\"wp-block-heading\"><strong>TT Kabeli d.o.o. (Sjedi\u0161te)<\/strong><\/h2>\n\n\n\n<p>Kne\u0161polje bb, \u0160iroki Brijeg Bosna i Hercegovina <br>T: +387 39 702 110<br>F: +387 39 702 111<br>E: <a href=\"mailto:info@ttcables.com\" data-type=\"mailto\" data-id=\"mailto:info@ttcables.com\">info@ttcables.com<\/a><\/p>\n\n\n\n<div style=\"height:30px\" aria-hidden=\"true\" class=\"wp-block-spacer\"><\/div>\n\n\n\n<div class=\"wp-block-columns is-layout-flex wp-container-core-columns-is-layout-9d6595d7 wp-block-columns-is-layout-flex\">\n<div class=\"wp-block-column is-layout-flow wp-block-column-is-layout-flow\">\n<h2 class=\"wp-block-heading\"><strong>TT Cables Nordic UAB Lithuania<\/strong><\/h2>\n\n\n\n<p>Veiveriu g. 134, LT 46352 Kaunas <br>M: +370 686 78396 <br>E: <a href=\"mailto:nordic@ttcables.com\">nordic@ttcables.com<\/a><\/p>\n<\/div>\n\n\n\n<div class=\"wp-block-column is-layout-flow wp-block-column-is-layout-flow\">\n<h2 class=\"wp-block-heading\"><strong>TT Cables GmbH Austria<\/strong><\/h2>\n\n\n\n<p>Leopold-Ungar-Platz 2, Etage 1, Stiege 2, Spaces Square One, Wien<br>E: <a href=\"mailto:info-at@ttcables.com\" data-type=\"mailto\" data-id=\"mailto:info-at@ttcables.com\">info-at@ttcables.com<\/a><\/p>\n<\/div>\n\n\n\n<div class=\"wp-block-column is-layout-flow wp-block-column-is-layout-flow\">\n<h2 class=\"wp-block-heading\"><strong>Cabex Cables BH d.o.o.<\/strong><\/h2>\n\n\n\n<p>Kne\u0161polje bb, \u0160iroki Brijeg, Bosnia and Herzegovina<br>T: +387 63 391 489<br>E: &nbsp;<a href=\"mailto:info@cabex-cables.com\">info@cabex-cables.com<\/a><\/p>\n<\/div>\n<\/div>\n\n\n\n<div class=\"wp-block-columns is-layout-flex wp-container-core-columns-is-layout-9d6595d7 wp-block-columns-is-layout-flex\">\n<div class=\"wp-block-column is-layout-flow wp-block-column-is-layout-flow\">\n<h2 class=\"wp-block-heading\"><strong>TT Kabeli d.o.o. Hrvatska<\/strong><\/h2>\n\n\n\n<p>Stubi\u010dka ulica 4,<br>HR-49222 Poznanovec, Hrvatska <br>E: <a href=\"mailto:info-hr@ttcables.com\" data-type=\"mailto\" data-id=\"mailto:info-hr@ttcables.com\">info-hr@ttcables.com<\/a><\/p>\n\n\n\n<div style=\"height:98px\" aria-hidden=\"true\" class=\"wp-block-spacer\"><\/div>\n\n\n\n<h2 class=\"wp-block-heading\"><strong>TT Kabeli Sjeverna Makedonija<\/strong><\/h2>\n\n\n\n<p>Ul. Jane Sandanski no. 13\/1-3, 1440<br>Negotino, North Macedonia<br>E:&nbsp;<a href=\"mailto:info-mk@ttcables.com\">info-mk@ttcables.com<\/a><\/p>\n\n\n\n<div style=\"height:96px\" aria-hidden=\"true\" class=\"wp-block-spacer\"><\/div>\n\n\n\n<h2 class=\"wp-block-heading\"><strong>TT CABLES Ltd <\/strong> <br><strong>United Kingdom<\/strong><\/h2>\n\n\n\n<p>C\/O Cavendish Bond, 14 Hanover Square London W1S 1HN, United Kingdom<br><strong>E:<\/strong> <a href=\"mailto:info-uk@ttcables.com\">info-uk@ttcables.com<\/a><\/p>\n<\/div>\n\n\n\n<div class=\"wp-block-column is-layout-flow wp-block-column-is-layout-flow\">\n<h2 class=\"wp-block-heading\"><strong>TT Kabeli d.o.o. Srbija<\/strong><\/h2>\n\n\n\n<p>Milutina Milankovi\u0107a 1i, Novi Beograd, Srbija, 11000<\/p>\n\n\n\n<p>M: +381 63 246 330 <br>E: <a href=\"mailto:info-rs@ttcables.com\" data-type=\"mailto\" data-id=\"mailto:info-rs@ttcables.com\">info-rs@ttcables.com<\/a><\/p>\n\n\n\n<div style=\"height:80px\" aria-hidden=\"true\" class=\"wp-block-spacer\"><\/div>\n\n\n\n<h2 class=\"wp-block-heading\"><strong>TT CABLES KABLO <\/strong><br><strong>SANAYI VE T\u0130CARET L\u0130M\u0130TED \u015e\u0130RKET\u0130<\/strong><\/h2>\n\n\n\n<p>Hamidiye Mah. Sel\u00e7uklu Cad. <br>A Blok No: 10g I\u00e7 Kapi No: 2 Ka\u011fithane \/ Istanbul<br>E: <a href=\"mailto:info@ttcables.com\">info@ttcables.com <\/a><\/p>\n\n\n\n<div style=\"height:50px\" aria-hidden=\"true\" class=\"wp-block-spacer\"><\/div>\n\n\n\n<h2 class=\"wp-block-heading\"><strong>TT CABLES S.R.L.<\/strong><br><strong>Italy<\/strong><\/h2>\n\n\n\n<p>VICENZA (VI) VIA VECCHIA FERRIERA 59 CAP <br>36100, Italy<\/p>\n\n\n\n<p>E: <a href=\"info-it@ttcables.com\"><a href=\"mailto:info-it@ttcables.com\" target=\"_blank\" rel=\"noreferrer noopener\">info-it@ttcables.com<\/a><\/a><\/p>\n<\/div>\n\n\n\n<div class=\"wp-block-column is-layout-flow wp-block-column-is-layout-flow\">\n<h2 class=\"wp-block-heading\"><strong>TT Cables S.R.L<\/strong><\/h2>\n\n\n\n<p>Jud. Timis, Municipiul Timisoara, Calea ARADULUI, Nr. 8, Etaj 6, Ap. 9, Romania<br>E: <a href=\"mailto:info-ro@ttcables.com\">info-ro@ttcables.com<\/a><\/p>\n\n\n\n<div style=\"height:7px\" aria-hidden=\"true\" class=\"wp-block-spacer\"><\/div>\n\n\n\n<p><\/p>\n\n\n\n<h2 class=\"wp-block-heading\"><br><strong>TT CABLES GMBH Germany<\/strong><\/h2>\n\n\n\n<p>Leopoldstr. 175, 80804 M\u00fcnchen<br><strong>E:<\/strong> <a href=\"info-de@ttcables.com\">info-de@ttcables.com<\/a><\/p>\n<\/div>\n<\/div>\n\n\n\n<div class=\"wp-block-columns is-layout-flex wp-container-core-columns-is-layout-9d6595d7 wp-block-columns-is-layout-flex\">\n<div class=\"wp-block-column is-layout-flow wp-block-column-is-layout-flow\"><\/div>\n\n\n\n<div class=\"wp-block-column is-layout-flow wp-block-column-is-layout-flow\"><\/div>\n<\/div>\n\n\n\n<p><\/p>\n","protected":false},"excerpt":{"rendered":"<p>Kontakt web forma TT Kabeli d.o.o. (Sjedi\u0161te) Kne\u0161polje bb, \u0160iroki Brijeg Bosna i Hercegovina T: +387 39 702 110F: +387<\/p>\n<p><a class=\"read-more\" href=\"https:\/\/www.ttcables.com\/hr\/kontakt\/\">Op\u0161irnije&#8230;<\/a><\/p>\n","protected":false},"author":1,"featured_media":1989,"parent":0,"menu_order":0,"comment_status":"closed","ping_status":"closed","template":"","meta":{"_acf_changed":false,"footnotes":""},"class_list":["post-871","page","type-page","status-publish","has-post-thumbnail","hentry"],"acf":[],"_links":{"self":[{"href":"https:\/\/www.ttcables.com\/hr\/wp-json\/wp\/v2\/pages\/871","targetHints":{"allow":["GET"]}}],"collection":[{"href":"https:\/\/www.ttcables.com\/hr\/wp-json\/wp\/v2\/pages"}],"about":[{"href":"https:\/\/www.ttcables.com\/hr\/wp-json\/wp\/v2\/types\/page"}],"author":[{"embeddable":true,"href":"https:\/\/www.ttcables.com\/hr\/wp-json\/wp\/v2\/users\/1"}],"replies":[{"embeddable":true,"href":"https:\/\/www.ttcables.com\/hr\/wp-json\/wp\/v2\/comments?post=871"}],"version-history":[{"count":1,"href":"https:\/\/www.ttcables.com\/hr\/wp-json\/wp\/v2\/pages\/871\/revisions"}],"predecessor-version":[{"id":5017,"href":"https:\/\/www.ttcables.com\/hr\/wp-json\/wp\/v2\/pages\/871\/revisions\/5017"}],"wp:featuredmedia":[{"embeddable":true,"href":"https:\/\/www.ttcables.com\/hr\/wp-json\/wp\/v2\/media\/1989"}],"wp:attachment":[{"href":"https:\/\/www.ttcables.com\/hr\/wp-json\/wp\/v2\/media?parent=871"}],"curies":[{"name":"wp","href":"https:\/\/api.w.org\/{rel}","templated":true}]}}