{"id":1221,"date":"2022-04-22T22:55:50","date_gmt":"2022-04-22T20:55:50","guid":{"rendered":"https:\/\/www.ttcables.com\/proizvod\/1-ayky\/"},"modified":"2025-08-07T13:42:59","modified_gmt":"2025-08-07T11:42:59","slug":"1-ayky-hr","status":"publish","type":"product","link":"https:\/\/www.ttcables.com\/hr\/proizvod\/1-ayky-hr\/","title":{"rendered":"1-AYKY"},"content":{"rendered":"<h2>Podru\u010dje primjene<\/h2>\n<p>U zemlju, kanale, na konzole, u suhim i vla\u017enim prostorijama i sli\u010dno, gdje se ne o\u010dekuju mehani\u010dka o\u0161te\u0107enja, a kabeli nisu izlo\u017eeni mehani\u010dkom vla\u010dnom naprezanju. U gradskim mre\u017eama, industrijskim pogonima, elektranama i drugim elektri\u010dnim postrojenjima te za povezivanje signalnih ure\u0111aja u industriji, prometu i sli\u010dno.<\/p>\n<h2>Konstrukcija<\/h2>\n<p>Vodi\u010di: Al vodi\u010di, klasa 1 ili 2 prema normi EN 60228<br \/>\nIzolacija: PVC masa DIV 1<br \/>\nIspuna: Ekstrudirana elastomerna ili plastomerna masa ili plasti\u010dna traka<br \/>\nPla\u0161t: PVC masa DMV 1<\/p>\n<h2>Tehni\u010dke karakteristike<\/h2>\n<p>Nazivni napon (Uo\/U): 0,6\/1 kV<br \/>\nMin. temp. pri polaganju: -5\u00b0C<br \/>\nMax. radna temperatura: 70\u00b0C<br \/>\nMax. temp. kratkog spoja: 160\u00b0C<br \/>\nMin. polumjer savijanja: vi\u0161e\u017eilci &#8211; 12D<br \/>\nCPR klasa: Eca<\/p>\n","protected":false},"excerpt":{"rendered":"<p>Power cable 0,6\/1 kV with Al conductors, PVC insulated and sheathed<\/p>\n","protected":false},"author":2,"featured_media":1214,"template":"","meta":{"_acf_changed":false},"product_brand":[87],"product_cat":[185,287,289,186,273,281,215,293,192,187,228,290,275,193,194,286,188,189],"product_tag":[],"class_list":{"0":"post-1221","1":"product","2":"type-product","3":"status-publish","4":"has-post-thumbnail","6":"product_brand-ttcables","7":"product_cat-certifikat","8":"product_cat-ceska","9":"product_cat-ce-hr","10":"product_cat-drzava","11":"product_cat-energetski-kabeli","12":"product_cat-ezu-hr","13":"product_cat-gradevinarstvo","14":"product_cat-hd-603-s1-hr-hr","15":"product_cat-iec-hr","16":"product_cat-industrija","17":"product_cat-mreze-za-prijenos-distribuciju-i-napajanje","18":"product_cat-pne-34-7659-3-hr","19":"product_cat-pvc-finozicni-kabeli","20":"product_cat-reach-hr","21":"product_cat-rohs-hr","22":"product_cat-slovacka","23":"product_cat-standard-hr","24":"product_cat-tip","26":"first","27":"instock","28":"shipping-taxable","29":"product-type-simple"},"acf":[],"_links":{"self":[{"href":"https:\/\/www.ttcables.com\/hr\/wp-json\/wp\/v2\/product\/1221","targetHints":{"allow":["GET"]}}],"collection":[{"href":"https:\/\/www.ttcables.com\/hr\/wp-json\/wp\/v2\/product"}],"about":[{"href":"https:\/\/www.ttcables.com\/hr\/wp-json\/wp\/v2\/types\/product"}],"author":[{"embeddable":true,"href":"https:\/\/www.ttcables.com\/hr\/wp-json\/wp\/v2\/users\/2"}],"wp:featuredmedia":[{"embeddable":true,"href":"https:\/\/www.ttcables.com\/hr\/wp-json\/wp\/v2\/media\/1214"}],"wp:attachment":[{"href":"https:\/\/www.ttcables.com\/hr\/wp-json\/wp\/v2\/media?parent=1221"}],"wp:term":[{"taxonomy":"product_brand","embeddable":true,"href":"https:\/\/www.ttcables.com\/hr\/wp-json\/wp\/v2\/product_brand?post=1221"},{"taxonomy":"product_cat","embeddable":true,"href":"https:\/\/www.ttcables.com\/hr\/wp-json\/wp\/v2\/product_cat?post=1221"},{"taxonomy":"product_tag","embeddable":true,"href":"https:\/\/www.ttcables.com\/hr\/wp-json\/wp\/v2\/product_tag?post=1221"}],"curies":[{"name":"wp","href":"https:\/\/api.w.org\/{rel}","templated":true}]}}