{"id":1287,"date":"2022-04-25T15:00:33","date_gmt":"2022-04-25T13:00:33","guid":{"rendered":"https:\/\/www.ttcables.com\/?post_type=product&#038;p=1287"},"modified":"2025-08-07T12:59:43","modified_gmt":"2025-08-07T10:59:43","slug":"arg16r16-hr","status":"publish","type":"product","link":"https:\/\/www.ttcables.com\/hr\/proizvod\/arg16r16-hr\/","title":{"rendered":"ARG16R16"},"content":{"rendered":"<h2>Podru\u010dje primjene<\/h2>\n<p>U zemlju, kanale, na konzole, u suhim i vla\u017enim prostorijama i sli\u010dno, gdje se ne o\u010dekuju mehani\u010dka o\u0161te\u0107enja, a kabeli nisu izlo\u017eeni mehani\u010dkom vla\u010dnom naprezanju. U gradskim mre\u017eama, industrijskim pogonima, elektranama i drugim elektri\u010dnim postrojenjima te za povezivanje signalnih ure\u0111aja u industriji, prometu i sli\u010dno, gdje su potrebne sigurnosne mjere prevencije od \u0161irenja vatre.<\/p>\n<h2>Konstrukcija<\/h2>\n<p>Vodi\u010di: Al vodi\u010di, klasa 2 prema normi EN 60228<br \/>\nIzolacija: G16 Guma<br \/>\nIspuna: Ekstrudirana elastomerna ili plastomerna LSOH masa<br \/>\nPla\u0161t: PVC masa R16, siva<\/p>\n<h2>Tehni\u010dke karakteristike<\/h2>\n<p>Nazivni napon (Uo\/U): 0,6\/1 kV<br \/>\nIspitni napon: 4 kV<br \/>\nMin. temp. pri polaganju: -15\u00b0C<br \/>\nMax. radna temperatura: 90\u00b0C<br \/>\nMax. temp. kratkog spoja: 250\u00b0C<\/p>\n","protected":false},"excerpt":{"rendered":"<p>Energetski kabel 0,6\/1 kV sa Al vodi\u010dima, izoliran G16 Gumom i opla\u0161ten PVC-om<\/p>\n","protected":false},"author":2,"featured_media":1291,"template":"","meta":{"_acf_changed":false},"product_brand":[87],"product_cat":[185,289,302,186,273,215,293,192,187,299,267,228,290,193,194,188,189],"product_tag":[],"class_list":{"0":"post-1287","1":"product","2":"type-product","3":"status-publish","4":"has-post-thumbnail","6":"product_brand-ttcables","7":"product_cat-certifikat","8":"product_cat-ce-hr","9":"product_cat-cpr-hr","10":"product_cat-drzava","11":"product_cat-energetski-kabeli","12":"product_cat-gradevinarstvo","13":"product_cat-hd-603-s1-hr-hr","14":"product_cat-iec-hr","15":"product_cat-industrija","16":"product_cat-italija-hr","17":"product_cat-lszh-kabeli-bez-halogeni-kabeli","18":"product_cat-mreze-za-prijenos-distribuciju-i-napajanje","19":"product_cat-pne-34-7659-3-hr","20":"product_cat-reach-hr","21":"product_cat-rohs-hr","22":"product_cat-standard-hr","23":"product_cat-tip","25":"first","26":"instock","27":"shipping-taxable","28":"product-type-simple"},"acf":[],"_links":{"self":[{"href":"https:\/\/www.ttcables.com\/hr\/wp-json\/wp\/v2\/product\/1287","targetHints":{"allow":["GET"]}}],"collection":[{"href":"https:\/\/www.ttcables.com\/hr\/wp-json\/wp\/v2\/product"}],"about":[{"href":"https:\/\/www.ttcables.com\/hr\/wp-json\/wp\/v2\/types\/product"}],"author":[{"embeddable":true,"href":"https:\/\/www.ttcables.com\/hr\/wp-json\/wp\/v2\/users\/2"}],"wp:featuredmedia":[{"embeddable":true,"href":"https:\/\/www.ttcables.com\/hr\/wp-json\/wp\/v2\/media\/1291"}],"wp:attachment":[{"href":"https:\/\/www.ttcables.com\/hr\/wp-json\/wp\/v2\/media?parent=1287"}],"wp:term":[{"taxonomy":"product_brand","embeddable":true,"href":"https:\/\/www.ttcables.com\/hr\/wp-json\/wp\/v2\/product_brand?post=1287"},{"taxonomy":"product_cat","embeddable":true,"href":"https:\/\/www.ttcables.com\/hr\/wp-json\/wp\/v2\/product_cat?post=1287"},{"taxonomy":"product_tag","embeddable":true,"href":"https:\/\/www.ttcables.com\/hr\/wp-json\/wp\/v2\/product_tag?post=1287"}],"curies":[{"name":"wp","href":"https:\/\/api.w.org\/{rel}","templated":true}]}}