{"id":1305,"date":"2022-04-25T17:38:06","date_gmt":"2022-04-25T15:38:06","guid":{"rendered":"https:\/\/www.ttcables.com\/?post_type=product&#038;p=1305"},"modified":"2025-09-15T08:39:31","modified_gmt":"2025-09-15T06:39:31","slug":"axmk-pe-hr","status":"publish","type":"product","link":"https:\/\/www.ttcables.com\/hr\/proizvod\/axmk-pe-hr\/","title":{"rendered":"AXMK-PE"},"content":{"rendered":"<h2>Podru\u010dje primjene<\/h2>\n<p>U zemlju, kanale, na konzole, u suhim i vla\u017enim prostorijama i sli\u010dno, gdje se ne o\u010dekuju mehani\u010dka o\u0161te\u0107enja, a kabeli nisu izlo\u017eeni mehani\u010dkom vla\u010dnom naprezanju. U gradskim mre\u017eama, industrijskim pogonima, elektranama i drugim elektri\u010dnim postrojenjima te za povezivanje signalnih ure\u0111aja u industriji, prometu i sli\u010dno.<\/p>\n<h2>Konstrukcija<\/h2>\n<p>Vodi\u010di: Al vodi\u010di, klasa 1 ili klasa 2 prema normi EN 60228, \u017eareni<br \/>\nIzolacija: XLPE masa<br \/>\nIspuna: Ekstrudirana elastomerna ili plastomerna masa ili plasti\u010dna traka<br \/>\nPla\u0161t: UV otporna PE masa, crni ili po zahtjevu kupca<\/p>\n<h2>Tehni\u010dke karakteristike<\/h2>\n<p>Nazivni napon (Uo\/U\/Umax.): 0,6\/1\/1,2 kV<br \/>\nIspitni napon: 4 kV<br \/>\nMin. temp. pri polaganju: -15\u00b0C<br \/>\nRadna temp. okoli\u0161a: -35\u00b0C do +35\u00b0C<br \/>\nMax. radna temperatura: 90\u00b0C<br \/>\nMax. temp. kratkog spoja: 250\u00b0C<br \/>\nMin. polumjer savijanja: vi\u0161e\u017eilci &#8211; 10D<br \/>\nCPR klasa: Fca<br \/>\nOzna\u010divanje \u017eila: prema HD 308 S2<\/p>\n","protected":false},"excerpt":{"rendered":"<p>Nisko naponski (0,6\/1 kv) kabeli sa XLPE izolacijom i PE pla\u0161tom.<\/p>\n","protected":false},"author":2,"featured_media":1311,"template":"","meta":{"_acf_changed":false},"product_brand":[87],"product_cat":[185,289,186,273,205,215,293,192,187,265,228,193,194,306,305,188,189],"product_tag":[],"class_list":{"0":"post-1305","1":"product","2":"type-product","3":"status-publish","4":"has-post-thumbnail","6":"product_brand-ttcables","7":"product_cat-certifikat","8":"product_cat-ce-hr","9":"product_cat-drzava","10":"product_cat-energetski-kabeli","11":"product_cat-finska","12":"product_cat-gradevinarstvo","13":"product_cat-hd-603-s1-hr-hr","14":"product_cat-iec-hr","15":"product_cat-industrija","16":"product_cat-kabeli-za-precizne-instrumente","17":"product_cat-mreze-za-prijenos-distribuciju-i-napajanje","18":"product_cat-reach-hr","19":"product_cat-rohs-hr","20":"product_cat-sfs4879-hr","21":"product_cat-sgsfi-hr","22":"product_cat-standard-hr","23":"product_cat-tip","25":"first","26":"instock","27":"shipping-taxable","28":"product-type-simple"},"acf":[],"_links":{"self":[{"href":"https:\/\/www.ttcables.com\/hr\/wp-json\/wp\/v2\/product\/1305","targetHints":{"allow":["GET"]}}],"collection":[{"href":"https:\/\/www.ttcables.com\/hr\/wp-json\/wp\/v2\/product"}],"about":[{"href":"https:\/\/www.ttcables.com\/hr\/wp-json\/wp\/v2\/types\/product"}],"author":[{"embeddable":true,"href":"https:\/\/www.ttcables.com\/hr\/wp-json\/wp\/v2\/users\/2"}],"wp:featuredmedia":[{"embeddable":true,"href":"https:\/\/www.ttcables.com\/hr\/wp-json\/wp\/v2\/media\/1311"}],"wp:attachment":[{"href":"https:\/\/www.ttcables.com\/hr\/wp-json\/wp\/v2\/media?parent=1305"}],"wp:term":[{"taxonomy":"product_brand","embeddable":true,"href":"https:\/\/www.ttcables.com\/hr\/wp-json\/wp\/v2\/product_brand?post=1305"},{"taxonomy":"product_cat","embeddable":true,"href":"https:\/\/www.ttcables.com\/hr\/wp-json\/wp\/v2\/product_cat?post=1305"},{"taxonomy":"product_tag","embeddable":true,"href":"https:\/\/www.ttcables.com\/hr\/wp-json\/wp\/v2\/product_tag?post=1305"}],"curies":[{"name":"wp","href":"https:\/\/api.w.org\/{rel}","templated":true}]}}