{"id":1321,"date":"2022-04-25T22:08:18","date_gmt":"2022-04-25T20:08:18","guid":{"rendered":"https:\/\/www.ttcables.com\/?post_type=product&#038;p=1321"},"modified":"2024-02-16T08:49:54","modified_gmt":"2024-02-16T07:49:54","slug":"bfsi-emc-hr","status":"publish","type":"product","link":"https:\/\/www.ttcables.com\/hr\/proizvod\/bfsi-emc-hr\/","title":{"rendered":"BFSI(EMC)"},"content":{"rendered":"<h2>Podru\u010dje Primjene<\/h2>\n<p>Protupo\u017earni sigurnosni kabeli za ugradnju svugdje gdje visoki sigurnosni zahtjevi imaju poseban zna\u010daj, npr. U industrijskim kompleksima, elektranama, javnim zgradama, hotelima, podzemnim \u017eeljezni\u010dkim sustavima, bolnicama itd. Bakreni zaslon mo\u017ee imati 100% pokrivanje i u skladu je s EMC direktivom s ispravnom izvedbom. Instalacije na otvorenom, podzemlju, u zatvorenom prostoru, u kablovskim kanalima. Nije prikladno za upotrebu u vodi. Kabeli se mogu polo\u017eiti izravno u zemlju ako se pravilno instaliraju i pa\u017eljivo po\u0161tuju uputstva iz vodi\u010da REN-a 9000.<\/p>\n<h2>Konstrukcija<\/h2>\n<p>Vodi\u010di: Cu vodi\u010di, klasa 1 ili 2 prema normi EN 60228<br \/>\nIzolacija: Mica traka i XLPE masa preko toga<br \/>\nIspuna: Ekstrudirana elastomerna ili plastomerna<br \/>\nbezhalogena masa ili plasti\u010dna traka<br \/>\nKoncentri\u010dni vodi\u010d: Cu folije (opcionalno), Cu \u017eice<br \/>\nspiralno povezane Cu trakom<br \/>\nPla\u0161t: HFFR masa, tip ST8 prema IEC 60502-1<\/p>\n<h2>Tehnic\u010dke Karakteristike<\/h2>\n<p>Nazivni napon (Uo\/U): 0,6\/1 kV<br \/>\nIspitni napon: 4 kV<br \/>\nNajni\u017ea temp za fixno instal.: -40\u00b0C<br \/>\nMin. temp. pri polaganju: -20\u00b0C<\/p>\n","protected":false},"excerpt":{"rendered":"<p><span class=\"fontstyle0\">Energetski kabel 0,6\/1 kV sa Cu vodi\u010dima, izoliran XLPE-om i opla\u0161ten HFFR-om, sa pobolj\u0161anim svojstvima u slu\u010daju po\u017eara<\/span><\/p>\n","protected":false},"author":2,"featured_media":1323,"template":"","meta":{"_acf_changed":false},"product_brand":[87],"product_cat":[185,289,199,186,324,233,330,332,328,273,200,205,215,318,192,321,239,187,264,204,267,228,208,193,194,306,188,212,189,259],"product_tag":[],"class_list":{"0":"post-1321","1":"product","2":"type-product","3":"status-publish","4":"has-post-thumbnail","6":"product_brand-ttcables","7":"product_cat-certifikat","8":"product_cat-ce-hr","9":"product_cat-danska","10":"product_cat-drzava","11":"product_cat-en-60332-1-2-hr","12":"product_cat-en-60332-3-24-hr","13":"product_cat-en-60754-1-hr","14":"product_cat-en-60754-2-hr","15":"product_cat-en-61034-2-hr","16":"product_cat-energetski-kabeli","17":"product_cat-estonija","18":"product_cat-finska","19":"product_cat-gradevinarstvo","20":"product_cat-hd-604-5d-hr","21":"product_cat-iec-hr","22":"product_cat-iec-60331-21-hr","23":"product_cat-iec-60502-1-hr","24":"product_cat-industrija","25":"product_cat-industrijski-kabeli","26":"product_cat-litvanija","27":"product_cat-lszh-kabeli-bez-halogeni-kabeli","28":"product_cat-mreze-za-prijenos-distribuciju-i-napajanje","29":"product_cat-norveska","30":"product_cat-reach-hr","31":"product_cat-rohs-hr","32":"product_cat-sfs4879-hr","33":"product_cat-standard-hr","34":"product_cat-svedska","35":"product_cat-tip","36":"product_cat-vatrotporni-kabeli","38":"first","39":"instock","40":"shipping-taxable","41":"product-type-simple"},"acf":[],"_links":{"self":[{"href":"https:\/\/www.ttcables.com\/hr\/wp-json\/wp\/v2\/product\/1321","targetHints":{"allow":["GET"]}}],"collection":[{"href":"https:\/\/www.ttcables.com\/hr\/wp-json\/wp\/v2\/product"}],"about":[{"href":"https:\/\/www.ttcables.com\/hr\/wp-json\/wp\/v2\/types\/product"}],"author":[{"embeddable":true,"href":"https:\/\/www.ttcables.com\/hr\/wp-json\/wp\/v2\/users\/2"}],"wp:featuredmedia":[{"embeddable":true,"href":"https:\/\/www.ttcables.com\/hr\/wp-json\/wp\/v2\/media\/1323"}],"wp:attachment":[{"href":"https:\/\/www.ttcables.com\/hr\/wp-json\/wp\/v2\/media?parent=1321"}],"wp:term":[{"taxonomy":"product_brand","embeddable":true,"href":"https:\/\/www.ttcables.com\/hr\/wp-json\/wp\/v2\/product_brand?post=1321"},{"taxonomy":"product_cat","embeddable":true,"href":"https:\/\/www.ttcables.com\/hr\/wp-json\/wp\/v2\/product_cat?post=1321"},{"taxonomy":"product_tag","embeddable":true,"href":"https:\/\/www.ttcables.com\/hr\/wp-json\/wp\/v2\/product_tag?post=1321"}],"curies":[{"name":"wp","href":"https:\/\/api.w.org\/{rel}","templated":true}]}}