{"id":1327,"date":"2022-04-25T22:56:45","date_gmt":"2022-04-25T20:56:45","guid":{"rendered":"https:\/\/www.ttcables.com\/?post_type=product&#038;p=1327"},"modified":"2026-01-19T10:27:57","modified_gmt":"2026-01-19T09:27:57","slug":"bfsiemc-copy","status":"publish","type":"product","link":"https:\/\/www.ttcables.com\/hr\/proizvod\/bfsiemc-copy\/","title":{"rendered":"BFXI"},"content":{"rendered":"<h2>Podru\u010dje Primjene<\/h2>\n<p>BFXI kabeli pogodni su za fiksnu instalaciju u suhim i vla\u017enim prostorijama, iznad ili ispod \u017ebuke, na kabelske police kao i u zidove i beton. Nisu za izravno polaganje u zemlju niti u vodu. Za vanjsku uporabu mogu se polagati u cijevima, no tada je potrebno poduzeti sve mjere opreza da u cijevi ne mo\u017ee doprijeti voda. Pogodni su za elektri\u010dne instalacije s izrazitim protupo\u017earnim zahtjevima i zahtjevima za o\u010duvanjem funkcije, za alarmne sustave, senzore za po\u017ear, dizala za evakuaciju te za druge sustave napajanja u slu\u010daju nu\u017ede.Primjereni su za uporabu svuda gdje u slu\u010daju po\u017eara treba za\u0161tititi ljude i materijalna dobra. Preporu\u010dljivi su za javne objekte u kojima se okuplja puno ljudi i za objekte visoke materijalne vrijednosti, za industrijske komplekse, elektrane, trafo-stanice, komunalne objekte, hotele, trgova\u010dke centre, bolnice, \u0161kole, aerodrome, podzemne \u017eeljeznice i sli\u010dno. Va\u017eno je da se NHXH kabeli ne postavljaju na obi\u010dne police, nego na vatrootporne, jer one u slu\u010daju po\u017eara zadr\u017eavaju svoju geometriju. Zadr\u017eavanje BFXI kabela u istom polo\u017eaju za vrijeme po\u017eara omogu\u0107uje dodatnu za\u0161titu vodljivosti kabela mineralnim slojem koji se izlu\u010duje oko kabela kod povi\u0161ene temperature.<\/p>\n<h2>Konstrukcija<\/h2>\n<p>Vodi\u010di: Cu vodi\u010di, klasa 1 ili 2 prema normi EN 60228<br \/>\nIzolacija 1: Vatro-otporna dielektri\u010dna mica traka<br \/>\nIzolacija 2: Umre\u017eeni bezhalogeni polimer<br \/>\nIspuna: Ekstrudirani bezhalogeni polimer ili omot od staklenih niti<br \/>\nPla\u0161t: HFFR masa otporna na UV<\/p>\n<h2>Tehnic\u010dke Karakteristike<\/h2>\n<p>Nazivni napon (Uo\/U): 0,6\/1 kV<br \/>\nMin. temp. pri polaganju: -5\u00b0C<br \/>\nMax. radna temperatura: 90\u00b0C<br \/>\nMax. temp. kratkog spoja: 250\u00b0C<br \/>\nMin. polumjer savijanja:<br \/>\nJedno\u017eilci &#8211; 15D; vi\u0161e\u017eilci &#8211; 12D<br \/>\nOtpornost na vatru: EN 60331-21<br \/>\n\u0160irenje plamena: EN 60332-10-2, EN 60332-3-24 (Cat. C)<br \/>\nGusto\u0107a dima: EN 61034-2<br \/>\nEmisija otrovnih plinova:<br \/>\nEN 60754-1 HCl sadr\u017eaj &lt; 0,5%<br \/>\nEN 60754-2 pH \u2265 4,3, vodljivost \u2264 10 \u03bcSmm-1<\/p>\n<p>&nbsp;<\/p>\n","protected":false},"excerpt":{"rendered":"<p>B<span class=\"fontstyle0\">ezhalogeni energetski i signalni 0,6\/1 kV kabel, pobolj\u0161anih svojstava za slu\u010daj po\u017eara, s o\u010duvanom elektri\u010dnom funkcionalno\u0161\u0107u 90 minuta<\/span><\/p>\n","protected":false},"author":2,"featured_media":1331,"template":"","meta":{"_acf_changed":false},"product_brand":[87],"product_cat":[185,289,199,186,273,200,205,215,235,192,321,187,264,204,267,228,208,335,193,194,188,212,189,259],"product_tag":[],"class_list":{"0":"post-1327","1":"product","2":"type-product","3":"status-publish","4":"has-post-thumbnail","6":"product_brand-ttcables","7":"product_cat-certifikat","8":"product_cat-ce-hr","9":"product_cat-danska","10":"product_cat-drzava","11":"product_cat-energetski-kabeli","12":"product_cat-estonija","13":"product_cat-finska","14":"product_cat-gradevinarstvo","15":"product_cat-hd-604-s1-hr","16":"product_cat-iec-hr","17":"product_cat-iec-60331-21-hr","18":"product_cat-industrija","19":"product_cat-industrijski-kabeli","20":"product_cat-litvanija","21":"product_cat-lszh-kabeli-bez-halogeni-kabeli","22":"product_cat-mreze-za-prijenos-distribuciju-i-napajanje","23":"product_cat-norveska","24":"product_cat-part-5d-hr-hr","25":"product_cat-reach-hr","26":"product_cat-rohs-hr","27":"product_cat-standard-hr","28":"product_cat-svedska","29":"product_cat-tip","30":"product_cat-vatrotporni-kabeli","32":"first","33":"instock","34":"shipping-taxable","35":"product-type-simple"},"acf":[],"_links":{"self":[{"href":"https:\/\/www.ttcables.com\/hr\/wp-json\/wp\/v2\/product\/1327","targetHints":{"allow":["GET"]}}],"collection":[{"href":"https:\/\/www.ttcables.com\/hr\/wp-json\/wp\/v2\/product"}],"about":[{"href":"https:\/\/www.ttcables.com\/hr\/wp-json\/wp\/v2\/types\/product"}],"author":[{"embeddable":true,"href":"https:\/\/www.ttcables.com\/hr\/wp-json\/wp\/v2\/users\/2"}],"wp:featuredmedia":[{"embeddable":true,"href":"https:\/\/www.ttcables.com\/hr\/wp-json\/wp\/v2\/media\/1331"}],"wp:attachment":[{"href":"https:\/\/www.ttcables.com\/hr\/wp-json\/wp\/v2\/media?parent=1327"}],"wp:term":[{"taxonomy":"product_brand","embeddable":true,"href":"https:\/\/www.ttcables.com\/hr\/wp-json\/wp\/v2\/product_brand?post=1327"},{"taxonomy":"product_cat","embeddable":true,"href":"https:\/\/www.ttcables.com\/hr\/wp-json\/wp\/v2\/product_cat?post=1327"},{"taxonomy":"product_tag","embeddable":true,"href":"https:\/\/www.ttcables.com\/hr\/wp-json\/wp\/v2\/product_tag?post=1327"}],"curies":[{"name":"wp","href":"https:\/\/api.w.org\/{rel}","templated":true}]}}