{"id":1333,"date":"2022-04-25T23:33:24","date_gmt":"2022-04-25T21:33:25","guid":{"rendered":"https:\/\/www.ttcables.com\/?post_type=product&#038;p=1333"},"modified":"2022-09-28T09:49:15","modified_gmt":"2022-09-28T07:49:15","slug":"al-xlpe-swa-pvc-hr","status":"publish","type":"product","link":"https:\/\/www.ttcables.com\/hr\/proizvod\/al-xlpe-swa-pvc-hr\/","title":{"rendered":"Al-XLPE-SWA-PVC"},"content":{"rendered":"<h2>Podru\u010dje primjene<\/h2>\n<p>Energetski distribucijski i signalni kabeli za stati\u010dnu upotrebu naj\u010de\u0161\u0107e pod zemljom, mogu se koristiti unutar i van objekata, u kabelskim kanalima, u betonu. Koriste se u elektranama i drugim elektri\u010dnim postrojenjima, u industriji, gradskim mre\u017eama te za povezivanje signalnih ure\u0111aja u industriji, prometu i sli\u010dno. Otporan je na mehani\u010dka optere\u0107enja, mo\u017ee podnijeti ja\u010da mehani\u010dka vla\u010dna istezanja i biti polo\u017een koso ili vertikalno, kao i na terene podlo\u017ene klizanju.<\/p>\n<h2>Konstrukcija<\/h2>\n<p>Vodi\u010di: Al vodi\u010di, klasa 1 prema normi EN 60228<br \/>\nIzolacija: XLPE masa<br \/>\nIspuna: Ekstrudirana elastomerna ili plastomerna masa<br \/>\nili plasti\u010dna traka<br \/>\nArmatura: sloj okruglih galvaniziranih \u010deli\u010dnih \u017eica<br \/>\nPla\u0161t: PVC masa<\/p>\n<h2>Tehni\u010dke karakteristike<\/h2>\n<p>Nazivni napon (Uo\/U): 0,6\/1 kV<br \/>\nMin. temp. pri polaganju: -5\u00b0C<br \/>\nMax. radna temperatura: 70\u00b0C<br \/>\nMax. temp. kratkog spoja: 160\u00b0C<br \/>\nMin. polumjer savijanja:<br \/>\njedno\u017eilci &#8211; 15D; vi\u0161e\u017eilci &#8211; 12D<\/p>\n","protected":false},"excerpt":{"rendered":"<p><span class=\"fontstyle0\">Energetski kabel 0,6\/1 kV sa Al vodi\u010dima, izoliran XLPE-om i opla\u0161ten PVC-om<\/span><\/p>\n","protected":false},"author":2,"featured_media":2543,"template":"","meta":{"_acf_changed":false},"product_brand":[87],"product_cat":[339,185,186,273,215,239,187,264,228,250,188,189,337],"product_tag":[],"class_list":{"0":"post-1333","1":"product","2":"type-product","3":"status-publish","4":"has-post-thumbnail","6":"product_brand-ttcables","7":"product_cat-bs-5467-hr","8":"product_cat-certifikat","9":"product_cat-drzava","10":"product_cat-energetski-kabeli","11":"product_cat-gradevinarstvo","12":"product_cat-iec-60502-1-hr","13":"product_cat-industrija","14":"product_cat-industrijski-kabeli","15":"product_cat-mreze-za-prijenos-distribuciju-i-napajanje","16":"product_cat-oklopljeni-kabeli","17":"product_cat-standard-hr","18":"product_cat-tip","19":"product_cat-uk-hr","21":"first","22":"instock","23":"shipping-taxable","24":"product-type-simple"},"acf":[],"_links":{"self":[{"href":"https:\/\/www.ttcables.com\/hr\/wp-json\/wp\/v2\/product\/1333","targetHints":{"allow":["GET"]}}],"collection":[{"href":"https:\/\/www.ttcables.com\/hr\/wp-json\/wp\/v2\/product"}],"about":[{"href":"https:\/\/www.ttcables.com\/hr\/wp-json\/wp\/v2\/types\/product"}],"author":[{"embeddable":true,"href":"https:\/\/www.ttcables.com\/hr\/wp-json\/wp\/v2\/users\/2"}],"wp:featuredmedia":[{"embeddable":true,"href":"https:\/\/www.ttcables.com\/hr\/wp-json\/wp\/v2\/media\/2543"}],"wp:attachment":[{"href":"https:\/\/www.ttcables.com\/hr\/wp-json\/wp\/v2\/media?parent=1333"}],"wp:term":[{"taxonomy":"product_brand","embeddable":true,"href":"https:\/\/www.ttcables.com\/hr\/wp-json\/wp\/v2\/product_brand?post=1333"},{"taxonomy":"product_cat","embeddable":true,"href":"https:\/\/www.ttcables.com\/hr\/wp-json\/wp\/v2\/product_cat?post=1333"},{"taxonomy":"product_tag","embeddable":true,"href":"https:\/\/www.ttcables.com\/hr\/wp-json\/wp\/v2\/product_tag?post=1333"}],"curies":[{"name":"wp","href":"https:\/\/api.w.org\/{rel}","templated":true}]}}