{"id":1350,"date":"2022-04-26T23:51:23","date_gmt":"2022-04-26T21:51:23","guid":{"rendered":"https:\/\/www.ttcables.com\/?post_type=product&#038;p=1350"},"modified":"2025-08-07T13:00:56","modified_gmt":"2025-08-07T11:00:56","slug":"ea2xy-hr","status":"publish","type":"product","link":"https:\/\/www.ttcables.com\/hr\/proizvod\/ea2xy-hr\/","title":{"rendered":"EA2XY"},"content":{"rendered":"<h2>Podru\u010dje primjene<\/h2>\n<p>U zemlju, kanale, na konzole, u suhim i vla\u017enim prostorijama i sli\u010dno, gdje se ne o\u010dekuju mehani\u010dka o\u0161te\u0107enja, a kabeli nisu izlo\u017eeni mehani\u010dkom vla\u010dnom naprezanju. U gradskim mre\u017eama, industrijskim pogonima, elektranama i drugim elektri\u010dnim postrojenjima te za povezivanje signalnih ure\u0111aja u industriji, prometu i sli\u010dno.<\/p>\n<h2>Konstrukcija<\/h2>\n<p>Vodi\u010di: Al vodi\u010di, klasa 1 (RE\/SE) ili klasa 2 (RM\/SM) prema normi EN 60228<br \/>\nIzolacija: XLPE masa DIX 1<br \/>\nIspuna: Ekstrudirana elastomerna ili plastomerna masa ili plasti\u010dna traka<br \/>\nPla\u0161t: PVC masa DMV 1<\/p>\n<h2>Tehni\u010dke karakteristike<\/h2>\n<p>Nazivni napon (Uo\/U): 0,6\/1 kV<br \/>\nIspitni napon: 4 kV<br \/>\nMin. temp. pri polaganju: -5\u00b0C<br \/>\nMax. radna temperatura: 90\u00b0C<br \/>\nMax. temp. kratkog spoja: 250\u00b0C<br \/>\nMin. polumjer savijanja: jedno\u017eilci &#8211; 15D; vi\u0161e\u017eilci &#8211; 12D<\/p>\n<p>&nbsp;<\/p>\n","protected":false},"excerpt":{"rendered":"<p>Energetski kabel 0,6\/1 kV sa Al vodi\u010dima, izoliran XLPE-om i opla\u0161ten PVC-om<\/p>\n","protected":false},"author":2,"featured_media":1352,"template":"","meta":{"_acf_changed":false},"product_brand":[87],"product_cat":[196,197,185,289,343,186,215,293,198,192,187,260,341,347,227,193,194,207,188,189],"product_tag":[],"class_list":{"0":"post-1350","1":"product","2":"type-product","3":"status-publish","4":"has-post-thumbnail","6":"product_brand-ttcables","7":"product_cat-austrija","8":"product_cat-bosna-i-hercegovina","9":"product_cat-certifikat","10":"product_cat-ce-hr","11":"product_cat-montenegro-hr","12":"product_cat-drzava","13":"product_cat-gradevinarstvo","14":"product_cat-hd-603-s1-hr-hr","15":"product_cat-hrvatska","16":"product_cat-iec-hr","17":"product_cat-industrija","18":"product_cat-instalacijski-vodovi-s-izolacijom","19":"product_cat-lv-installation-cables-hr","20":"product_cat-ove-e8200-603-hr","21":"product_cat-razvodni-uredaji","22":"product_cat-reach-hr","23":"product_cat-rohs-hr","24":"product_cat-srbija","25":"product_cat-standard-hr","26":"product_cat-tip","28":"first","29":"instock","30":"shipping-taxable","31":"product-type-simple"},"acf":[],"_links":{"self":[{"href":"https:\/\/www.ttcables.com\/hr\/wp-json\/wp\/v2\/product\/1350","targetHints":{"allow":["GET"]}}],"collection":[{"href":"https:\/\/www.ttcables.com\/hr\/wp-json\/wp\/v2\/product"}],"about":[{"href":"https:\/\/www.ttcables.com\/hr\/wp-json\/wp\/v2\/types\/product"}],"author":[{"embeddable":true,"href":"https:\/\/www.ttcables.com\/hr\/wp-json\/wp\/v2\/users\/2"}],"wp:featuredmedia":[{"embeddable":true,"href":"https:\/\/www.ttcables.com\/hr\/wp-json\/wp\/v2\/media\/1352"}],"wp:attachment":[{"href":"https:\/\/www.ttcables.com\/hr\/wp-json\/wp\/v2\/media?parent=1350"}],"wp:term":[{"taxonomy":"product_brand","embeddable":true,"href":"https:\/\/www.ttcables.com\/hr\/wp-json\/wp\/v2\/product_brand?post=1350"},{"taxonomy":"product_cat","embeddable":true,"href":"https:\/\/www.ttcables.com\/hr\/wp-json\/wp\/v2\/product_cat?post=1350"},{"taxonomy":"product_tag","embeddable":true,"href":"https:\/\/www.ttcables.com\/hr\/wp-json\/wp\/v2\/product_tag?post=1350"}],"curies":[{"name":"wp","href":"https:\/\/api.w.org\/{rel}","templated":true}]}}