{"id":1359,"date":"2022-04-27T00:05:24","date_gmt":"2022-04-26T22:05:25","guid":{"rendered":"https:\/\/www.ttcables.com\/?post_type=product&#038;p=1359"},"modified":"2025-02-07T13:18:40","modified_gmt":"2025-02-07T12:18:40","slug":"h07z1-k-hr","status":"publish","type":"product","link":"https:\/\/www.ttcables.com\/hr\/proizvod\/h07z1-k-hr\/","title":{"rendered":"H07Z1-K"},"content":{"rendered":"<h2>Podru\u010dje primjene<\/h2>\n<p>Za o\u017ei\u010denje svjetiljki, ure\u0111aja, ormara za sklopke i distribucijske kutije Za ugradnju u cijevi, u, na i pod gipsom, kao i u zatvorene instalacijske kanale. U objektima s velikom gusto\u0107om ljudi ili vrijednom imovinom.<\/p>\n<h2>Konstrukcija<\/h2>\n<p>Vodi\u010di: Cu vodi\u010di, klasa 5 prema normi EN 60228<br \/>\nIzolacija: Bezhalogena termoplasti\u010dna masa, tip TI 7 prema normi EN 50363-7, otporno na UV<\/p>\n<h2>Tehni\u010dke karakteristike<\/h2>\n<p>Nazivni napon (Uo\/U): 450\/750 V<br \/>\nIspitni napon: 2,5 kV<br \/>\nMax. radna temperatura: 70\u00b0<br \/>\nMin. temp. pri instalaciji: 5\u00b0C<br \/>\nTemperatura okoline: -35\u00b0C do 35\u00b0C<br \/>\nMax. temp. kratkog spoja: 160\u00b0C<br \/>\nMin. polumjer savijanja: 5D<\/p>\n","protected":false},"excerpt":{"rendered":"<p>Nisko-naponski 450\/750 V fleksibilni Cu vodi\u010d izoliran HFFR-om<\/p>\n","protected":false},"author":2,"featured_media":1346,"template":"","meta":{"_acf_changed":false},"product_brand":[87],"product_cat":[416,197,185,289,302,343,186,345,215,198,192,187,260,263,267,341,217,227,193,194,207,188,189],"product_tag":[],"class_list":{"0":"post-1359","1":"product","2":"type-product","3":"status-publish","4":"has-post-thumbnail","6":"product_brand-ttcables","7":"product_cat-belgija","8":"product_cat-bosna-i-hercegovina","9":"product_cat-certifikat","10":"product_cat-ce-hr","11":"product_cat-cpr-hr","12":"product_cat-montenegro-hr","13":"product_cat-drzava","14":"product_cat-en-50525-3-31-hr","15":"product_cat-gradevinarstvo","16":"product_cat-hrvatska","17":"product_cat-iec-hr","18":"product_cat-industrija","19":"product_cat-instalacijski-vodovi-s-izolacijom","20":"product_cat-kabeli-za-podatkovni-centar","21":"product_cat-lszh-kabeli-bez-halogeni-kabeli","22":"product_cat-lv-installation-cables-hr","23":"product_cat-podaktovni-centri","24":"product_cat-razvodni-uredaji","25":"product_cat-reach-hr","26":"product_cat-rohs-hr","27":"product_cat-srbija","28":"product_cat-standard-hr","29":"product_cat-tip","31":"first","32":"instock","33":"shipping-taxable","34":"product-type-simple"},"acf":[],"_links":{"self":[{"href":"https:\/\/www.ttcables.com\/hr\/wp-json\/wp\/v2\/product\/1359","targetHints":{"allow":["GET"]}}],"collection":[{"href":"https:\/\/www.ttcables.com\/hr\/wp-json\/wp\/v2\/product"}],"about":[{"href":"https:\/\/www.ttcables.com\/hr\/wp-json\/wp\/v2\/types\/product"}],"author":[{"embeddable":true,"href":"https:\/\/www.ttcables.com\/hr\/wp-json\/wp\/v2\/users\/2"}],"wp:featuredmedia":[{"embeddable":true,"href":"https:\/\/www.ttcables.com\/hr\/wp-json\/wp\/v2\/media\/1346"}],"wp:attachment":[{"href":"https:\/\/www.ttcables.com\/hr\/wp-json\/wp\/v2\/media?parent=1359"}],"wp:term":[{"taxonomy":"product_brand","embeddable":true,"href":"https:\/\/www.ttcables.com\/hr\/wp-json\/wp\/v2\/product_brand?post=1359"},{"taxonomy":"product_cat","embeddable":true,"href":"https:\/\/www.ttcables.com\/hr\/wp-json\/wp\/v2\/product_cat?post=1359"},{"taxonomy":"product_tag","embeddable":true,"href":"https:\/\/www.ttcables.com\/hr\/wp-json\/wp\/v2\/product_tag?post=1359"}],"curies":[{"name":"wp","href":"https:\/\/api.w.org\/{rel}","templated":true}]}}