{"id":1361,"date":"2022-04-27T00:05:55","date_gmt":"2022-04-26T22:05:56","guid":{"rendered":"https:\/\/www.ttcables.com\/?post_type=product&#038;p=1361"},"modified":"2023-04-27T12:43:09","modified_gmt":"2023-04-27T10:43:09","slug":"ea2y-hr","status":"publish","type":"product","link":"https:\/\/www.ttcables.com\/hr\/proizvod\/ea2y-hr\/","title":{"rendered":"E-A2Y"},"content":{"rendered":"<h2>Podru\u010dje primjene<\/h2>\n<p>Kabeli su namijenjeni za distribuciju elektri\u010dne energije u gradskoj mre\u017ei i u industriji, za osvjetljenje cesta. Koriste se tako\u0111er kao priklju\u010dni kabeli. Postavljaju se na stupove, konzole, fasade ku\u0107a, na drvene i \u017eeljezne konstrukcije.<\/p>\n<h2>Konstrukcija<\/h2>\n<p>Fazni vodi\u010di: Al vodi\u010di, klasa 2 prema normi<br \/>\nNeutralni vodi\u010d: Al vodi\u010di, klasa 2 prema normi<br \/>\nIzolacija: PE masa TIP 1<\/p>\n<h2>Tehni\u010dke karakteristike<\/h2>\n<p>Nazivni napon (Uo\/U): 0,6\/1 kV<br \/>\nIspitni napon: 4 kV<br \/>\nMin. temp. pri polaganju: -5\u00b0C<br \/>\nRadna temperatura: -25\u00b0C do 70\u00b0C<br \/>\nMax. radna temperatura: 70\u00b0C<br \/>\nMax. temp. kratkog spoja: 120\u00b0C<br \/>\nMin. polumjer savijanja: 18D<br \/>\nCPR klasa: Fca<\/p>\n","protected":false},"excerpt":{"rendered":"<p>Nadzemni energetski kabel 0,6\/1 kV sa Al vodi\u010dima, izoliran PE-om<\/p>\n","protected":false},"author":2,"featured_media":1363,"template":"","meta":{"_acf_changed":false},"product_brand":[87],"product_cat":[196,185,289,186,273,215,351,187,228,271,349,193,194,188,189],"product_tag":[],"class_list":{"0":"post-1361","1":"product","2":"type-product","3":"status-publish","4":"has-post-thumbnail","6":"product_brand-ttcables","7":"product_cat-austrija","8":"product_cat-certifikat","9":"product_cat-ce-hr","10":"product_cat-drzava","11":"product_cat-energetski-kabeli","12":"product_cat-gradevinarstvo","13":"product_cat-hd-626-s1-hr","14":"product_cat-industrija","15":"product_cat-mreze-za-prijenos-distribuciju-i-napajanje","16":"product_cat-nadzemni-kabeli","17":"product_cat-ove-onorm-8200-626-hr","18":"product_cat-reach-hr","19":"product_cat-rohs-hr","20":"product_cat-standard-hr","21":"product_cat-tip","23":"first","24":"instock","25":"shipping-taxable","26":"product-type-simple"},"acf":[],"_links":{"self":[{"href":"https:\/\/www.ttcables.com\/hr\/wp-json\/wp\/v2\/product\/1361","targetHints":{"allow":["GET"]}}],"collection":[{"href":"https:\/\/www.ttcables.com\/hr\/wp-json\/wp\/v2\/product"}],"about":[{"href":"https:\/\/www.ttcables.com\/hr\/wp-json\/wp\/v2\/types\/product"}],"author":[{"embeddable":true,"href":"https:\/\/www.ttcables.com\/hr\/wp-json\/wp\/v2\/users\/2"}],"wp:featuredmedia":[{"embeddable":true,"href":"https:\/\/www.ttcables.com\/hr\/wp-json\/wp\/v2\/media\/1363"}],"wp:attachment":[{"href":"https:\/\/www.ttcables.com\/hr\/wp-json\/wp\/v2\/media?parent=1361"}],"wp:term":[{"taxonomy":"product_brand","embeddable":true,"href":"https:\/\/www.ttcables.com\/hr\/wp-json\/wp\/v2\/product_brand?post=1361"},{"taxonomy":"product_cat","embeddable":true,"href":"https:\/\/www.ttcables.com\/hr\/wp-json\/wp\/v2\/product_cat?post=1361"},{"taxonomy":"product_tag","embeddable":true,"href":"https:\/\/www.ttcables.com\/hr\/wp-json\/wp\/v2\/product_tag?post=1361"}],"curies":[{"name":"wp","href":"https:\/\/api.w.org\/{rel}","templated":true}]}}