{"id":1441,"date":"2022-04-27T23:59:49","date_gmt":"2022-04-27T22:19:12","guid":{"rendered":"https:\/\/www.ttcables.com\/?post_type=product&#038;p=1441"},"modified":"2025-07-01T09:29:37","modified_gmt":"2025-07-01T07:29:37","slug":"hmh-hr","status":"publish","type":"product","link":"https:\/\/www.ttcables.com\/hr\/proizvod\/hmh-hr\/","title":{"rendered":"HMH Eca"},"content":{"rendered":"<h2>Podru\u010dje primjene<\/h2>\n<p>Gdje se zahtijevaju bezhalogeni i ekolo\u0161ki prihvatljivi kabeli. Namijenjeni za fiksnu instalaciju u suhim i vla\u017enim prostorijama, na otvorenom te na vanjskim povr\u0161inama. Mogu se polagati u zemlju. Mogu\u0107e je njihovo ugradbeno i direktno uzi\u0111ivanje. Nisu prikladni za ugradnju u vibrirani beton. Izolacija vodi\u010da mora biti za\u0161ti\u0107ena od izlaganja svjetlu. Instalaciju smije obavljati isklju\u010divo ovla\u0161teni elektri\u010dar.<\/p>\n<h2>Konstrukcija<\/h2>\n<p>Vodi\u010di: Bakar (Cu), klasa 1 ili 2 prema EN 60228<br data-start=\"48\" data-end=\"51\" \/>Izolacija: XLPE, bezhalogeni materijal<br data-start=\"89\" data-end=\"92\" \/>Posteljica: Ekstrudirani bezhalogeni polimer ili pla\u0161t kao punilo<br data-start=\"157\" data-end=\"160\" \/>Vanjski pla\u0161t: HFFR (bezhalogeni, vatrootporni spoj)<\/p>\n<h2>Tehni\u010dke karakteristike<\/h2>\n<p>CPR klasa: Eca<br data-start=\"14\" data-end=\"17\" \/>Ispitni napon: 2000 V (4000 V za presjeke od 4 mm\u00b2 i vi\u0161e)<br data-start=\"75\" data-end=\"78\" \/>Nazivni napon: 300\/500 V (0,6\/1 kV za presjeke od 4 mm\u00b2 i vi\u0161e)<br data-start=\"141\" data-end=\"144\" \/>Minimalni radijus savijanja: 10D<br data-start=\"176\" data-end=\"179\" \/>Temperatura polaganja kabela: od -15\u202f\u00b0C do +50\u202f\u00b0C<br data-start=\"228\" data-end=\"231\" \/>Maksimalna temperatura vodi\u010da: 90\u202f\u00b0C<br data-start=\"267\" data-end=\"270\" \/>Maksimalna temperatura kod kratkog spoja: 250\u202f\u00b0C<\/p>\n","protected":false},"excerpt":{"rendered":"<p><span class=\"fontstyle0\">Bezhalogeni instalacijski kabeli 300\/500 V<\/span><\/p>\n","protected":false},"author":2,"featured_media":4336,"template":"","meta":{"_acf_changed":false},"product_brand":[87],"product_cat":[197,185,289,302,199,357,186,273,205,215,356,293,198,192,239,187,267,228,208,354,193,194,207,188,212,189,259],"product_tag":[],"class_list":{"0":"post-1441","1":"product","2":"type-product","3":"status-publish","4":"has-post-thumbnail","6":"product_brand-ttcables","7":"product_cat-bosna-i-hercegovina","8":"product_cat-certifikat","9":"product_cat-ce-hr","10":"product_cat-cpr-hr","11":"product_cat-danska","12":"product_cat-din-vde-0250-215-hr","13":"product_cat-drzava","14":"product_cat-energetski-kabeli","15":"product_cat-finska","16":"product_cat-gradevinarstvo","17":"product_cat-grcka","18":"product_cat-hd-603-s1-hr-hr","19":"product_cat-hrvatska","20":"product_cat-iec-hr","21":"product_cat-iec-60502-1-hr","22":"product_cat-industrija","23":"product_cat-lszh-kabeli-bez-halogeni-kabeli","24":"product_cat-mreze-za-prijenos-distribuciju-i-napajanje","25":"product_cat-norveska","26":"product_cat-p-5b-hr","27":"product_cat-reach-hr","28":"product_cat-rohs-hr","29":"product_cat-srbija","30":"product_cat-standard-hr","31":"product_cat-svedska","32":"product_cat-tip","33":"product_cat-vatrotporni-kabeli","35":"first","36":"instock","37":"shipping-taxable","38":"product-type-simple"},"acf":[],"_links":{"self":[{"href":"https:\/\/www.ttcables.com\/hr\/wp-json\/wp\/v2\/product\/1441","targetHints":{"allow":["GET"]}}],"collection":[{"href":"https:\/\/www.ttcables.com\/hr\/wp-json\/wp\/v2\/product"}],"about":[{"href":"https:\/\/www.ttcables.com\/hr\/wp-json\/wp\/v2\/types\/product"}],"author":[{"embeddable":true,"href":"https:\/\/www.ttcables.com\/hr\/wp-json\/wp\/v2\/users\/2"}],"wp:featuredmedia":[{"embeddable":true,"href":"https:\/\/www.ttcables.com\/hr\/wp-json\/wp\/v2\/media\/4336"}],"wp:attachment":[{"href":"https:\/\/www.ttcables.com\/hr\/wp-json\/wp\/v2\/media?parent=1441"}],"wp:term":[{"taxonomy":"product_brand","embeddable":true,"href":"https:\/\/www.ttcables.com\/hr\/wp-json\/wp\/v2\/product_brand?post=1441"},{"taxonomy":"product_cat","embeddable":true,"href":"https:\/\/www.ttcables.com\/hr\/wp-json\/wp\/v2\/product_cat?post=1441"},{"taxonomy":"product_tag","embeddable":true,"href":"https:\/\/www.ttcables.com\/hr\/wp-json\/wp\/v2\/product_tag?post=1441"}],"curies":[{"name":"wp","href":"https:\/\/api.w.org\/{rel}","templated":true}]}}