{"id":1445,"date":"2022-04-28T11:41:43","date_gmt":"2022-04-28T09:41:42","guid":{"rendered":"https:\/\/www.ttcables.com\/?post_type=product&#038;p=1445"},"modified":"2022-04-28T15:27:16","modified_gmt":"2022-04-28T13:27:16","slug":"pfsp-hr","status":"publish","type":"product","link":"https:\/\/www.ttcables.com\/hr\/proizvod\/pfsp-hr\/","title":{"rendered":"PFSP"},"content":{"rendered":"<h2>Podru\u010dje Primjene<\/h2>\n<p>Energetski distribucijski kabel za stati\u010dnu upotrebu na otvorenom (sa za\u0161titom od direktnog ultraljubi\u010dastog zra\u010denja), pod zemljom, u vodi, unutar objekata, u kabelskim kanalima, u betonu, u uvjetima gdje postoji mogu\u0107nost od mehani\u010dkih o\u0161te\u0107enja, no gdje kabel nije izlo\u017een sustavnom mehani\u010dkom naprezanju niti ja\u010dem vla\u010dnom istezanju. Upotrebljava se u elektranama, trafostanicama, industrijskim pogonima, gradskim mre\u017eama i drugim elektri\u010dnim postrojenjima. Koncentri\u010dni vodi\u010d mo\u017ee se koristiti kao neutralni, za\u0161titni ili vod uzemljenja, a kod opasnosti od grubog o\u0161te\u0107enja izolacije metalnim predmetom \u0161titi od napona dodira. Zbog konstrukcije valovitog koncentri\u010dnog vodi\u010da mogu\u0107e je uspostaviti vi\u0161e spojeva kabela bez rezanja vodi\u010da.<\/p>\n<p>&nbsp;<\/p>\n<h2>Konstrukcija<\/h2>\n<p>Vodi\u010di: Al vodi\u010di, klasa 1 ili 2 prema normi EN 60228<br \/>\nIzolacija: PVC masa, tip DIV 9<br \/>\nIspuna: Ekstrudirana elastomerna ili plastomerna masa ili plasti\u010dna traka<br \/>\nKoncentri\u010dni vodi\u010d: Cu \u017eice (valovite) spiralno povezane Cu trakom<br \/>\nPla\u0161t: PVC masa, tip DMV 24<\/p>\n<p>&nbsp;<\/p>\n<h2>Tehni\u010dke Karakteristike<\/h2>\n<p>Nazivni napon (Uo\/U): 0,6\/1 kV<br \/>\nIspitni napon: 4 kV<br \/>\nMin. temp. pri polaganju: -10\u00b0C<br \/>\nMax. radna temperatura: 70\u00b0C<br \/>\nMax. temp. kratkog spoja: 160\u00b0C<br \/>\nMin. polumjer savijanja: jedno\u017eilci &#8211; 15D; vi\u0161e\u017eilci &#8211; 12D<\/p>\n<p>&nbsp;<\/p>\n","protected":false},"excerpt":{"rendered":"<p>Energetski kabel 0,6\/1 kV sa Al vodi\u010dima, izoliran i opla\u0161ten PVC-om<\/p>\n","protected":false},"author":3,"featured_media":1387,"template":"","meta":{"_acf_changed":false},"product_brand":[],"product_cat":[185,289,199,186,316,273,200,205,215,192,187,264,204,228,208,193,194,188,212,189],"product_tag":[],"class_list":{"0":"post-1445","1":"product","2":"type-product","3":"status-publish","4":"has-post-thumbnail","6":"product_cat-certifikat","7":"product_cat-ce-hr","8":"product_cat-danska","9":"product_cat-drzava","10":"product_cat-screened-cables-hr","11":"product_cat-energetski-kabeli","12":"product_cat-estonija","13":"product_cat-finska","14":"product_cat-gradevinarstvo","15":"product_cat-iec-hr","16":"product_cat-industrija","17":"product_cat-industrijski-kabeli","18":"product_cat-litvanija","19":"product_cat-mreze-za-prijenos-distribuciju-i-napajanje","20":"product_cat-norveska","21":"product_cat-reach-hr","22":"product_cat-rohs-hr","23":"product_cat-standard-hr","24":"product_cat-svedska","25":"product_cat-tip","27":"first","28":"instock","29":"shipping-taxable","30":"product-type-simple"},"acf":[],"_links":{"self":[{"href":"https:\/\/www.ttcables.com\/hr\/wp-json\/wp\/v2\/product\/1445","targetHints":{"allow":["GET"]}}],"collection":[{"href":"https:\/\/www.ttcables.com\/hr\/wp-json\/wp\/v2\/product"}],"about":[{"href":"https:\/\/www.ttcables.com\/hr\/wp-json\/wp\/v2\/types\/product"}],"author":[{"embeddable":true,"href":"https:\/\/www.ttcables.com\/hr\/wp-json\/wp\/v2\/users\/3"}],"wp:featuredmedia":[{"embeddable":true,"href":"https:\/\/www.ttcables.com\/hr\/wp-json\/wp\/v2\/media\/1387"}],"wp:attachment":[{"href":"https:\/\/www.ttcables.com\/hr\/wp-json\/wp\/v2\/media?parent=1445"}],"wp:term":[{"taxonomy":"product_brand","embeddable":true,"href":"https:\/\/www.ttcables.com\/hr\/wp-json\/wp\/v2\/product_brand?post=1445"},{"taxonomy":"product_cat","embeddable":true,"href":"https:\/\/www.ttcables.com\/hr\/wp-json\/wp\/v2\/product_cat?post=1445"},{"taxonomy":"product_tag","embeddable":true,"href":"https:\/\/www.ttcables.com\/hr\/wp-json\/wp\/v2\/product_tag?post=1445"}],"curies":[{"name":"wp","href":"https:\/\/api.w.org\/{rel}","templated":true}]}}