{"id":1464,"date":"2022-04-28T14:03:23","date_gmt":"2022-04-28T12:03:23","guid":{"rendered":"https:\/\/www.ttcables.com\/proizvod\/nym\/"},"modified":"2025-01-29T10:31:16","modified_gmt":"2025-01-29T09:31:16","slug":"nym-hr","status":"publish","type":"product","link":"https:\/\/www.ttcables.com\/hr\/proizvod\/nym-hr\/","title":{"rendered":"NYM"},"content":{"rendered":"<h2>Podru\u010dje primjene<\/h2>\n<p>Instalacijski kabel pogodan za upotrebu u ku\u0107anstvu i industriji. Pola\u017ee se u, na ili ispod \u017ebuke, u zidove ili u beton, bez naro\u010dite mehani\u010dke za\u0161tite, ali ne u suhi ili prenapregnuti beton. Pogodni za suhu, kao i za vla\u017enu i mokru okolinu; za unutarnju ili vanjsku upotrebu (samo ako je kabel za\u0161ti\u0107en od direktnog sun\u010devog svjetla).<\/p>\n<h2>Konstrukcija<\/h2>\n<p>Vodi\u010di: Cu vodi\u010di, klasa 1 ili 2 prema normi EN 60228<br \/>\nIzolacija: PVC masa, tip TI 1<br \/>\nBedding: PVC ili EPDM masa<br \/>\nPla\u0161t: PVC masa, tip TM 1<\/p>\n<h2>Tehni\u010dke karakteristike<\/h2>\n<p>Nazivni napon (Uo\/U): 300\/500 V<br \/>\nIspitni napon: 2 kV<br \/>\nMax. radna temperatura: 70\u00b0C<br \/>\nMax. temp. kratkog spoja: 160\u00b0C<br \/>\nMin. polumjer savijanja: 6D<\/p>\n","protected":false},"excerpt":{"rendered":"<p>Instalacijski kabeli 300\/500 V, izolirani i pla\u0161tirani PVC-om<\/p>\n","protected":false},"author":3,"featured_media":2376,"template":"","meta":{"_acf_changed":false},"product_brand":[87],"product_cat":[185,289,360,186,215,192,187,260,201,341,275,227,193,194,188,189],"product_tag":[],"class_list":{"0":"post-1464","1":"product","2":"type-product","3":"status-publish","4":"has-post-thumbnail","6":"product_brand-ttcables","7":"product_cat-certifikat","8":"product_cat-ce-hr","9":"product_cat-din-vde-0250-204-hr","10":"product_cat-drzava","11":"product_cat-gradevinarstvo","12":"product_cat-iec-hr","13":"product_cat-industrija","14":"product_cat-instalacijski-vodovi-s-izolacijom","15":"product_cat-njemacka","16":"product_cat-lv-installation-cables-hr","17":"product_cat-pvc-finozicni-kabeli","18":"product_cat-razvodni-uredaji","19":"product_cat-reach-hr","20":"product_cat-rohs-hr","21":"product_cat-standard-hr","22":"product_cat-tip","24":"first","25":"instock","26":"shipping-taxable","27":"product-type-simple"},"acf":[],"_links":{"self":[{"href":"https:\/\/www.ttcables.com\/hr\/wp-json\/wp\/v2\/product\/1464","targetHints":{"allow":["GET"]}}],"collection":[{"href":"https:\/\/www.ttcables.com\/hr\/wp-json\/wp\/v2\/product"}],"about":[{"href":"https:\/\/www.ttcables.com\/hr\/wp-json\/wp\/v2\/types\/product"}],"author":[{"embeddable":true,"href":"https:\/\/www.ttcables.com\/hr\/wp-json\/wp\/v2\/users\/3"}],"wp:featuredmedia":[{"embeddable":true,"href":"https:\/\/www.ttcables.com\/hr\/wp-json\/wp\/v2\/media\/2376"}],"wp:attachment":[{"href":"https:\/\/www.ttcables.com\/hr\/wp-json\/wp\/v2\/media?parent=1464"}],"wp:term":[{"taxonomy":"product_brand","embeddable":true,"href":"https:\/\/www.ttcables.com\/hr\/wp-json\/wp\/v2\/product_brand?post=1464"},{"taxonomy":"product_cat","embeddable":true,"href":"https:\/\/www.ttcables.com\/hr\/wp-json\/wp\/v2\/product_cat?post=1464"},{"taxonomy":"product_tag","embeddable":true,"href":"https:\/\/www.ttcables.com\/hr\/wp-json\/wp\/v2\/product_tag?post=1464"}],"curies":[{"name":"wp","href":"https:\/\/api.w.org\/{rel}","templated":true}]}}