{"id":1467,"date":"2022-04-28T16:17:12","date_gmt":"2022-04-28T14:17:13","guid":{"rendered":"https:\/\/www.ttcables.com\/?post_type=product&#038;p=1467"},"modified":"2022-04-28T16:36:05","modified_gmt":"2022-04-28T14:36:05","slug":"no-n1xz1-afr-hr","status":"publish","type":"product","link":"https:\/\/www.ttcables.com\/hr\/proizvod\/no-n1xz1-afr-hr\/","title":{"rendered":"NO-N1XZ1-AFR"},"content":{"rendered":"<h2>Podru\u010dje primjene<\/h2>\n<p>&nbsp;<\/p>\n<h2>Konstrukcija<\/h2>\n<p>Vodi\u010di: Aluminijsko \u017eareno u\u017ee<br \/>\nIzolacija: XLPE masa<br \/>\nIspuna: Vodonepropusna traka<br \/>\nPla\u0161t: HFFR masa<\/p>\n<h2>Tehni\u010dke karakteristike<\/h2>\n<p>Nazivni napon: 0,6\/1 kV<br \/>\nIspitni napon: 4,5 kV<br \/>\nMin. temp. pri polaganju: -20\u00b0C<br \/>\nMax. radna temperatura: 90\u00b0C<br \/>\nMax. temp. kratkog spoja: 250\u00b0C<br \/>\nMin. polumjer savijanja: vi\u0161e\u017eilci 12D<\/p>\n","protected":false},"excerpt":{"rendered":"<p>Nisko naponski (0,6\/1 kv) kabeli sa XLPE izolacijom i HFFR pla\u0161tom<\/p>\n","protected":false},"author":3,"featured_media":1473,"template":"","meta":{"_acf_changed":false},"product_brand":[87],"product_cat":[185,289,186,273,215,318,192,187,264,260,267,228,208,193,194,312,188,189],"product_tag":[],"class_list":{"0":"post-1467","1":"product","2":"type-product","3":"status-publish","4":"has-post-thumbnail","6":"product_brand-ttcables","7":"product_cat-certifikat","8":"product_cat-ce-hr","9":"product_cat-drzava","10":"product_cat-energetski-kabeli","11":"product_cat-gradevinarstvo","12":"product_cat-hd-604-5d-hr","13":"product_cat-iec-hr","14":"product_cat-industrija","15":"product_cat-industrijski-kabeli","16":"product_cat-instalacijski-vodovi-s-izolacijom","17":"product_cat-lszh-kabeli-bez-halogeni-kabeli","18":"product_cat-mreze-za-prijenos-distribuciju-i-napajanje","19":"product_cat-norveska","20":"product_cat-reach-hr","21":"product_cat-rohs-hr","22":"product_cat-ss-424-14-18-hr","23":"product_cat-standard-hr","24":"product_cat-tip","26":"first","27":"instock","28":"shipping-taxable","29":"product-type-simple"},"acf":[],"_links":{"self":[{"href":"https:\/\/www.ttcables.com\/hr\/wp-json\/wp\/v2\/product\/1467","targetHints":{"allow":["GET"]}}],"collection":[{"href":"https:\/\/www.ttcables.com\/hr\/wp-json\/wp\/v2\/product"}],"about":[{"href":"https:\/\/www.ttcables.com\/hr\/wp-json\/wp\/v2\/types\/product"}],"author":[{"embeddable":true,"href":"https:\/\/www.ttcables.com\/hr\/wp-json\/wp\/v2\/users\/3"}],"wp:featuredmedia":[{"embeddable":true,"href":"https:\/\/www.ttcables.com\/hr\/wp-json\/wp\/v2\/media\/1473"}],"wp:attachment":[{"href":"https:\/\/www.ttcables.com\/hr\/wp-json\/wp\/v2\/media?parent=1467"}],"wp:term":[{"taxonomy":"product_brand","embeddable":true,"href":"https:\/\/www.ttcables.com\/hr\/wp-json\/wp\/v2\/product_brand?post=1467"},{"taxonomy":"product_cat","embeddable":true,"href":"https:\/\/www.ttcables.com\/hr\/wp-json\/wp\/v2\/product_cat?post=1467"},{"taxonomy":"product_tag","embeddable":true,"href":"https:\/\/www.ttcables.com\/hr\/wp-json\/wp\/v2\/product_tag?post=1467"}],"curies":[{"name":"wp","href":"https:\/\/api.w.org\/{rel}","templated":true}]}}