{"id":1475,"date":"2022-04-28T22:27:20","date_gmt":"2022-04-28T20:27:20","guid":{"rendered":"https:\/\/www.ttcables.com\/?post_type=product&#038;p=1475"},"modified":"2026-01-19T10:53:34","modified_gmt":"2026-01-19T09:53:34","slug":"ifsi-emc-al-axqj-emc-hr","status":"publish","type":"product","link":"https:\/\/www.ttcables.com\/hr\/proizvod\/ifsi-emc-al-axqj-emc-hr\/","title":{"rendered":"IFSI-EMC Al, AXQJ-EMC"},"content":{"rendered":"<h2>Podru\u010dje primjene<\/h2>\n<p>EMC oklopljeni elektri\u010dni kabel s aluminijskim vodi\u010dima. Bez halogena, vatrootporan je i u slu\u010daju po\u017eara plamen se sam gasi. Dim je u slu\u010daju po\u017eara minimalan, proziran i nije \u0161tetan za elektroni\u010dku opremu. Za fiksnu ugradnju, u zatvorenom prostoru, na otvorenom, u cijevima, zemlji ili vodi. Pogodno za razvodna i potencijalno eksplozivna podru\u010dja. Mo\u017ee se polagati zaoravanjem kad se vodi ra\u010duna. Ekran od bakra 100% pokriva \u017eile i odgovara EMC direktivi s odgovaraju\u0107om ugradnjom.<\/p>\n<h2>Konstrukcija<\/h2>\n<p>Vodi\u010di: Al vodi\u010di, klasa 2 prema normi EN 60228<br \/>\nIzolacija: XLPE masa<br \/>\nIspuna: Plasti\u010dna traka, bezhalogena<br \/>\nKoncentri\u010dni vodi\u010d: Cu traka (folija) i Cu \u017eice spiralno<br \/>\npovezane Cu trakom<br \/>\nPla\u0161t: Bezhalogena masa, crna<\/p>\n<h2>Tehni\u010dke karakteristike<\/h2>\n<p>Nazivni napon (Uo\/U): 0,6\/1 kV<br \/>\nMin. temp. pri polaganju: -20\u00b0C (pri polaganju ispod<br \/>\n0\u00b0C potrebna je posebna pa\u017enja)<br \/>\nMax. radna temperatura: 90\u00b0C<br \/>\nMax. temp. kratkog spoja: 250\u00b0C<br \/>\nMin. polumjer savijanja:<br \/>\nvi\u0161e\u017eilci &#8211; 12D<\/p>\n","protected":false},"excerpt":{"rendered":"<p>EMC oklopljeni elektri\u010dni kabel s aluminijskim vodi\u010dima.<\/p>\n","protected":false},"author":2,"featured_media":1477,"template":"","meta":{"_acf_changed":false},"product_brand":[87],"product_cat":[185,289,302,199,186,316,273,200,205,215,318,235,192,239,187,264,204,267,228,208,193,194,188,212,189],"product_tag":[],"class_list":{"0":"post-1475","1":"product","2":"type-product","3":"status-publish","4":"has-post-thumbnail","6":"product_brand-ttcables","7":"product_cat-certifikat","8":"product_cat-ce-hr","9":"product_cat-cpr-hr","10":"product_cat-danska","11":"product_cat-drzava","12":"product_cat-screened-cables-hr","13":"product_cat-energetski-kabeli","14":"product_cat-estonija","15":"product_cat-finska","16":"product_cat-gradevinarstvo","17":"product_cat-hd-604-5d-hr","18":"product_cat-hd-604-s1-hr","19":"product_cat-iec-hr","20":"product_cat-iec-60502-1-hr","21":"product_cat-industrija","22":"product_cat-industrijski-kabeli","23":"product_cat-litvanija","24":"product_cat-lszh-kabeli-bez-halogeni-kabeli","25":"product_cat-mreze-za-prijenos-distribuciju-i-napajanje","26":"product_cat-norveska","27":"product_cat-reach-hr","28":"product_cat-rohs-hr","29":"product_cat-standard-hr","30":"product_cat-svedska","31":"product_cat-tip","33":"first","34":"instock","35":"shipping-taxable","36":"product-type-simple"},"acf":[],"_links":{"self":[{"href":"https:\/\/www.ttcables.com\/hr\/wp-json\/wp\/v2\/product\/1475","targetHints":{"allow":["GET"]}}],"collection":[{"href":"https:\/\/www.ttcables.com\/hr\/wp-json\/wp\/v2\/product"}],"about":[{"href":"https:\/\/www.ttcables.com\/hr\/wp-json\/wp\/v2\/types\/product"}],"author":[{"embeddable":true,"href":"https:\/\/www.ttcables.com\/hr\/wp-json\/wp\/v2\/users\/2"}],"wp:featuredmedia":[{"embeddable":true,"href":"https:\/\/www.ttcables.com\/hr\/wp-json\/wp\/v2\/media\/1477"}],"wp:attachment":[{"href":"https:\/\/www.ttcables.com\/hr\/wp-json\/wp\/v2\/media?parent=1475"}],"wp:term":[{"taxonomy":"product_brand","embeddable":true,"href":"https:\/\/www.ttcables.com\/hr\/wp-json\/wp\/v2\/product_brand?post=1475"},{"taxonomy":"product_cat","embeddable":true,"href":"https:\/\/www.ttcables.com\/hr\/wp-json\/wp\/v2\/product_cat?post=1475"},{"taxonomy":"product_tag","embeddable":true,"href":"https:\/\/www.ttcables.com\/hr\/wp-json\/wp\/v2\/product_tag?post=1475"}],"curies":[{"name":"wp","href":"https:\/\/api.w.org\/{rel}","templated":true}]}}