{"id":1483,"date":"2022-04-28T22:53:15","date_gmt":"2022-04-28T20:53:16","guid":{"rendered":"https:\/\/www.ttcables.com\/?post_type=product&#038;p=1483"},"modified":"2022-05-06T15:53:48","modified_gmt":"2022-05-06T13:53:48","slug":"ix-al-ixxx-al-hr","status":"publish","type":"product","link":"https:\/\/www.ttcables.com\/hr\/proizvod\/ix-al-ixxx-al-hr\/","title":{"rendered":"IX-Al, IXXX-Al"},"content":{"rendered":"<h2>Podru\u010dje primjene<\/h2>\n<p>Kabeli nazivnog napona do i uklju\u010duju\u0107i 450\/750 V, sa termoplasti\u010dnom izolacijom. Jedno\u017eilni kablovi, otporni na \u0161irenje plamena, izolirani termoplasti\u010dnim smjesom bez halogena, za fiksno o\u017ei\u010denje. Mo\u017ee se instalirati u cjevovode, u\u010dvr\u0161\u0107ene na povr\u0161inama ili ugra\u0111enim ili u zatvorenim analognim sustavima, posebno nazna\u010deno za situaciju u kojoj je potrebno smanjiti emisiju korozivnog dima i plinova, na primjer u slu\u010daju po\u017eara. U zauzetim uljim mjestima poput bolnica, kina, \u0161kola itd. Za detaljnije informacije pogledajte EN 50565 Vodi\u010d za upotrebu kabela s nazivnim naponom koji ne prelazi 450\/750 V (U0 \/ U)<\/p>\n<h2>Konstrukcija<\/h2>\n<p>Vodi\u010di: Al vodi\u010di, klasa 2 prema normi EN 60228<br \/>\nIzolacija: LS0H masa<br \/>\nBoja izolacije: po zahtjevu<\/p>\n<h2>Tehni\u010dke karakteristike<\/h2>\n<p>Nazivni napon (Uo\/U): 450\/750 V<br \/>\nIspitni napon: 2,5 kV<br \/>\nMax. radna temperatura: 70\u00b0C<br \/>\nMax. temp. kratkog spoja: 160\u00b0C<br \/>\nMin. polumjer savijanja: jedno\u017eilci &#8211; 6D<\/p>\n","protected":false},"excerpt":{"rendered":"<p><span class=\"fontstyle0\">Ne pla\u0161tirani jedno\u017eilni instalacijski kabeli 450\/750 V, izolirani HFFR izolacijom<\/span><\/p>\n","protected":false},"author":2,"featured_media":1974,"template":"","meta":{"_acf_changed":false},"product_brand":[87],"product_cat":[185,289,199,186,345,200,205,215,192,239,187,260,204,267,341,208,227,193,194,188,212,189],"product_tag":[],"class_list":{"0":"post-1483","1":"product","2":"type-product","3":"status-publish","4":"has-post-thumbnail","6":"product_brand-ttcables","7":"product_cat-certifikat","8":"product_cat-ce-hr","9":"product_cat-danska","10":"product_cat-drzava","11":"product_cat-en-50525-3-31-hr","12":"product_cat-estonija","13":"product_cat-finska","14":"product_cat-gradevinarstvo","15":"product_cat-iec-hr","16":"product_cat-iec-60502-1-hr","17":"product_cat-industrija","18":"product_cat-instalacijski-vodovi-s-izolacijom","19":"product_cat-litvanija","20":"product_cat-lszh-kabeli-bez-halogeni-kabeli","21":"product_cat-lv-installation-cables-hr","22":"product_cat-norveska","23":"product_cat-razvodni-uredaji","24":"product_cat-reach-hr","25":"product_cat-rohs-hr","26":"product_cat-standard-hr","27":"product_cat-svedska","28":"product_cat-tip","30":"first","31":"instock","32":"shipping-taxable","33":"product-type-simple"},"acf":[],"_links":{"self":[{"href":"https:\/\/www.ttcables.com\/hr\/wp-json\/wp\/v2\/product\/1483","targetHints":{"allow":["GET"]}}],"collection":[{"href":"https:\/\/www.ttcables.com\/hr\/wp-json\/wp\/v2\/product"}],"about":[{"href":"https:\/\/www.ttcables.com\/hr\/wp-json\/wp\/v2\/types\/product"}],"author":[{"embeddable":true,"href":"https:\/\/www.ttcables.com\/hr\/wp-json\/wp\/v2\/users\/2"}],"wp:featuredmedia":[{"embeddable":true,"href":"https:\/\/www.ttcables.com\/hr\/wp-json\/wp\/v2\/media\/1974"}],"wp:attachment":[{"href":"https:\/\/www.ttcables.com\/hr\/wp-json\/wp\/v2\/media?parent=1483"}],"wp:term":[{"taxonomy":"product_brand","embeddable":true,"href":"https:\/\/www.ttcables.com\/hr\/wp-json\/wp\/v2\/product_brand?post=1483"},{"taxonomy":"product_cat","embeddable":true,"href":"https:\/\/www.ttcables.com\/hr\/wp-json\/wp\/v2\/product_cat?post=1483"},{"taxonomy":"product_tag","embeddable":true,"href":"https:\/\/www.ttcables.com\/hr\/wp-json\/wp\/v2\/product_tag?post=1483"}],"curies":[{"name":"wp","href":"https:\/\/api.w.org\/{rel}","templated":true}]}}