{"id":1495,"date":"2022-04-28T23:41:32","date_gmt":"2022-04-28T21:41:32","guid":{"rendered":"https:\/\/www.ttcables.com\/?post_type=product&#038;p=1495"},"modified":"2022-04-29T10:34:14","modified_gmt":"2022-04-29T08:34:14","slug":"mmo-hr","status":"publish","type":"product","link":"https:\/\/www.ttcables.com\/hr\/proizvod\/mmo-hr\/","title":{"rendered":"MMO"},"content":{"rendered":"<h2>Podru\u010dje primjene<\/h2>\n<p>Signalni kabel koji se upotrebljava za nadzor i upravljanje stati\u010dnih ili mobilnih ure\u0111aja, u industriji, elektri\u010dnim postrojenjima ili uredima. Instalira se unutar suhih ili vla\u017enih prostorija, a vani samo uz za\u0161titu od ultraljubi\u010dastog zra\u010denja. Nije za polaganje u zemlju ili pod vodu<\/p>\n<h2>Konstrukcija<\/h2>\n<p>Vodi\u010di: Cu vodi\u010di, klasa 1 prema normi EN 60228<br \/>\nIzolacija: PVC masa, tip TI 1<br \/>\nIspuna: Ekstrudirana elastomerna ili plastomerna<br \/>\nmasa ili plasti\u010dna traka<br \/>\nPla\u0161t: PVC masa, tip TM 1<\/p>\n<h2>Tehni\u010dke karakteristike<\/h2>\n<p>Nazivni napon (Uo\/U): 450\/750 V<br \/>\nMin. temp. pri polaganju: -15\u00b0C<br \/>\nMax. radna temperatura: 70\u00b0C<br \/>\nMax. temp. kratkog spoja: 160\u00b0C Max.<br \/>\nMin. polumjer savijanja:<br \/>\nvi\u0161e\u017eilci &#8211; 12D<\/p>\n","protected":false},"excerpt":{"rendered":"<p><span class=\"fontstyle0\">Energetski kabel 450\/750 V sa Cu vodi\u010dima, izoliran i opla\u0161ten PVC-om<\/span><\/p>\n","protected":false},"author":2,"featured_media":1497,"template":"","meta":{"_acf_changed":false},"product_brand":[87],"product_cat":[185,289,302,186,205,215,236,192,187,255,363,275,193,194,188,189],"product_tag":[],"class_list":{"0":"post-1495","1":"product","2":"type-product","3":"status-publish","4":"has-post-thumbnail","6":"product_brand-ttcables","7":"product_cat-certifikat","8":"product_cat-ce-hr","9":"product_cat-cpr-hr","10":"product_cat-drzava","11":"product_cat-finska","12":"product_cat-gradevinarstvo","13":"product_cat-hd-627-s1-hr","14":"product_cat-iec-hr","15":"product_cat-industrija","16":"product_cat-nadzorni-kabeli","17":"product_cat-p-4d-2-hr","18":"product_cat-pvc-finozicni-kabeli","19":"product_cat-reach-hr","20":"product_cat-rohs-hr","21":"product_cat-standard-hr","22":"product_cat-tip","24":"first","25":"instock","26":"shipping-taxable","27":"product-type-simple"},"acf":[],"_links":{"self":[{"href":"https:\/\/www.ttcables.com\/hr\/wp-json\/wp\/v2\/product\/1495","targetHints":{"allow":["GET"]}}],"collection":[{"href":"https:\/\/www.ttcables.com\/hr\/wp-json\/wp\/v2\/product"}],"about":[{"href":"https:\/\/www.ttcables.com\/hr\/wp-json\/wp\/v2\/types\/product"}],"author":[{"embeddable":true,"href":"https:\/\/www.ttcables.com\/hr\/wp-json\/wp\/v2\/users\/2"}],"wp:featuredmedia":[{"embeddable":true,"href":"https:\/\/www.ttcables.com\/hr\/wp-json\/wp\/v2\/media\/1497"}],"wp:attachment":[{"href":"https:\/\/www.ttcables.com\/hr\/wp-json\/wp\/v2\/media?parent=1495"}],"wp:term":[{"taxonomy":"product_brand","embeddable":true,"href":"https:\/\/www.ttcables.com\/hr\/wp-json\/wp\/v2\/product_brand?post=1495"},{"taxonomy":"product_cat","embeddable":true,"href":"https:\/\/www.ttcables.com\/hr\/wp-json\/wp\/v2\/product_cat?post=1495"},{"taxonomy":"product_tag","embeddable":true,"href":"https:\/\/www.ttcables.com\/hr\/wp-json\/wp\/v2\/product_tag?post=1495"}],"curies":[{"name":"wp","href":"https:\/\/api.w.org\/{rel}","templated":true}]}}