{"id":1552,"date":"2022-04-29T12:53:36","date_gmt":"2022-04-29T10:53:37","guid":{"rendered":"https:\/\/www.ttcables.com\/?post_type=product&#038;p=1552"},"modified":"2022-04-29T13:36:17","modified_gmt":"2022-04-29T11:36:17","slug":"nyry-hr","status":"publish","type":"product","link":"https:\/\/www.ttcables.com\/hr\/proizvod\/nyry-hr\/","title":{"rendered":"NYRY"},"content":{"rendered":"<h2>Podru\u010dje primjene<\/h2>\n<p>U zemlju, kanale, na konzole, u suhim i vla\u017enim prostorijama i sli\u010dno, gdje se o\u010dekuju mehani\u010dka o\u0161te\u0107enja, a kabeli nisu izlo\u017eeni mehani\u010dkom vla\u010dnom naprezanju. U gradskim mre\u017eama, industrijskim pogonima, elektranama i drugim elektri\u010dnim postrojenjima te za povezivanje signalnih ure\u0111aja u industriji, prometu i sli\u010dno.<\/p>\n<p>&nbsp;<\/p>\n<h2>Konstrukcija<\/h2>\n<p>1. Vodi\u010d : Bakreno u\u017ee<br \/>\n2. Izolacija : PVC masa<br \/>\n3. Ispuna : Ekstrudirana elastomerna ili plastomerna masa ili plasti\u010dna traka<br \/>\n4. Armatura : Galvanizirane \u010deli\u010dne \u017eice ili Al \u017eice za jedno\u017eilne kabele<br \/>\n5. Pla\u0161t : PVC masa<\/p>\n<p>&nbsp;<\/p>\n<h2>Tehni\u010dke karakteristike<\/h2>\n<p>Nazivni napon : 0,6\/1 kV<br \/>\nIspitni napon : 4 kV<br \/>\nMin. temp. pri polaganju: -5\u00b0C<br \/>\nMax. radna temperatura: +90\u00b0C<br \/>\nMax. temp. kratkog spoja: +250\u00b0C<br \/>\nMin. polumjer savijanja: Jedno\u017eilci 15D; vi\u0161e\u017eilci 12D<\/p>\n<p>&nbsp;<\/p>\n<p>&nbsp;<\/p>\n","protected":false},"excerpt":{"rendered":"<p>Nisko naponski (0,6\/1 kv) kabeli sa PVC izolacijom i pvc pla\u0161tom, armiran \u010deli\u010dnom ili Al \u017eicom<\/p>\n","protected":false},"author":3,"featured_media":1556,"template":"","meta":{"_acf_changed":false},"product_brand":[87],"product_cat":[196,185,289,186,273,215,293,192,239,187,264,228,201,250,365,193,194,188,189],"product_tag":[],"class_list":{"0":"post-1552","1":"product","2":"type-product","3":"status-publish","4":"has-post-thumbnail","6":"product_brand-ttcables","7":"product_cat-austrija","8":"product_cat-certifikat","9":"product_cat-ce-hr","10":"product_cat-drzava","11":"product_cat-energetski-kabeli","12":"product_cat-gradevinarstvo","13":"product_cat-hd-603-s1-hr-hr","14":"product_cat-iec-hr","15":"product_cat-iec-60502-1-hr","16":"product_cat-industrija","17":"product_cat-industrijski-kabeli","18":"product_cat-mreze-za-prijenos-distribuciju-i-napajanje","19":"product_cat-njemacka","20":"product_cat-oklopljeni-kabeli","21":"product_cat-poljska","22":"product_cat-reach-hr","23":"product_cat-rohs-hr","24":"product_cat-standard-hr","25":"product_cat-tip","27":"first","28":"instock","29":"shipping-taxable","30":"product-type-simple"},"acf":[],"_links":{"self":[{"href":"https:\/\/www.ttcables.com\/hr\/wp-json\/wp\/v2\/product\/1552","targetHints":{"allow":["GET"]}}],"collection":[{"href":"https:\/\/www.ttcables.com\/hr\/wp-json\/wp\/v2\/product"}],"about":[{"href":"https:\/\/www.ttcables.com\/hr\/wp-json\/wp\/v2\/types\/product"}],"author":[{"embeddable":true,"href":"https:\/\/www.ttcables.com\/hr\/wp-json\/wp\/v2\/users\/3"}],"wp:featuredmedia":[{"embeddable":true,"href":"https:\/\/www.ttcables.com\/hr\/wp-json\/wp\/v2\/media\/1556"}],"wp:attachment":[{"href":"https:\/\/www.ttcables.com\/hr\/wp-json\/wp\/v2\/media?parent=1552"}],"wp:term":[{"taxonomy":"product_brand","embeddable":true,"href":"https:\/\/www.ttcables.com\/hr\/wp-json\/wp\/v2\/product_brand?post=1552"},{"taxonomy":"product_cat","embeddable":true,"href":"https:\/\/www.ttcables.com\/hr\/wp-json\/wp\/v2\/product_cat?post=1552"},{"taxonomy":"product_tag","embeddable":true,"href":"https:\/\/www.ttcables.com\/hr\/wp-json\/wp\/v2\/product_tag?post=1552"}],"curies":[{"name":"wp","href":"https:\/\/api.w.org\/{rel}","templated":true}]}}