{"id":1565,"date":"2022-04-29T13:59:08","date_gmt":"2022-04-29T11:59:09","guid":{"rendered":"https:\/\/www.ttcables.com\/?post_type=product&#038;p=1565"},"modified":"2022-04-29T14:07:59","modified_gmt":"2022-04-29T12:07:59","slug":"nyby-hr","status":"publish","type":"product","link":"https:\/\/www.ttcables.com\/hr\/proizvod\/nyby-hr\/","title":{"rendered":"NYBY"},"content":{"rendered":"<h2>Podru\u010dje primjene<\/h2>\n<p>Energetski distribucijski i signalni kabeli za stati\u010dnu upotrebu naj\u010de\u0161\u0107e pod zemljom, mogu se koristiti unutar i van objekata, u kabelskim kanalima, u betonu. Koriste se u elektranama i drugim elektri\u010dnim postrojenjima, u industriji, gradskim mre\u017eama te za povezivanje signalnih ure\u0111aja u industriji, prometu i sli\u010dno. Otporan je na mehani\u010dka optere\u0107enja, mo\u017ee podnijeti ja\u010da mehani\u010dka vla\u010dna istezanja i biti polo\u017een koso ili vertikalno, kao i na terene podlo\u017ene klizanju.<\/p>\n<p>&nbsp;<\/p>\n<h2>Konstrukcija<\/h2>\n<p>Vodi\u010di: Cu vodi\u010di, klasa 2 prema normi EN 60228<br \/>\nIzolacija: PVC masa DIV 4<br \/>\nIspuna: Ekstrudirana elastomerna ili plastomerna masa ili plasti\u010dna traka<br \/>\nArmatura: dvije galvanizirane \u010deli\u010dne trake<br \/>\nPla\u0161t: PVC masa DMV 5<\/p>\n<p>&nbsp;<\/p>\n<h2>Tehni\u010dke karakteristike<\/h2>\n<p>Nazivni napon (Uo\/U): 0,6\/1 kV<br \/>\nMin. temp. pri polaganju: -5\u00b0C<br \/>\nMax. radna temperatura: 70\u00b0C<br \/>\nMax. temp. kratkog spoja: 160\u00b0C<br \/>\nMin. polumjer savijanja: jedno\u017eilci &#8211; 15D; vi\u0161e\u017eilci &#8211; 12D<\/p>\n<p>&nbsp;<\/p>\n<p>&nbsp;<\/p>\n","protected":false},"excerpt":{"rendered":"<p>Energetski kabel 0,6\/1 kV sa Cu vodi\u010dima, izoliran i opla\u0161ten PVCom<\/p>\n","protected":false},"author":3,"featured_media":1567,"template":"","meta":{"_acf_changed":false},"product_brand":[87],"product_cat":[196,185,289,186,273,215,293,198,192,239,187,264,228,201,250,365,193,194,188,189],"product_tag":[],"class_list":{"0":"post-1565","1":"product","2":"type-product","3":"status-publish","4":"has-post-thumbnail","6":"product_brand-ttcables","7":"product_cat-austrija","8":"product_cat-certifikat","9":"product_cat-ce-hr","10":"product_cat-drzava","11":"product_cat-energetski-kabeli","12":"product_cat-gradevinarstvo","13":"product_cat-hd-603-s1-hr-hr","14":"product_cat-hrvatska","15":"product_cat-iec-hr","16":"product_cat-iec-60502-1-hr","17":"product_cat-industrija","18":"product_cat-industrijski-kabeli","19":"product_cat-mreze-za-prijenos-distribuciju-i-napajanje","20":"product_cat-njemacka","21":"product_cat-oklopljeni-kabeli","22":"product_cat-poljska","23":"product_cat-reach-hr","24":"product_cat-rohs-hr","25":"product_cat-standard-hr","26":"product_cat-tip","28":"first","29":"instock","30":"shipping-taxable","31":"product-type-simple"},"acf":[],"_links":{"self":[{"href":"https:\/\/www.ttcables.com\/hr\/wp-json\/wp\/v2\/product\/1565","targetHints":{"allow":["GET"]}}],"collection":[{"href":"https:\/\/www.ttcables.com\/hr\/wp-json\/wp\/v2\/product"}],"about":[{"href":"https:\/\/www.ttcables.com\/hr\/wp-json\/wp\/v2\/types\/product"}],"author":[{"embeddable":true,"href":"https:\/\/www.ttcables.com\/hr\/wp-json\/wp\/v2\/users\/3"}],"wp:featuredmedia":[{"embeddable":true,"href":"https:\/\/www.ttcables.com\/hr\/wp-json\/wp\/v2\/media\/1567"}],"wp:attachment":[{"href":"https:\/\/www.ttcables.com\/hr\/wp-json\/wp\/v2\/media?parent=1565"}],"wp:term":[{"taxonomy":"product_brand","embeddable":true,"href":"https:\/\/www.ttcables.com\/hr\/wp-json\/wp\/v2\/product_brand?post=1565"},{"taxonomy":"product_cat","embeddable":true,"href":"https:\/\/www.ttcables.com\/hr\/wp-json\/wp\/v2\/product_cat?post=1565"},{"taxonomy":"product_tag","embeddable":true,"href":"https:\/\/www.ttcables.com\/hr\/wp-json\/wp\/v2\/product_tag?post=1565"}],"curies":[{"name":"wp","href":"https:\/\/api.w.org\/{rel}","templated":true}]}}