{"id":1618,"date":"2022-05-01T21:17:34","date_gmt":"2022-05-01T19:17:34","guid":{"rendered":"https:\/\/www.ttcables.com\/?post_type=product&#038;p=1618"},"modified":"2025-08-07T15:45:07","modified_gmt":"2025-08-07T13:45:07","slug":"n2xh-hr","status":"publish","type":"product","link":"https:\/\/www.ttcables.com\/hr\/proizvod\/n2xh-hr\/","title":{"rendered":"N2XH"},"content":{"rendered":"<h2>Podru\u010dje primjene<\/h2>\n<p>U zemlju, kanale, na konzole, u suhim i vla\u017enim prostorijama i sli\u010dno, gdje se ne o\u010dekuju mehani\u010dka o\u0161te\u0107enja, a kabeli nisu izlo\u017eeni mehani\u010dkom vla\u010dnom naprezanju. U gradskim mre\u017eama, industrijskim pogonima, elektranama i drugim elektri\u010dnim postrojenjima te za povezivanje signalnih ure\u0111aja u industriji, prometu i sli\u010dno, gdje su potrebne sigurnosne mjere prevencije od \u0161iren<\/p>\n<h2>Konstrukcija<\/h2>\n<p>Vodi\u010di: Cu vodi\u010di, klasa 1 ili 2 prema normi EN 60228<br \/>\nIzolacija: XLPE masa, tip 2XI1<br \/>\nIspuna: Ekstrudirana elastomerna ili plastomerna beshalogena masa ili plasti\u010dna traka<br \/>\nPla\u0161t: HFFR masa, tip HM4<\/p>\n<h2>Tehni\u010dke karakteristike<\/h2>\n<p>Nazivni napon (Uo\/U): 0,6\/1 kV<br \/>\nIspitni napon: 4 kV<br \/>\nMin. temp. pri polaganju: -5\u00b0C<br \/>\nMax. radna temperatura: 90\u00b0C<br \/>\nMax. temp. kratkog spoja: 250\u00b0C<br \/>\nMin. polumjer savijanja: jedno\u017eilci \u2013 15D; vi\u0161e\u017eilci &#8211; 12D<br \/>\nCPR klasa: B2ca &#8211; s1,d1,a1.<br \/>\nUV otpornost: Da<br \/>\nEmisija dima: EN 61034<br \/>\nHalogen-free: EN 60754<br \/>\nOtpornost na vatru: EN 60332-3<\/p>\n","protected":false},"excerpt":{"rendered":"<p>Energetski kabel 0,6\/1 kV sa Cu vodi\u010dima, izoliran XLPE-om i opla\u0161ten HFFR-om<\/p>\n","protected":false},"author":2,"featured_media":1610,"template":"","meta":{"_acf_changed":false},"product_brand":[87],"product_cat":[196,185,289,302,186,273,215,318,235,198,192,239,187,264,263,267,228,201,217,365,193,194,207,188,189,248],"product_tag":[],"class_list":{"0":"post-1618","1":"product","2":"type-product","3":"status-publish","4":"has-post-thumbnail","6":"product_brand-ttcables","7":"product_cat-austrija","8":"product_cat-certifikat","9":"product_cat-ce-hr","10":"product_cat-cpr-hr","11":"product_cat-drzava","12":"product_cat-energetski-kabeli","13":"product_cat-gradevinarstvo","14":"product_cat-hd-604-5d-hr","15":"product_cat-hd-604-s1-hr","16":"product_cat-hrvatska","17":"product_cat-iec-hr","18":"product_cat-iec-60502-1-hr","19":"product_cat-industrija","20":"product_cat-industrijski-kabeli","21":"product_cat-kabeli-za-podatkovni-centar","22":"product_cat-lszh-kabeli-bez-halogeni-kabeli","23":"product_cat-mreze-za-prijenos-distribuciju-i-napajanje","24":"product_cat-njemacka","25":"product_cat-podaktovni-centri","26":"product_cat-poljska","27":"product_cat-reach-hr","28":"product_cat-rohs-hr","29":"product_cat-srbija","30":"product_cat-standard-hr","31":"product_cat-tip","32":"product_cat-vde-0276-604-standard-hr","34":"first","35":"instock","36":"shipping-taxable","37":"product-type-simple"},"acf":[],"_links":{"self":[{"href":"https:\/\/www.ttcables.com\/hr\/wp-json\/wp\/v2\/product\/1618","targetHints":{"allow":["GET"]}}],"collection":[{"href":"https:\/\/www.ttcables.com\/hr\/wp-json\/wp\/v2\/product"}],"about":[{"href":"https:\/\/www.ttcables.com\/hr\/wp-json\/wp\/v2\/types\/product"}],"author":[{"embeddable":true,"href":"https:\/\/www.ttcables.com\/hr\/wp-json\/wp\/v2\/users\/2"}],"wp:featuredmedia":[{"embeddable":true,"href":"https:\/\/www.ttcables.com\/hr\/wp-json\/wp\/v2\/media\/1610"}],"wp:attachment":[{"href":"https:\/\/www.ttcables.com\/hr\/wp-json\/wp\/v2\/media?parent=1618"}],"wp:term":[{"taxonomy":"product_brand","embeddable":true,"href":"https:\/\/www.ttcables.com\/hr\/wp-json\/wp\/v2\/product_brand?post=1618"},{"taxonomy":"product_cat","embeddable":true,"href":"https:\/\/www.ttcables.com\/hr\/wp-json\/wp\/v2\/product_cat?post=1618"},{"taxonomy":"product_tag","embeddable":true,"href":"https:\/\/www.ttcables.com\/hr\/wp-json\/wp\/v2\/product_tag?post=1618"}],"curies":[{"name":"wp","href":"https:\/\/api.w.org\/{rel}","templated":true}]}}