{"id":1620,"date":"2022-05-01T21:31:56","date_gmt":"2022-05-01T19:31:58","guid":{"rendered":"https:\/\/www.ttcables.com\/?post_type=product&#038;p=1620"},"modified":"2022-09-28T10:37:20","modified_gmt":"2022-09-28T08:37:20","slug":"n2xby-hr","status":"publish","type":"product","link":"https:\/\/www.ttcables.com\/hr\/proizvod\/n2xby-hr\/","title":{"rendered":"N2XBY"},"content":{"rendered":"<h2>Podru\u010dje primjene<\/h2>\n<p>Energetski distribucijski kabel za stati\u010dnu upotrebu naj\u010de\u0161\u0107e pod zemljom, mogu se koristiti u vodi, unutar objekata, u kabelskim kanalima, u betonu. Upotrebljava se u elektranama, trafostanicama, industrijskim pogonima, gradskim mre\u017eama i drugim elektri\u010dnim postrojenjima. Koristi se u uvjetima gdje je potrebna za\u0161tita od te\u017eih mehani\u010dkih o\u0161te\u0107enja, ali gdje kabeli nisu izlo\u017eeni ja\u010dem vla\u010dnom istezanju.<\/p>\n<h2>Konstrukcija<\/h2>\n<p>Vodi\u010di: Cu vodi\u010di, klasa1 ili 2 prema normi EN 60228<br \/>\nIzolacija: XLPE masa DIX 3<br \/>\nIspuna: Ekstrudirana elastomerna ili plastomerna masa ili plasti\u010dna traka<br \/>\nArmatura: dvije galvanizirane \u010deli\u010dne trake<br \/>\nPla\u0161t: PVC masa DMV 6<\/p>\n<h2>Tehni\u010dke karakteristike<\/h2>\n<p>Nazivni napon (Uo\/U): 0,6\/1 kV<br \/>\nIspitni napon: 4 kV<br \/>\nMin. temp. pri polaganju: -5\u00b0C<br \/>\nMax. radna temperatura: 90\u00b0C<br \/>\nMax. temp. kratkog spoja: 250\u00b0C<br \/>\nMin. polumjer savijanja: jedno\u017eilci &#8211; 15D; vi\u0161e\u017eilci &#8211; 12D<br \/>\nCPR klasa: Eca<\/p>\n","protected":false},"excerpt":{"rendered":"<p>Energetski kabel 0,6\/1 kV sa Cu vodi\u010dima, izoliran XLPE-om i opla\u0161ten PVC-om<\/p>\n","protected":false},"author":2,"featured_media":1622,"template":"","meta":{"_acf_changed":false},"product_brand":[87],"product_cat":[196,185,289,186,273,215,293,192,239,187,264,228,201,250,365,193,194,222,188,189],"product_tag":[],"class_list":{"0":"post-1620","1":"product","2":"type-product","3":"status-publish","4":"has-post-thumbnail","6":"product_brand-ttcables","7":"product_cat-austrija","8":"product_cat-certifikat","9":"product_cat-ce-hr","10":"product_cat-drzava","11":"product_cat-energetski-kabeli","12":"product_cat-gradevinarstvo","13":"product_cat-hd-603-s1-hr-hr","14":"product_cat-iec-hr","15":"product_cat-iec-60502-1-hr","16":"product_cat-industrija","17":"product_cat-industrijski-kabeli","18":"product_cat-mreze-za-prijenos-distribuciju-i-napajanje","19":"product_cat-njemacka","20":"product_cat-oklopljeni-kabeli","21":"product_cat-poljska","22":"product_cat-reach-hr","23":"product_cat-rohs-hr","24":"product_cat-rudarstvo-busenje-i-tuneliranje","25":"product_cat-standard-hr","26":"product_cat-tip","28":"first","29":"instock","30":"shipping-taxable","31":"product-type-simple"},"acf":[],"_links":{"self":[{"href":"https:\/\/www.ttcables.com\/hr\/wp-json\/wp\/v2\/product\/1620","targetHints":{"allow":["GET"]}}],"collection":[{"href":"https:\/\/www.ttcables.com\/hr\/wp-json\/wp\/v2\/product"}],"about":[{"href":"https:\/\/www.ttcables.com\/hr\/wp-json\/wp\/v2\/types\/product"}],"author":[{"embeddable":true,"href":"https:\/\/www.ttcables.com\/hr\/wp-json\/wp\/v2\/users\/2"}],"wp:featuredmedia":[{"embeddable":true,"href":"https:\/\/www.ttcables.com\/hr\/wp-json\/wp\/v2\/media\/1622"}],"wp:attachment":[{"href":"https:\/\/www.ttcables.com\/hr\/wp-json\/wp\/v2\/media?parent=1620"}],"wp:term":[{"taxonomy":"product_brand","embeddable":true,"href":"https:\/\/www.ttcables.com\/hr\/wp-json\/wp\/v2\/product_brand?post=1620"},{"taxonomy":"product_cat","embeddable":true,"href":"https:\/\/www.ttcables.com\/hr\/wp-json\/wp\/v2\/product_cat?post=1620"},{"taxonomy":"product_tag","embeddable":true,"href":"https:\/\/www.ttcables.com\/hr\/wp-json\/wp\/v2\/product_tag?post=1620"}],"curies":[{"name":"wp","href":"https:\/\/api.w.org\/{rel}","templated":true}]}}