{"id":1626,"date":"2022-05-01T21:44:13","date_gmt":"2022-05-01T19:44:14","guid":{"rendered":"https:\/\/www.ttcables.com\/?post_type=product&#038;p=1626"},"modified":"2022-05-01T21:58:50","modified_gmt":"2022-05-01T19:58:50","slug":"n2xry-hr","status":"publish","type":"product","link":"https:\/\/www.ttcables.com\/hr\/proizvod\/n2xry-hr\/","title":{"rendered":"N2XRY"},"content":{"rendered":"<h2>Podru\u010dje primjene<\/h2>\n<p>U zemlju, kanale, na konzole, u suhim i vla\u017enim prostorijama i sli\u010dno, gdje se o\u010dekuju mehani\u010dka o\u0161te\u0107enja, a kabeli nisu izlo\u017eeni mehani\u010dkom vla\u010dnom naprezanju. U gradskim mre\u017eama, industrijskim pogonima, elektranama i drugim elektri\u010dnim postrojenjima te za povezivanje signalnih ure\u0111aja u industriji, prometu i sli\u010dno.<\/p>\n<h2>Konstrukcija<\/h2>\n<p>Vodi\u010d: Bakreno u\u017ee<br \/>\nIzolacija: XLPE masa<br \/>\nIspuna:Ekstrudirana elastomerna ili plastomerna masa ili plasti\u010dna traka<br \/>\nArmatura : Galvanizirane \u010deli\u010dne \u017eice ili Al \u017eice za jedno\u017eilne kabele<br \/>\nPla\u0161t (sheath): PVC masa<\/p>\n<h2>Tehni\u010dke karakteristike<\/h2>\n<p>Nazivni napon:0,6\/1 kV<br \/>\nIspitni napon:4 kV<br \/>\nMin. temp. pri polaganju:-5\u00b0C<br \/>\nMax. radna temperatura: +90\u00b0C<br \/>\nMax. temp. kratkog spoja: +250\u00b0C<br \/>\nMin. polumjer savijanja: Jedno\u017eilci 15D; vi\u0161e\u017eilci 12D<br \/>\n(Min. bending radius): Single-core 15D; multi-core 12D<\/p>\n","protected":false},"excerpt":{"rendered":"<p>Nisko naponski (0,6\/1 kv) kabeli sa xlpe izolacijom i pvc pla\u0161tom, armiran \u010deli\u010dnom ili Al \u017eicom<\/p>\n","protected":false},"author":2,"featured_media":1628,"template":"","meta":{"_acf_changed":false},"product_brand":[87],"product_cat":[196,185,289,186,273,215,192,239,187,264,228,201,250,365,193,194,222,188,189],"product_tag":[],"class_list":{"0":"post-1626","1":"product","2":"type-product","3":"status-publish","4":"has-post-thumbnail","6":"product_brand-ttcables","7":"product_cat-austrija","8":"product_cat-certifikat","9":"product_cat-ce-hr","10":"product_cat-drzava","11":"product_cat-energetski-kabeli","12":"product_cat-gradevinarstvo","13":"product_cat-iec-hr","14":"product_cat-iec-60502-1-hr","15":"product_cat-industrija","16":"product_cat-industrijski-kabeli","17":"product_cat-mreze-za-prijenos-distribuciju-i-napajanje","18":"product_cat-njemacka","19":"product_cat-oklopljeni-kabeli","20":"product_cat-poljska","21":"product_cat-reach-hr","22":"product_cat-rohs-hr","23":"product_cat-rudarstvo-busenje-i-tuneliranje","24":"product_cat-standard-hr","25":"product_cat-tip","27":"first","28":"instock","29":"shipping-taxable","30":"product-type-simple"},"acf":[],"_links":{"self":[{"href":"https:\/\/www.ttcables.com\/hr\/wp-json\/wp\/v2\/product\/1626","targetHints":{"allow":["GET"]}}],"collection":[{"href":"https:\/\/www.ttcables.com\/hr\/wp-json\/wp\/v2\/product"}],"about":[{"href":"https:\/\/www.ttcables.com\/hr\/wp-json\/wp\/v2\/types\/product"}],"author":[{"embeddable":true,"href":"https:\/\/www.ttcables.com\/hr\/wp-json\/wp\/v2\/users\/2"}],"wp:featuredmedia":[{"embeddable":true,"href":"https:\/\/www.ttcables.com\/hr\/wp-json\/wp\/v2\/media\/1628"}],"wp:attachment":[{"href":"https:\/\/www.ttcables.com\/hr\/wp-json\/wp\/v2\/media?parent=1626"}],"wp:term":[{"taxonomy":"product_brand","embeddable":true,"href":"https:\/\/www.ttcables.com\/hr\/wp-json\/wp\/v2\/product_brand?post=1626"},{"taxonomy":"product_cat","embeddable":true,"href":"https:\/\/www.ttcables.com\/hr\/wp-json\/wp\/v2\/product_cat?post=1626"},{"taxonomy":"product_tag","embeddable":true,"href":"https:\/\/www.ttcables.com\/hr\/wp-json\/wp\/v2\/product_tag?post=1626"}],"curies":[{"name":"wp","href":"https:\/\/api.w.org\/{rel}","templated":true}]}}