{"id":1639,"date":"2022-05-01T22:37:58","date_gmt":"2022-05-01T20:37:58","guid":{"rendered":"https:\/\/www.ttcables.com\/?post_type=product&#038;p=1639"},"modified":"2025-12-05T15:28:59","modified_gmt":"2025-12-05T14:28:59","slug":"rz1-k-hr","status":"publish","type":"product","link":"https:\/\/www.ttcables.com\/hr\/proizvod\/rz1-k-hr\/","title":{"rendered":"RZ1-K"},"content":{"rendered":"<h2>Podru\u010dje primjene<\/h2>\n<p>Energetski kabel pogodan za fiksnu instalaciju u suhim i vla\u017enim prostorijama, iznad ili ispod \u017ebuke, na kabelske police, kao i u zidove i u beton. Nisu za izravno polaganje u zemlju niti u vodu. Za vanjsku uporabu mogu se polagati u cijevima, no tada je potrebno poduzeti sve mjere opreza da u cijevi ne mo\u017ee doprijeti voda. Pogodni su za sustave napajanja u slu\u010daju nu\u017ede. Primjereni su za uporabu svugdje gdje u slu\u010daju po\u017eara treba za\u0161tititi ljude i materijalna dobra. Preporu\u010dljivi su za javne objekte u kojima se okuplja puno ljudi i za objekte visoke materijalne vrijednosti, za industrijske komplekse, elektrane, trafostanice, komunalne objekte, hotele, trgova\u010dke centre, bolnice, \u0161kole, zra\u010dne luke, podzemne \u017eeljeznice i sli\u010dno. Koncentri\u010dni vodi\u010d slu\u017ei kao elektromagnetski zaslon, a mo\u017ee se upotrebljavati i kao neutralni vodi\u010d.<\/p>\n<h2>Konstrukcija<\/h2>\n<p>Vodi\u010di: Cu vodi\u010di, klasa 5 prema normi EN 60228<br \/>\nIzolacija: XLPE masa, tip DIX 3<br \/>\nIspuna: Ekstrudirana elastomerna ili plastomerna beshalogena masa<br \/>\nPla\u0161t: HFFR masa, tip DMZ-E<\/p>\n<h2>Tehni\u010dke karakteristike<\/h2>\n<p>Nazivni napon (Uo\/U): 0,6\/1 kV<br \/>\nMin. temp. pri polaganju: -15\u00b0C<br \/>\nMax. radna temperatura: 90\u00b0C<br \/>\nMax. temp. kratkog spoja: 250\u00b0C<br \/>\nMin. polumjer savijanja: jedno\u017eilci &#8211; 15D; vi\u0161e\u017eilci &#8211; 12D<br \/>\n\u0160irenje plamena: IEC 60332-1-2<br \/>\nOtpornost na gorenje: IEC 60332-3-24<br \/>\nHalogen free: IEC 60754<br \/>\nLow smoke emission: IEC 61034<\/p>\n","protected":false},"excerpt":{"rendered":"<p>Energetski kabel 0,6\/1 kV sa Cu vodi\u010dima, izoliran XLPE-om i opla\u0161ten HFFR-om<\/p>\n","protected":false},"author":2,"featured_media":1765,"template":"","meta":{"_acf_changed":false},"product_brand":[87],"product_cat":[185,289,186,273,215,318,192,239,187,264,263,267,228,217,193,194,222,188,189,381,259],"product_tag":[],"class_list":{"0":"post-1639","1":"product","2":"type-product","3":"status-publish","4":"has-post-thumbnail","6":"product_brand-ttcables","7":"product_cat-certifikat","8":"product_cat-ce-hr","9":"product_cat-drzava","10":"product_cat-energetski-kabeli","11":"product_cat-gradevinarstvo","12":"product_cat-hd-604-5d-hr","13":"product_cat-iec-hr","14":"product_cat-iec-60502-1-hr","15":"product_cat-industrija","16":"product_cat-industrijski-kabeli","17":"product_cat-kabeli-za-podatkovni-centar","18":"product_cat-lszh-kabeli-bez-halogeni-kabeli","19":"product_cat-mreze-za-prijenos-distribuciju-i-napajanje","20":"product_cat-podaktovni-centri","21":"product_cat-reach-hr","22":"product_cat-rohs-hr","23":"product_cat-rudarstvo-busenje-i-tuneliranje","24":"product_cat-standard-hr","25":"product_cat-tip","26":"product_cat-une-21123-4-hr","27":"product_cat-vatrotporni-kabeli","29":"first","30":"instock","31":"shipping-taxable","32":"product-type-simple"},"acf":[],"_links":{"self":[{"href":"https:\/\/www.ttcables.com\/hr\/wp-json\/wp\/v2\/product\/1639","targetHints":{"allow":["GET"]}}],"collection":[{"href":"https:\/\/www.ttcables.com\/hr\/wp-json\/wp\/v2\/product"}],"about":[{"href":"https:\/\/www.ttcables.com\/hr\/wp-json\/wp\/v2\/types\/product"}],"author":[{"embeddable":true,"href":"https:\/\/www.ttcables.com\/hr\/wp-json\/wp\/v2\/users\/2"}],"wp:featuredmedia":[{"embeddable":true,"href":"https:\/\/www.ttcables.com\/hr\/wp-json\/wp\/v2\/media\/1765"}],"wp:attachment":[{"href":"https:\/\/www.ttcables.com\/hr\/wp-json\/wp\/v2\/media?parent=1639"}],"wp:term":[{"taxonomy":"product_brand","embeddable":true,"href":"https:\/\/www.ttcables.com\/hr\/wp-json\/wp\/v2\/product_brand?post=1639"},{"taxonomy":"product_cat","embeddable":true,"href":"https:\/\/www.ttcables.com\/hr\/wp-json\/wp\/v2\/product_cat?post=1639"},{"taxonomy":"product_tag","embeddable":true,"href":"https:\/\/www.ttcables.com\/hr\/wp-json\/wp\/v2\/product_tag?post=1639"}],"curies":[{"name":"wp","href":"https:\/\/api.w.org\/{rel}","templated":true}]}}