{"id":1673,"date":"2022-05-02T22:52:03","date_gmt":"2022-05-02T20:52:03","guid":{"rendered":"https:\/\/www.ttcables.com\/?post_type=product&#038;p=1673"},"modified":"2026-03-11T15:08:42","modified_gmt":"2026-03-11T14:08:42","slug":"u-1000-r2v-hr","status":"publish","type":"product","link":"https:\/\/www.ttcables.com\/hr\/proizvod\/u-1000-r2v-hr\/","title":{"rendered":"U-1000 R2V"},"content":{"rendered":"<h2>Podru\u010dje primjene<\/h2>\n<p>U zemlju, kanale, na konzole, u suhim i vla\u017enim prostorijama i sli\u010dno, gdje se ne o\u010dekuju mehani\u010dka o\u0161te\u0107enja, a kabeli nisu izlo\u017eeni mehani\u010dkom vla\u010dnom naprezanju. U gradskim mre\u017eama, industrijskim pogonima, elektranama i drugim elektri\u010dnim postrojenjima te za povezivanje signalnih ure\u0111aja u industriji, prometu i sli\u010dno.<\/p>\n<h2>Konstrukcija<\/h2>\n<p>Vodi\u010d : Bakreno u\u017ee<br \/>\nIzolacija: XLPE masa<br \/>\nIspuna : Ekstrudirana elastomerna ili plastomerna masa ili plasti\u010dna traka<br \/>\nPla\u0161t: PVC masa<\/p>\n<h2>Tehni\u010dke karakteristike<\/h2>\n<p>Norme : NF C32-321; IEC 60502-1<br \/>\nNazivni napon : 0,6\/1 kV<br \/>\nIspitni napon : 4 kV<br \/>\nMin. temp. pri polaganju: -10\u00b0C<br \/>\nMax. radna temperatura: +90\u00b0C<br \/>\nMax. temp. kratkog spoja: +250\u00b0C<br \/>\nMin. polumjer savijanja: 8 x D (cable diameter)<\/p>\n","protected":false},"excerpt":{"rendered":"<p>Nisko naponski (0,6\/1 kv) kabeli sa xlpe izolacijom i pvc pla\u0161tom<\/p>\n","protected":false},"author":2,"featured_media":1757,"template":"","meta":{"_acf_changed":false},"product_brand":[87],"product_cat":[185,289,302,393,186,273,281,202,215,192,239,187,264,228,241,193,194,188,189],"product_tag":[],"class_list":{"0":"post-1673","1":"product","2":"type-product","3":"status-publish","4":"has-post-thumbnail","6":"product_brand-ttcables","7":"product_cat-certifikat","8":"product_cat-ce-hr","9":"product_cat-cpr-hr","10":"product_cat-cstb-nf-hr","11":"product_cat-drzava","12":"product_cat-energetski-kabeli","13":"product_cat-ezu-hr","14":"product_cat-francuska","15":"product_cat-gradevinarstvo","16":"product_cat-iec-hr","17":"product_cat-iec-60502-1-hr","18":"product_cat-industrija","19":"product_cat-industrijski-kabeli","20":"product_cat-mreze-za-prijenos-distribuciju-i-napajanje","21":"product_cat-nf-c32-321-hr","22":"product_cat-reach-hr","23":"product_cat-rohs-hr","24":"product_cat-standard-hr","25":"product_cat-tip","27":"first","28":"instock","29":"shipping-taxable","30":"product-type-simple"},"acf":[],"_links":{"self":[{"href":"https:\/\/www.ttcables.com\/hr\/wp-json\/wp\/v2\/product\/1673","targetHints":{"allow":["GET"]}}],"collection":[{"href":"https:\/\/www.ttcables.com\/hr\/wp-json\/wp\/v2\/product"}],"about":[{"href":"https:\/\/www.ttcables.com\/hr\/wp-json\/wp\/v2\/types\/product"}],"author":[{"embeddable":true,"href":"https:\/\/www.ttcables.com\/hr\/wp-json\/wp\/v2\/users\/2"}],"wp:featuredmedia":[{"embeddable":true,"href":"https:\/\/www.ttcables.com\/hr\/wp-json\/wp\/v2\/media\/1757"}],"wp:attachment":[{"href":"https:\/\/www.ttcables.com\/hr\/wp-json\/wp\/v2\/media?parent=1673"}],"wp:term":[{"taxonomy":"product_brand","embeddable":true,"href":"https:\/\/www.ttcables.com\/hr\/wp-json\/wp\/v2\/product_brand?post=1673"},{"taxonomy":"product_cat","embeddable":true,"href":"https:\/\/www.ttcables.com\/hr\/wp-json\/wp\/v2\/product_cat?post=1673"},{"taxonomy":"product_tag","embeddable":true,"href":"https:\/\/www.ttcables.com\/hr\/wp-json\/wp\/v2\/product_tag?post=1673"}],"curies":[{"name":"wp","href":"https:\/\/api.w.org\/{rel}","templated":true}]}}