{"id":1683,"date":"2022-05-03T22:17:05","date_gmt":"2022-05-03T20:17:05","guid":{"rendered":"https:\/\/www.ttcables.com\/?post_type=product&#038;p=1683"},"modified":"2026-03-11T15:06:37","modified_gmt":"2026-03-11T14:06:37","slug":"u-1000-ar2v-hr","status":"publish","type":"product","link":"https:\/\/www.ttcables.com\/hr\/proizvod\/u-1000-ar2v-hr\/","title":{"rendered":"U-1000 AR2V"},"content":{"rendered":"<h2>Podru\u010dje primjene<\/h2>\n<p>Ovi kablovi za distribuciju energije pogodni su za sve tipove niskonaponskog industrijskog tipa, u gradskim mre\u017eama, gra\u0111evinskim instalacijama itd. Posebno su prikladni u slu\u010dajevima visoke radne temperature i kada je potrebna velika otpornost na sun\u010devo zra\u010denje i atmosferske utjecaje. Dobra otpornost na niske temperature i kemijska sredstva. Mo\u017ee se koristiti bez dodatne mehani\u010dke za\u0161tite na otvorenom, pri\u010dvr\u0161\u0107en na zidove ili na pistama, unutar \u0161etnice i u praznom stanju u kabelskim konstrukcijama. Mo\u017ee se postaviti pod zemlju s mehani\u010dkom za\u0161titom izra\u0111enom od plo\u010da, plo\u010dica ili opeke. Ne preporu\u010duje se polaganje ovog kabela u zemlju poplavljenu vi\u0161e od dva mjeseca godi\u0161nje. Uz odgovaraju\u0107u mehani\u010dku za\u0161titu mo\u017ee se koristiti u podru\u010djima koja su izlo\u017eena riziku eksplozije, ali u tom slu\u010daju dopu\u0161teno strujno optere\u0107enje smanjuje se za 15%. Mo\u017ee se koristiti pri temperaturi okoline do -25 \u00b0.<\/p>\n<h2>Konstrukcija<\/h2>\n<p>Vodi\u010di: Al vodi\u010di, klasa 2 prema normi EN 60228<br \/>\nIzolacija: XLPE masa<br \/>\nPla\u0161t: PVC masa<\/p>\n<h2>Tehni\u010dke karakteristike<\/h2>\n<p>Nazivni napon (Uo\/U): 0,6\/1 kV<br \/>\nIspitni napon: 4 kV<br \/>\nMin. temp. pri polaganju: -5\u00b0C<br \/>\nMax. radna temperatura: 90\u00b0C<br \/>\nMax. temp. kratkog spoja: 250\u00b0C<br \/>\nMin. polumjer savijanja: vi\u0161e\u017eilci &#8211; 12D jedno\u017eilci \u2013 15D<br \/>\nCPR klasa: Eca<\/p>\n","protected":false},"excerpt":{"rendered":"<p>Energetski kabel 0,6\/1 kV sa Al vodi\u010dima, izoliran XLPE-om i opla\u0161ten PVC-om<\/p>\n","protected":false},"author":2,"featured_media":2623,"template":"","meta":{"_acf_changed":false},"product_brand":[87],"product_cat":[185,289,302,393,186,273,202,215,198,192,239,187,264,228,241,193,194,188,189],"product_tag":[],"class_list":{"0":"post-1683","1":"product","2":"type-product","3":"status-publish","4":"has-post-thumbnail","6":"product_brand-ttcables","7":"product_cat-certifikat","8":"product_cat-ce-hr","9":"product_cat-cpr-hr","10":"product_cat-cstb-nf-hr","11":"product_cat-drzava","12":"product_cat-energetski-kabeli","13":"product_cat-francuska","14":"product_cat-gradevinarstvo","15":"product_cat-hrvatska","16":"product_cat-iec-hr","17":"product_cat-iec-60502-1-hr","18":"product_cat-industrija","19":"product_cat-industrijski-kabeli","20":"product_cat-mreze-za-prijenos-distribuciju-i-napajanje","21":"product_cat-nf-c32-321-hr","22":"product_cat-reach-hr","23":"product_cat-rohs-hr","24":"product_cat-standard-hr","25":"product_cat-tip","27":"first","28":"instock","29":"shipping-taxable","30":"product-type-simple"},"acf":[],"_links":{"self":[{"href":"https:\/\/www.ttcables.com\/hr\/wp-json\/wp\/v2\/product\/1683","targetHints":{"allow":["GET"]}}],"collection":[{"href":"https:\/\/www.ttcables.com\/hr\/wp-json\/wp\/v2\/product"}],"about":[{"href":"https:\/\/www.ttcables.com\/hr\/wp-json\/wp\/v2\/types\/product"}],"author":[{"embeddable":true,"href":"https:\/\/www.ttcables.com\/hr\/wp-json\/wp\/v2\/users\/2"}],"wp:featuredmedia":[{"embeddable":true,"href":"https:\/\/www.ttcables.com\/hr\/wp-json\/wp\/v2\/media\/2623"}],"wp:attachment":[{"href":"https:\/\/www.ttcables.com\/hr\/wp-json\/wp\/v2\/media?parent=1683"}],"wp:term":[{"taxonomy":"product_brand","embeddable":true,"href":"https:\/\/www.ttcables.com\/hr\/wp-json\/wp\/v2\/product_brand?post=1683"},{"taxonomy":"product_cat","embeddable":true,"href":"https:\/\/www.ttcables.com\/hr\/wp-json\/wp\/v2\/product_cat?post=1683"},{"taxonomy":"product_tag","embeddable":true,"href":"https:\/\/www.ttcables.com\/hr\/wp-json\/wp\/v2\/product_tag?post=1683"}],"curies":[{"name":"wp","href":"https:\/\/api.w.org\/{rel}","templated":true}]}}