{"id":1693,"date":"2022-05-03T22:40:20","date_gmt":"2022-05-03T20:40:21","guid":{"rendered":"https:\/\/www.ttcables.com\/?post_type=product&#038;p=1693"},"modified":"2022-05-09T10:00:01","modified_gmt":"2022-05-09T08:00:01","slug":"u-1000-arvfv-hr","status":"publish","type":"product","link":"https:\/\/www.ttcables.com\/hr\/proizvod\/u-1000-arvfv-hr\/","title":{"rendered":"U-1000 ARVFV"},"content":{"rendered":"<h2>Podru\u010dje primjene<\/h2>\n<p>Energetski distribucijski kabel za stati\u010dnu upotrebu naj\u010de\u0161\u0107e pod zemljom, mogu se koristiti u vodi, unutar objekata, u kabelskim kanalima, u betonu. Upotrebljava se u elektranama, trafostanicama, industrijskim pogonima, gradskim mre\u017eama i drugim elektri\u010dnim postrojenjima. Koristi se u uvjetima gdje je potrebna za\u0161tita od te\u017eih mehani\u010dkih o\u0161te\u0107enja, ali gdje kabeli nisu izlo\u017eeni ja\u010dem vla\u010dnom istezanju.<\/p>\n<h2>Konstrukcija<\/h2>\n<p>Vodi\u010di: Al vodi\u010di, klasa 2 prema normi EN 60228<br \/>\nIzolacija: XLPE masa<br \/>\nIspuna: Ekstrudirana elastomerna ili plastomerna masa ili plasti\u010dna traka<br \/>\nArmatura: dvije galvanizirane \u010deli\u010dne trake<br \/>\nPla\u0161t: PVC masa<\/p>\n<h2>Tehni\u010dke karakteristike<\/h2>\n<p>Nazivni napon (Uo\/U): 0,6\/1 kV<br \/>\nIspitni napon: 4 kV<br \/>\nMin. temp. pri polaganju: -5\u00b0C<br \/>\nMax. radna temperatura: 90\u00b0C<br \/>\nMax. temp. kratkog spoja: 250\u00b0C<br \/>\nMin. polumjer savijanja: jedno\u017eilci &#8211; 15D; vi\u0161e\u017eilci &#8211; 12D<\/p>\n","protected":false},"excerpt":{"rendered":"<p>Energetski kabel 0,6\/1 kV sa Al vodi\u010dima, izoliran XLPE-om i opla\u0161ten PVC-om<\/p>\n","protected":false},"author":2,"featured_media":1751,"template":"","meta":{"_acf_changed":false},"product_brand":[87],"product_cat":[185,289,302,393,186,273,202,215,192,187,264,228,395,250,193,194,188,189],"product_tag":[],"class_list":{"0":"post-1693","1":"product","2":"type-product","3":"status-publish","4":"has-post-thumbnail","6":"product_brand-ttcables","7":"product_cat-certifikat","8":"product_cat-ce-hr","9":"product_cat-cpr-hr","10":"product_cat-cstb-nf-hr","11":"product_cat-drzava","12":"product_cat-energetski-kabeli","13":"product_cat-francuska","14":"product_cat-gradevinarstvo","15":"product_cat-iec-hr","16":"product_cat-industrija","17":"product_cat-industrijski-kabeli","18":"product_cat-mreze-za-prijenos-distribuciju-i-napajanje","19":"product_cat-nf-c-32-322-hr","20":"product_cat-oklopljeni-kabeli","21":"product_cat-reach-hr","22":"product_cat-rohs-hr","23":"product_cat-standard-hr","24":"product_cat-tip","26":"first","27":"instock","28":"shipping-taxable","29":"product-type-simple"},"acf":[],"_links":{"self":[{"href":"https:\/\/www.ttcables.com\/hr\/wp-json\/wp\/v2\/product\/1693","targetHints":{"allow":["GET"]}}],"collection":[{"href":"https:\/\/www.ttcables.com\/hr\/wp-json\/wp\/v2\/product"}],"about":[{"href":"https:\/\/www.ttcables.com\/hr\/wp-json\/wp\/v2\/types\/product"}],"author":[{"embeddable":true,"href":"https:\/\/www.ttcables.com\/hr\/wp-json\/wp\/v2\/users\/2"}],"wp:featuredmedia":[{"embeddable":true,"href":"https:\/\/www.ttcables.com\/hr\/wp-json\/wp\/v2\/media\/1751"}],"wp:attachment":[{"href":"https:\/\/www.ttcables.com\/hr\/wp-json\/wp\/v2\/media?parent=1693"}],"wp:term":[{"taxonomy":"product_brand","embeddable":true,"href":"https:\/\/www.ttcables.com\/hr\/wp-json\/wp\/v2\/product_brand?post=1693"},{"taxonomy":"product_cat","embeddable":true,"href":"https:\/\/www.ttcables.com\/hr\/wp-json\/wp\/v2\/product_cat?post=1693"},{"taxonomy":"product_tag","embeddable":true,"href":"https:\/\/www.ttcables.com\/hr\/wp-json\/wp\/v2\/product_tag?post=1693"}],"curies":[{"name":"wp","href":"https:\/\/api.w.org\/{rel}","templated":true}]}}