{"id":1733,"date":"2022-05-04T21:43:38","date_gmt":"2022-05-04T19:43:38","guid":{"rendered":"https:\/\/www.ttcables.com\/?post_type=product&#038;p=1733"},"modified":"2025-08-21T10:27:50","modified_gmt":"2025-08-21T08:27:50","slug":"xcmk-hf-fxqj-ifsi-hr","status":"publish","type":"product","link":"https:\/\/www.ttcables.com\/hr\/proizvod\/xcmk-hf-fxqj-ifsi-hr\/","title":{"rendered":"XCMK-HF, FXQJ, IFSI"},"content":{"rendered":"<h2>Podru\u010dje primjene<\/h2>\n<p>Bakreni energetski kabel namijenjen za trajnu ugradnju u zatvorenim i otvorenim prostorima. Pogodan za izravno polaganje u zemlju. Izolacija vodi\u010da mora biti za\u0161ti\u0107ena od izlaganja ultraljubi\u010dastom (UV) zra\u010denju. Svi radovi na ugradnji moraju biti u skladu s va\u017ee\u0107im nacionalnim standardima i propisima. Ovaj kabel je bez halogena i posjeduje svojstva otpornosti na plamen, klasificiran prema CPR-u kao Dca-s1,d2,a1..<\/p>\n<h2>Konstrukcija<\/h2>\n<p>Vodi\u010di: Cu vodi\u010di, klasa 1 ili 2 prema normi EN 60228<br \/>\nIzolacija: XLPE masa<br \/>\nIspuna: Ekstrudirana elastomerna ili plastomerna masa ili plasti\u010dna traka<br \/>\nKoncentri\u010dni vodi\u010d: Cu \u017eice spiralno povezane Cu trakom<br \/>\nPla\u0161t: HFFR masa<\/p>\n<h2>Tehni\u010dke karakteristike<\/h2>\n<p>Nazivni napon (Uo\/U): 0,6\/1 kV<br \/>\nMin. temp. pri polaganju: -15\u00b0C<br \/>\nMax. radna temperatura: 90\u00b0C<br \/>\nMax. temp. kratkog spoja: 250\u00b0C<br \/>\nMin. polumjer savijanja: do 6 mm\u00b2 &#8211; 6D jedno\u017eilci &#8211; 15D; vi\u0161e\u017eilci &#8211; 12D<br \/>\nCPR klasa: Dca-s1,d2,a1<\/p>\n","protected":false},"excerpt":{"rendered":"<p>Energetski kabel 0,6\/1 kV sa Cu vodi\u010dima, izoliran XLPE-om i opla\u0161ten HFFR-om<\/p>\n","protected":false},"author":2,"featured_media":1747,"template":"","meta":{"_acf_changed":false},"product_brand":[87],"product_cat":[185,289,302,199,186,316,273,200,205,215,235,192,187,264,204,267,228,208,193,194,308,312,188,212,189],"product_tag":[],"class_list":{"0":"post-1733","1":"product","2":"type-product","3":"status-publish","4":"has-post-thumbnail","6":"product_brand-ttcables","7":"product_cat-certifikat","8":"product_cat-ce-hr","9":"product_cat-cpr-hr","10":"product_cat-danska","11":"product_cat-drzava","12":"product_cat-screened-cables-hr","13":"product_cat-energetski-kabeli","14":"product_cat-estonija","15":"product_cat-finska","16":"product_cat-gradevinarstvo","17":"product_cat-hd-604-s1-hr","18":"product_cat-iec-hr","19":"product_cat-industrija","20":"product_cat-industrijski-kabeli","21":"product_cat-litvanija","22":"product_cat-lszh-kabeli-bez-halogeni-kabeli","23":"product_cat-mreze-za-prijenos-distribuciju-i-napajanje","24":"product_cat-norveska","25":"product_cat-reach-hr","26":"product_cat-rohs-hr","27":"product_cat-sfs-5546-hr","28":"product_cat-ss-424-14-18-hr","29":"product_cat-standard-hr","30":"product_cat-svedska","31":"product_cat-tip","33":"first","34":"instock","35":"shipping-taxable","36":"product-type-simple"},"acf":[],"_links":{"self":[{"href":"https:\/\/www.ttcables.com\/hr\/wp-json\/wp\/v2\/product\/1733","targetHints":{"allow":["GET"]}}],"collection":[{"href":"https:\/\/www.ttcables.com\/hr\/wp-json\/wp\/v2\/product"}],"about":[{"href":"https:\/\/www.ttcables.com\/hr\/wp-json\/wp\/v2\/types\/product"}],"author":[{"embeddable":true,"href":"https:\/\/www.ttcables.com\/hr\/wp-json\/wp\/v2\/users\/2"}],"wp:featuredmedia":[{"embeddable":true,"href":"https:\/\/www.ttcables.com\/hr\/wp-json\/wp\/v2\/media\/1747"}],"wp:attachment":[{"href":"https:\/\/www.ttcables.com\/hr\/wp-json\/wp\/v2\/media?parent=1733"}],"wp:term":[{"taxonomy":"product_brand","embeddable":true,"href":"https:\/\/www.ttcables.com\/hr\/wp-json\/wp\/v2\/product_brand?post=1733"},{"taxonomy":"product_cat","embeddable":true,"href":"https:\/\/www.ttcables.com\/hr\/wp-json\/wp\/v2\/product_cat?post=1733"},{"taxonomy":"product_tag","embeddable":true,"href":"https:\/\/www.ttcables.com\/hr\/wp-json\/wp\/v2\/product_tag?post=1733"}],"curies":[{"name":"wp","href":"https:\/\/api.w.org\/{rel}","templated":true}]}}