{"id":1739,"date":"2022-05-05T07:53:44","date_gmt":"2022-05-05T05:53:45","guid":{"rendered":"https:\/\/www.ttcables.com\/?post_type=product&#038;p=1739"},"modified":"2023-12-21T10:18:29","modified_gmt":"2023-12-21T09:18:29","slug":"n2xy-hr","status":"publish","type":"product","link":"https:\/\/www.ttcables.com\/hr\/proizvod\/n2xy-hr\/","title":{"rendered":"N2XY"},"content":{"rendered":"<h2>Podru\u010dje primjene<\/h2>\n<p>U zemlju, kanale, na konzole, u suhim i vla\u017enim prostorijama i sli\u010dno, gdje se ne o\u010dekuju mehani\u010dka o\u0161te\u0107enja, a kabeli nisu izlo\u017eeni mehani\u010dkom vla\u010dnom naprezanju. U gradskim mre\u017eama, industrijskim pogonima, elektranama i drugim elektri\u010dnim postrojenjima te za povezivanje signalnih ure\u0111aja u industriji, prometu i sli\u010dno.<\/p>\n<p>&nbsp;<\/p>\n<h2>Konstrukcija<\/h2>\n<p>Vodi\u010di: Cu vodi\u010di, klasa 1 ili klasa 2 prema normi EN 60228<br \/>\nIzolacija: XLPE masa DIX 3<br \/>\nIspuna: Ekstrudirana elastomerna ili plastomerna masa ili plasti\u010dna traka<br \/>\nPla\u0161t: PVC masa DMV 6<\/p>\n<p>&nbsp;<\/p>\n<h2>Tehni\u010dke karakteristike<\/h2>\n<p>Nazivni napon (Uo\/U): 0,6\/1 kV<br \/>\nIspitni napon: 4 kV<br \/>\nMin. temp. pri polaganju: -5\u00b0C<br \/>\nRadna temperatura: -35\u00b0C do 90\u00b0C<br \/>\nMax. temp. kratkog spoja: 250\u00b0C<br \/>\nMin. polumjer savijanja: jedno\u017eilci &#8211; 15D; vi\u0161e\u017eilci &#8211; 12D<br \/>\nCPR klasa: Eca<\/p>\n<p>&nbsp;<\/p>\n<p>&nbsp;<\/p>\n","protected":false},"excerpt":{"rendered":"<p class=\"Default\">Energetski kabel 0,6\/1 kV sa Al vodi\u010dima, izoliran XLPE-om i opla\u0161ten PVC-om<\/p>\n","protected":false},"author":3,"featured_media":2395,"template":"","meta":{"_acf_changed":false},"product_brand":[87],"product_cat":[196,185,289,302,186,273,215,293,192,239,187,264,228,201,365,193,194,188,189,195],"product_tag":[],"class_list":{"0":"post-1739","1":"product","2":"type-product","3":"status-publish","4":"has-post-thumbnail","6":"product_brand-ttcables","7":"product_cat-austrija","8":"product_cat-certifikat","9":"product_cat-ce-hr","10":"product_cat-cpr-hr","11":"product_cat-drzava","12":"product_cat-energetski-kabeli","13":"product_cat-gradevinarstvo","14":"product_cat-hd-603-s1-hr-hr","15":"product_cat-iec-hr","16":"product_cat-iec-60502-1-hr","17":"product_cat-industrija","18":"product_cat-industrijski-kabeli","19":"product_cat-mreze-za-prijenos-distribuciju-i-napajanje","20":"product_cat-njemacka","21":"product_cat-poljska","22":"product_cat-reach-hr","23":"product_cat-rohs-hr","24":"product_cat-standard-hr","25":"product_cat-tip","26":"product_cat-vde-hr","28":"first","29":"instock","30":"shipping-taxable","31":"product-type-simple"},"acf":[],"_links":{"self":[{"href":"https:\/\/www.ttcables.com\/hr\/wp-json\/wp\/v2\/product\/1739","targetHints":{"allow":["GET"]}}],"collection":[{"href":"https:\/\/www.ttcables.com\/hr\/wp-json\/wp\/v2\/product"}],"about":[{"href":"https:\/\/www.ttcables.com\/hr\/wp-json\/wp\/v2\/types\/product"}],"author":[{"embeddable":true,"href":"https:\/\/www.ttcables.com\/hr\/wp-json\/wp\/v2\/users\/3"}],"wp:featuredmedia":[{"embeddable":true,"href":"https:\/\/www.ttcables.com\/hr\/wp-json\/wp\/v2\/media\/2395"}],"wp:attachment":[{"href":"https:\/\/www.ttcables.com\/hr\/wp-json\/wp\/v2\/media?parent=1739"}],"wp:term":[{"taxonomy":"product_brand","embeddable":true,"href":"https:\/\/www.ttcables.com\/hr\/wp-json\/wp\/v2\/product_brand?post=1739"},{"taxonomy":"product_cat","embeddable":true,"href":"https:\/\/www.ttcables.com\/hr\/wp-json\/wp\/v2\/product_cat?post=1739"},{"taxonomy":"product_tag","embeddable":true,"href":"https:\/\/www.ttcables.com\/hr\/wp-json\/wp\/v2\/product_tag?post=1739"}],"curies":[{"name":"wp","href":"https:\/\/api.w.org\/{rel}","templated":true}]}}