{"id":1783,"date":"2022-05-05T10:01:38","date_gmt":"2022-05-05T08:01:39","guid":{"rendered":"https:\/\/www.ttcables.com\/?post_type=product&#038;p=1783"},"modified":"2024-09-13T14:32:46","modified_gmt":"2024-09-13T12:32:46","slug":"h07v-k-hr","status":"publish","type":"product","link":"https:\/\/www.ttcables.com\/hr\/proizvod\/h07v-k-hr\/","title":{"rendered":"H07V-K"},"content":{"rendered":"<h2>Podru\u010dje primjene<\/h2>\n<p>Izolirani vodi\u010d upotrebljava se za polaganje u elektroinstalacijske cijevi, pod\u017ebuknu i nad\u017ebuknu ugradnju u suhim prostorijama, te u zatvorene instalacijske kanale. Nije dopu\u0161teno direktno postavljanje u kabelske vodilice. Upotrebljava se i za unutarnje o\u017ei\u010denje opreme razvodnih i sklopnih plo\u010da kao i za za\u0161titno polaganje kod rasvjete s nazivnim naponom do 1000 V izmjeni\u010dno ili do 750 V istosmjerno prema zemlji.<\/p>\n<h2>Konstrukcija<\/h2>\n<p>Vodi\u010di: Bakreno u\u017ee, klasa 5 prema EN 60228<br \/>\nIzolacija: PVC masa<\/p>\n<h2>Tehni\u010dke karakteristike<\/h2>\n<p>Nazivni napon (Uo\/U): 450\/750 V<br \/>\nIspitni napon: 2,5 kV<br \/>\nMax. radna temperatura: 70\u00b0C<br \/>\nMax. temp. kratkog spoja: 160\u00b0C<br \/>\nMin. polumjer savijanja: 6x diametar<\/p>\n","protected":false},"excerpt":{"rendered":"<p>Nisko naponski\u00a0 PVC izolirani fleksibilni vodi\u010d<\/p>\n","protected":false},"author":3,"featured_media":1785,"template":"","meta":{"_acf_changed":false},"product_brand":[87],"product_cat":[197,185,287,289,302,343,186,232,281,215,198,192,400,187,260,402,398,341,217,365,275,227,193,194,210,286,206,207,188,189],"product_tag":[],"class_list":{"0":"post-1783","1":"product","2":"type-product","3":"status-publish","4":"has-post-thumbnail","6":"product_brand-ttcables","7":"product_cat-bosna-i-hercegovina","8":"product_cat-certifikat","9":"product_cat-ceska","10":"product_cat-ce-hr","11":"product_cat-cpr-hr","12":"product_cat-montenegro-hr","13":"product_cat-drzava","14":"product_cat-en-50525-2-31-hr","15":"product_cat-ezu-hr","16":"product_cat-gradevinarstvo","17":"product_cat-hrvatska","18":"product_cat-iec-hr","19":"product_cat-iec-60227-3-hr","20":"product_cat-industrija","21":"product_cat-instalacijski-vodovi-s-izolacijom","22":"product_cat-jus-n-c3-202-hr","23":"product_cat-madarska","24":"product_cat-lv-installation-cables-hr","25":"product_cat-podaktovni-centri","26":"product_cat-poljska","27":"product_cat-pvc-finozicni-kabeli","28":"product_cat-razvodni-uredaji","29":"product_cat-reach-hr","30":"product_cat-rohs-hr","31":"product_cat-makedonija","32":"product_cat-slovacka","33":"product_cat-slovenija","34":"product_cat-srbija","35":"product_cat-standard-hr","36":"product_cat-tip","38":"first","39":"instock","40":"shipping-taxable","41":"product-type-simple"},"acf":[],"_links":{"self":[{"href":"https:\/\/www.ttcables.com\/hr\/wp-json\/wp\/v2\/product\/1783","targetHints":{"allow":["GET"]}}],"collection":[{"href":"https:\/\/www.ttcables.com\/hr\/wp-json\/wp\/v2\/product"}],"about":[{"href":"https:\/\/www.ttcables.com\/hr\/wp-json\/wp\/v2\/types\/product"}],"author":[{"embeddable":true,"href":"https:\/\/www.ttcables.com\/hr\/wp-json\/wp\/v2\/users\/3"}],"wp:featuredmedia":[{"embeddable":true,"href":"https:\/\/www.ttcables.com\/hr\/wp-json\/wp\/v2\/media\/1785"}],"wp:attachment":[{"href":"https:\/\/www.ttcables.com\/hr\/wp-json\/wp\/v2\/media?parent=1783"}],"wp:term":[{"taxonomy":"product_brand","embeddable":true,"href":"https:\/\/www.ttcables.com\/hr\/wp-json\/wp\/v2\/product_brand?post=1783"},{"taxonomy":"product_cat","embeddable":true,"href":"https:\/\/www.ttcables.com\/hr\/wp-json\/wp\/v2\/product_cat?post=1783"},{"taxonomy":"product_tag","embeddable":true,"href":"https:\/\/www.ttcables.com\/hr\/wp-json\/wp\/v2\/product_tag?post=1783"}],"curies":[{"name":"wp","href":"https:\/\/api.w.org\/{rel}","templated":true}]}}