{"id":1811,"date":"2022-05-05T10:48:35","date_gmt":"2022-05-05T08:48:36","guid":{"rendered":"https:\/\/www.ttcables.com\/?post_type=product&#038;p=1811"},"modified":"2022-05-05T10:55:13","modified_gmt":"2022-05-05T08:55:13","slug":"h05rr-f","status":"publish","type":"product","link":"https:\/\/www.ttcables.com\/hr\/proizvod\/h05rr-f\/","title":{"rendered":"H05RR-F"},"content":{"rendered":"<h2>Podru\u010dje primjene<\/h2>\n<p>Vi\u0161e\u017eilni kabeli s gumenom izolacijom i pla\u0161tom, namijenjeni mobilnim i prijenosnim prijemnicima. Kabeli su proizvedeni u skladu s harmoniziranim standardom (H), namijenjeni za nazivne napone od 300\/500V (05), s EPR gumenom izolacijom (R) i EPR gumom (NR), s fleksibilnim vodi\u010dima (F). Preporu\u010dena primjena: za uobi\u010dajene primjene u ku\u0107anstvu, odnosno za kori\u0161tenje u prostorijama, kuhinjama, uredima i za napajanje ure\u0111aja, gdje su kabeli izlo\u017eeni malim mehani\u010dkim naprezanjima (npr. usisiva\u010di, kuhinjski aparati, tosteri).<\/p>\n<h2>Konstrukcija<\/h2>\n<p>Vodi\u010di: Cu vodi\u010di, klasa 5 prema normi EN 60228<br \/>\nIzolacija: Gumena masa, tip EI 4 prema normi EN 50363-1<br \/>\nPla\u0161t: Gumena masa, tip EM 3 prema normi EN 50363-2-1<\/p>\n<h2>Tehni\u010dke karakteristike<\/h2>\n<p>Nazivni napon (Uo\/U): 300\/500 V<br \/>\nIspitni napon: 2 kV<br \/>\nMax. radna temperatura: 60\u00b0C<br \/>\nMax. temp. kratkog spoja: 200\u00b0C<br \/>\nMin. temp. okoline pri instalaciji: -25\u00b0C<\/p>\n","protected":false},"excerpt":{"rendered":"<p class=\"Default\">Nisko-naponski 450\/750 V fleksibilni Cu kabeli izolirani i pla\u0161tirani gumom<\/p>\n","protected":false},"author":3,"featured_media":1819,"template":"","meta":{"_acf_changed":false},"product_brand":[87],"product_cat":[197,185,287,289,343,186,404,215,277,198,192,187,398,341,365,193,194,210,286,206,207,188,189],"product_tag":[],"class_list":{"0":"post-1811","1":"product","2":"type-product","3":"status-publish","4":"has-post-thumbnail","6":"product_brand-ttcables","7":"product_cat-bosna-i-hercegovina","8":"product_cat-certifikat","9":"product_cat-ceska","10":"product_cat-ce-hr","11":"product_cat-montenegro-hr","12":"product_cat-drzava","13":"product_cat-en-50525-2-21-hr","14":"product_cat-gradevinarstvo","15":"product_cat-gumeni-fleksibilni-kabeli","16":"product_cat-hrvatska","17":"product_cat-iec-hr","18":"product_cat-industrija","19":"product_cat-madarska","20":"product_cat-lv-installation-cables-hr","21":"product_cat-poljska","22":"product_cat-reach-hr","23":"product_cat-rohs-hr","24":"product_cat-makedonija","25":"product_cat-slovacka","26":"product_cat-slovenija","27":"product_cat-srbija","28":"product_cat-standard-hr","29":"product_cat-tip","31":"first","32":"instock","33":"shipping-taxable","34":"product-type-simple"},"acf":[],"_links":{"self":[{"href":"https:\/\/www.ttcables.com\/hr\/wp-json\/wp\/v2\/product\/1811","targetHints":{"allow":["GET"]}}],"collection":[{"href":"https:\/\/www.ttcables.com\/hr\/wp-json\/wp\/v2\/product"}],"about":[{"href":"https:\/\/www.ttcables.com\/hr\/wp-json\/wp\/v2\/types\/product"}],"author":[{"embeddable":true,"href":"https:\/\/www.ttcables.com\/hr\/wp-json\/wp\/v2\/users\/3"}],"wp:featuredmedia":[{"embeddable":true,"href":"https:\/\/www.ttcables.com\/hr\/wp-json\/wp\/v2\/media\/1819"}],"wp:attachment":[{"href":"https:\/\/www.ttcables.com\/hr\/wp-json\/wp\/v2\/media?parent=1811"}],"wp:term":[{"taxonomy":"product_brand","embeddable":true,"href":"https:\/\/www.ttcables.com\/hr\/wp-json\/wp\/v2\/product_brand?post=1811"},{"taxonomy":"product_cat","embeddable":true,"href":"https:\/\/www.ttcables.com\/hr\/wp-json\/wp\/v2\/product_cat?post=1811"},{"taxonomy":"product_tag","embeddable":true,"href":"https:\/\/www.ttcables.com\/hr\/wp-json\/wp\/v2\/product_tag?post=1811"}],"curies":[{"name":"wp","href":"https:\/\/api.w.org\/{rel}","templated":true}]}}