{"id":1831,"date":"2022-05-05T11:36:00","date_gmt":"2022-05-05T09:36:02","guid":{"rendered":"https:\/\/www.ttcables.com\/?post_type=product&#038;p=1831"},"modified":"2024-03-22T09:06:48","modified_gmt":"2024-03-22T08:06:48","slug":"h05vv-f-hr","status":"publish","type":"product","link":"https:\/\/www.ttcables.com\/hr\/proizvod\/h05vv-f-hr\/","title":{"rendered":"H05VV-F"},"content":{"rendered":"<h2>Podru\u010dje primjene<\/h2>\n<p>Ovi se kabeli mogu koristiti u suhim, vla\u017enim i mokrim prostorijama, kao i na otvorenom, za srednja mehani\u010dka optere\u0107enja. Robusni su i gipki, otporni na ulja i vanjske uvjete, zbog \u010dega se mogu koristiti u marinama za priklju\u010dak brodova, za napajanje elektri\u010dnih strojeva u gra\u0111evinarstvu i brodogradili\u0161tima, za prijenosne bu\u0161ilice, cirkularne pile i sl., za prijenosne motore u poljodjelstvu, ure\u0111aje za grijanje gdje ne postoji bojazan od kontakta kabela s vru\u0107im dijelovima. Fleksibilnost na niskim temperaturama do -40 \u00b0C \u010dini ga pogodnim za upotrebu u zonama smrzavanja.<\/p>\n<h2>Konstrukcija<\/h2>\n<p>Vodi\u010di: Bakreno u\u017ee, klasa 5<br \/>\nIzolacija: PVC masa TI2<br \/>\nPla\u0161t: PVC masa TM2<\/p>\n<h2>Tehni\u010dke karakteristike<\/h2>\n<p>Nazivni napon (Uo\/U): 300\/500 V<br \/>\nIspitni napon: 2 kV<br \/>\nMax. radna temperatura: 70\u00b0C<br \/>\nMax. temp. kratkog spoja: 160\u00b0C<br \/>\nMin. polumjer savijanja: 6D<\/p>\n","protected":false},"excerpt":{"rendered":"<p>Nisko naponski (300\/500 v) pvc izolirani i pla\u0161tirani fleksibilni kabel<\/p>\n","protected":false},"author":3,"featured_media":1833,"template":"","meta":{"_acf_changed":false},"product_brand":[87],"product_cat":[197,185,287,289,302,343,186,406,215,198,192,237,187,260,398,341,365,275,227,193,194,210,286,206,207,188,189],"product_tag":[],"class_list":{"0":"post-1831","1":"product","2":"type-product","3":"status-publish","4":"has-post-thumbnail","6":"product_brand-ttcables","7":"product_cat-bosna-i-hercegovina","8":"product_cat-certifikat","9":"product_cat-ceska","10":"product_cat-ce-hr","11":"product_cat-cpr-hr","12":"product_cat-montenegro-hr","13":"product_cat-drzava","14":"product_cat-en-50525-2-11-hr","15":"product_cat-gradevinarstvo","16":"product_cat-hrvatska","17":"product_cat-iec-hr","18":"product_cat-iec-60227-hr","19":"product_cat-industrija","20":"product_cat-instalacijski-vodovi-s-izolacijom","21":"product_cat-madarska","22":"product_cat-lv-installation-cables-hr","23":"product_cat-poljska","24":"product_cat-pvc-finozicni-kabeli","25":"product_cat-razvodni-uredaji","26":"product_cat-reach-hr","27":"product_cat-rohs-hr","28":"product_cat-makedonija","29":"product_cat-slovacka","30":"product_cat-slovenija","31":"product_cat-srbija","32":"product_cat-standard-hr","33":"product_cat-tip","35":"first","36":"instock","37":"shipping-taxable","38":"product-type-simple"},"acf":[],"_links":{"self":[{"href":"https:\/\/www.ttcables.com\/hr\/wp-json\/wp\/v2\/product\/1831","targetHints":{"allow":["GET"]}}],"collection":[{"href":"https:\/\/www.ttcables.com\/hr\/wp-json\/wp\/v2\/product"}],"about":[{"href":"https:\/\/www.ttcables.com\/hr\/wp-json\/wp\/v2\/types\/product"}],"author":[{"embeddable":true,"href":"https:\/\/www.ttcables.com\/hr\/wp-json\/wp\/v2\/users\/3"}],"wp:featuredmedia":[{"embeddable":true,"href":"https:\/\/www.ttcables.com\/hr\/wp-json\/wp\/v2\/media\/1833"}],"wp:attachment":[{"href":"https:\/\/www.ttcables.com\/hr\/wp-json\/wp\/v2\/media?parent=1831"}],"wp:term":[{"taxonomy":"product_brand","embeddable":true,"href":"https:\/\/www.ttcables.com\/hr\/wp-json\/wp\/v2\/product_brand?post=1831"},{"taxonomy":"product_cat","embeddable":true,"href":"https:\/\/www.ttcables.com\/hr\/wp-json\/wp\/v2\/product_cat?post=1831"},{"taxonomy":"product_tag","embeddable":true,"href":"https:\/\/www.ttcables.com\/hr\/wp-json\/wp\/v2\/product_tag?post=1831"}],"curies":[{"name":"wp","href":"https:\/\/api.w.org\/{rel}","templated":true}]}}