{"id":1839,"date":"2022-05-05T11:46:28","date_gmt":"2022-05-05T09:46:29","guid":{"rendered":"https:\/\/www.ttcables.com\/?post_type=product&#038;p=1839"},"modified":"2024-03-22T09:04:22","modified_gmt":"2024-03-22T08:04:22","slug":"h03vv-f-hr","status":"publish","type":"product","link":"https:\/\/www.ttcables.com\/hr\/proizvod\/h03vv-f-hr\/","title":{"rendered":"H03VV-F"},"content":{"rendered":"<h2>Podru\u010dje primjene<\/h2>\n<p>Fleksibilni kabel za srednja mehani\u010dka naprezanja. Dopu\u0161teno je u\u010destalo savijanje i uvijanje. Posebno pogodan za uporabu u doma\u0107instvu, kuhinjama i uredima u suhim te vla\u017enim uvjetima, npr. perilice rublja, su\u0161ilice rublja, hladnjaci itd., sve dok je kabel prilago\u0111en bitnim specifikacijama ure\u0111aja. Pogodni su i za kuhala odnosno tople aparate, uz uvjet da ne dolazi u izravan dodir s vru\u0107im dijelovima ure\u0111aja ili da nije podvrgnut toplinskom isijavanju. Pogodni su za fiksne instalacije u namje\u0161taju, pregradnim zidovima, ukrasnim oblogama i \u0161upljim prostorima u monta\u017enim dijelovima za gradnju. Nisu pogodni za stalnu vanjsku uporabu (samo povremenu) ili uporabu za industrijske ili poljoprivredne strojeve (osim \u0161iva\u0107ih i sli\u010dno).<\/p>\n<h2>Konstrukcija<\/h2>\n<p>Vodi\u010di: Bakreno u\u017ee, klasa 5<br \/>\nIzolacija: PVC masa TI2<br \/>\nPla\u0161t: PVC masa TM2<\/p>\n<h2>Tehni\u010dke karakteristike<\/h2>\n<p>CPR klasa: Eca<br \/>\nIspitni napon: 2,0 kV<br \/>\nNazivni napon (Uo\/U): 300\/300 V<br \/>\nMin. polumjer savijanja: : 6xD<br \/>\nMax. radna temperatura: 70\u00b0C<br \/>\nMax. temp. kratkog spoja: 160\u00b0C<\/p>\n","protected":false},"excerpt":{"rendered":"<p>Nisko naponski (300\/300 v) PVC izolirani i pla\u0161tirani fleksibilni kabel<\/p>\n","protected":false},"author":3,"featured_media":1847,"template":"","meta":{"_acf_changed":false},"product_brand":[87],"product_cat":[197,185,287,289,302,343,186,406,281,215,198,192,237,187,260,398,341,365,275,227,193,194,210,286,206,207,188,189],"product_tag":[],"class_list":{"0":"post-1839","1":"product","2":"type-product","3":"status-publish","4":"has-post-thumbnail","6":"product_brand-ttcables","7":"product_cat-bosna-i-hercegovina","8":"product_cat-certifikat","9":"product_cat-ceska","10":"product_cat-ce-hr","11":"product_cat-cpr-hr","12":"product_cat-montenegro-hr","13":"product_cat-drzava","14":"product_cat-en-50525-2-11-hr","15":"product_cat-ezu-hr","16":"product_cat-gradevinarstvo","17":"product_cat-hrvatska","18":"product_cat-iec-hr","19":"product_cat-iec-60227-hr","20":"product_cat-industrija","21":"product_cat-instalacijski-vodovi-s-izolacijom","22":"product_cat-madarska","23":"product_cat-lv-installation-cables-hr","24":"product_cat-poljska","25":"product_cat-pvc-finozicni-kabeli","26":"product_cat-razvodni-uredaji","27":"product_cat-reach-hr","28":"product_cat-rohs-hr","29":"product_cat-makedonija","30":"product_cat-slovacka","31":"product_cat-slovenija","32":"product_cat-srbija","33":"product_cat-standard-hr","34":"product_cat-tip","36":"first","37":"instock","38":"shipping-taxable","39":"product-type-simple"},"acf":[],"_links":{"self":[{"href":"https:\/\/www.ttcables.com\/hr\/wp-json\/wp\/v2\/product\/1839","targetHints":{"allow":["GET"]}}],"collection":[{"href":"https:\/\/www.ttcables.com\/hr\/wp-json\/wp\/v2\/product"}],"about":[{"href":"https:\/\/www.ttcables.com\/hr\/wp-json\/wp\/v2\/types\/product"}],"author":[{"embeddable":true,"href":"https:\/\/www.ttcables.com\/hr\/wp-json\/wp\/v2\/users\/3"}],"wp:featuredmedia":[{"embeddable":true,"href":"https:\/\/www.ttcables.com\/hr\/wp-json\/wp\/v2\/media\/1847"}],"wp:attachment":[{"href":"https:\/\/www.ttcables.com\/hr\/wp-json\/wp\/v2\/media?parent=1839"}],"wp:term":[{"taxonomy":"product_brand","embeddable":true,"href":"https:\/\/www.ttcables.com\/hr\/wp-json\/wp\/v2\/product_brand?post=1839"},{"taxonomy":"product_cat","embeddable":true,"href":"https:\/\/www.ttcables.com\/hr\/wp-json\/wp\/v2\/product_cat?post=1839"},{"taxonomy":"product_tag","embeddable":true,"href":"https:\/\/www.ttcables.com\/hr\/wp-json\/wp\/v2\/product_tag?post=1839"}],"curies":[{"name":"wp","href":"https:\/\/api.w.org\/{rel}","templated":true}]}}