{"id":1850,"date":"2022-05-05T12:13:30","date_gmt":"2022-05-05T10:13:32","guid":{"rendered":"https:\/\/www.ttcables.com\/?post_type=product&#038;p=1850"},"modified":"2024-11-18T12:18:20","modified_gmt":"2024-11-18T11:18:20","slug":"h1z2z2-k-hr","status":"publish","type":"product","link":"https:\/\/www.ttcables.com\/hr\/proizvod\/h1z2z2-k-hr\/","title":{"rendered":"H1Z2Z2-K"},"content":{"rendered":"<h2>Podru\u010dje primjene<\/h2>\n<p>Za slobodne i stacionarnoe ili za slobodno vise\u0107e vanjske i unutarnje kabele izme\u0111u solarnih modula, ili izme\u0111u nizova modula i DC\/AC invertera, na primjer u skladu s HD 60364-7-712 za PV sustave i EN 50618 za H1Z2Z2- K tip kabela, itd&#8230;.; Za\u0161ti\u0107eni od kratkog spoja i zemljospoja prema EN 50618, Aneks A, i prema HD 60364-5-52 Fotonaponski sustavi s istosmjernim naponom sustava do 1800 V prema zemlji. Prema EN 50618, Aneks A, unutar cijevi\/kanala\/kanala za elektri\u010dnu instalaciju, \u017ebuke i ure\u0111aja, kao i unutar ili spojeno na dvostruko izolirani\/za\u0161ti\u0107eni ure\u0111aj ili sustav klase za\u0161tite II. AD8: Trajni kontakt s vodom i uranjanje do 1 metar dubine vode.<\/p>\n<h2>Konstrukcija<\/h2>\n<p>Vodi\u010di: Pokositreni bakreni vodi\u010di, klasa 5<br \/>\nIzolacija: Umre\u017eena bezhalogena masa<br \/>\nPla\u0161t: Umre\u017eeni, bezhalogena masa, otporna na plamen<br \/>\nBoja pla\u0161ta: Crna, crvena ili po zahtjevu<\/p>\n<h2>Tehni\u010dke karakteristike<\/h2>\n<p>CPR klasifikacija: Eca<br \/>\nNazivni napon (Uo\/U): 1\/1 kV AC, 1,5\/1,5 kV DC<br \/>\nMax. napon (Umax): 1,8 kV<br \/>\nIspitni napon: 6,5 kV<br \/>\nMin. temp. pri polaganju: -25\u00b0C<br \/>\nRadna temperatura: -40\u00b0C do 90\u00b0C<br \/>\nRadna temp. u max. 20000h: 120\u00b0C<br \/>\nMax. temp. kratkog spoja: 250\u00b0C<br \/>\nMin. polumjer savijanja: 4xD<br \/>\nOtpornost na vodu: AD8<\/p>\n","protected":false},"excerpt":{"rendered":"<p>Fotonaponski solarni kabel<\/p>\n","protected":false},"author":3,"featured_media":1854,"template":"","meta":{"_acf_changed":false},"product_brand":[87],"product_cat":[371,196,416,197,185,287,289,302,343,199,186,408,198,192,187,452,299,204,267,398,209,201,226,365,193,194,210,286,206,278,379,207,188,212,410,189,337],"product_tag":[],"class_list":{"0":"post-1850","1":"product","2":"type-product","3":"status-publish","4":"has-post-thumbnail","6":"product_brand-ttcables","7":"product_cat-albanija","8":"product_cat-austrija","9":"product_cat-belgija","10":"product_cat-bosna-i-hercegovina","11":"product_cat-certifikat","12":"product_cat-ceska","13":"product_cat-ce-hr","14":"product_cat-cpr-hr","15":"product_cat-montenegro-hr","16":"product_cat-danska","17":"product_cat-drzava","18":"product_cat-en-50618-hr","19":"product_cat-hrvatska","20":"product_cat-iec-hr","21":"product_cat-industrija","22":"product_cat-island","23":"product_cat-italija-hr","24":"product_cat-litvanija","25":"product_cat-lszh-kabeli-bez-halogeni-kabeli","26":"product_cat-madarska","27":"product_cat-nizozemska","28":"product_cat-njemacka","29":"product_cat-obnovljivi-izvori","30":"product_cat-poljska","31":"product_cat-reach-hr","32":"product_cat-rohs-hr","33":"product_cat-makedonija","34":"product_cat-slovacka","35":"product_cat-slovenija","36":"product_cat-solarni-kabeli","37":"product_cat-spanjolska","38":"product_cat-srbija","39":"product_cat-standard-hr","40":"product_cat-svedska","41":"product_cat-svicarska","42":"product_cat-tip","43":"product_cat-uk-hr","45":"first","46":"instock","47":"shipping-taxable","48":"product-type-simple"},"acf":[],"_links":{"self":[{"href":"https:\/\/www.ttcables.com\/hr\/wp-json\/wp\/v2\/product\/1850","targetHints":{"allow":["GET"]}}],"collection":[{"href":"https:\/\/www.ttcables.com\/hr\/wp-json\/wp\/v2\/product"}],"about":[{"href":"https:\/\/www.ttcables.com\/hr\/wp-json\/wp\/v2\/types\/product"}],"author":[{"embeddable":true,"href":"https:\/\/www.ttcables.com\/hr\/wp-json\/wp\/v2\/users\/3"}],"wp:featuredmedia":[{"embeddable":true,"href":"https:\/\/www.ttcables.com\/hr\/wp-json\/wp\/v2\/media\/1854"}],"wp:attachment":[{"href":"https:\/\/www.ttcables.com\/hr\/wp-json\/wp\/v2\/media?parent=1850"}],"wp:term":[{"taxonomy":"product_brand","embeddable":true,"href":"https:\/\/www.ttcables.com\/hr\/wp-json\/wp\/v2\/product_brand?post=1850"},{"taxonomy":"product_cat","embeddable":true,"href":"https:\/\/www.ttcables.com\/hr\/wp-json\/wp\/v2\/product_cat?post=1850"},{"taxonomy":"product_tag","embeddable":true,"href":"https:\/\/www.ttcables.com\/hr\/wp-json\/wp\/v2\/product_tag?post=1850"}],"curies":[{"name":"wp","href":"https:\/\/api.w.org\/{rel}","templated":true}]}}