{"id":1864,"date":"2022-05-05T13:45:24","date_gmt":"2022-05-05T11:45:25","guid":{"rendered":"https:\/\/www.ttcables.com\/?post_type=product&#038;p=1864"},"modified":"2024-03-22T09:01:36","modified_gmt":"2024-03-22T08:01:36","slug":"fr-n07v-au","status":"publish","type":"product","link":"https:\/\/www.ttcables.com\/hr\/proizvod\/fr-n07v-au\/","title":{"rendered":"FR-N07V-AU"},"content":{"rendered":"<h2>Podru\u010dje primjene<\/h2>\n<p>Izolirani vodi\u010d upotrebljava se za polaganje u elektroinstalacijske cijevi, pod\u017ebuknu i nad\u017ebuknu ugradnju u suhim prostorijama, te u zatvorene instalacijske kanale. Nije dopu\u0161teno direktno postavljanje u kabelske vodilice. Upotrebljava se i za unutarnje o\u017ei\u010denje opreme razvodnih i sklopnih plo\u010da kao i za za\u0161titno polaganje kod rasvjete s nazivnim naponom do 1000 V izmjeni\u010dno ili do 750 V istosmjerno prema zemlji.<\/p>\n<h2>Konstrukcija<\/h2>\n<p>Vodi\u010di: Aluminijski vodi\u010d, klasa 1<br \/>\nIzolacija: PVC masa<\/p>\n<h2>Tehni\u010dke karakteristike<\/h2>\n<p>Nazivni napon : 450\/750 V<br \/>\nIspitni napon : 2,5 kV<br \/>\nMax. radna temperatura: +70\u00b0C<br \/>\nMax. temp. kratkog spoja: +160\u00b0C<br \/>\nMin. polumjer savijanja: 6 x vanjski promjer kabela<\/p>\n","protected":false},"excerpt":{"rendered":"<p>Nisko naponski (450\/750 v) PVC izolirani vodi\u010d<\/p>\n","protected":false},"author":3,"featured_media":1868,"template":"","meta":{"_acf_changed":false},"product_brand":[87],"product_cat":[185,289,302,186,202,215,192,187,260,412,341,227,193,194,188,189],"product_tag":[],"class_list":{"0":"post-1864","1":"product","2":"type-product","3":"status-publish","4":"has-post-thumbnail","6":"product_brand-ttcables","7":"product_cat-certifikat","8":"product_cat-ce-hr","9":"product_cat-cpr-hr","10":"product_cat-drzava","11":"product_cat-francuska","12":"product_cat-gradevinarstvo","13":"product_cat-iec-hr","14":"product_cat-industrija","15":"product_cat-instalacijski-vodovi-s-izolacijom","16":"product_cat-nf-c-32-208-hr","17":"product_cat-lv-installation-cables-hr","18":"product_cat-razvodni-uredaji","19":"product_cat-reach-hr","20":"product_cat-rohs-hr","21":"product_cat-standard-hr","22":"product_cat-tip","24":"first","25":"instock","26":"shipping-taxable","27":"product-type-simple"},"acf":[],"_links":{"self":[{"href":"https:\/\/www.ttcables.com\/hr\/wp-json\/wp\/v2\/product\/1864","targetHints":{"allow":["GET"]}}],"collection":[{"href":"https:\/\/www.ttcables.com\/hr\/wp-json\/wp\/v2\/product"}],"about":[{"href":"https:\/\/www.ttcables.com\/hr\/wp-json\/wp\/v2\/types\/product"}],"author":[{"embeddable":true,"href":"https:\/\/www.ttcables.com\/hr\/wp-json\/wp\/v2\/users\/3"}],"wp:featuredmedia":[{"embeddable":true,"href":"https:\/\/www.ttcables.com\/hr\/wp-json\/wp\/v2\/media\/1868"}],"wp:attachment":[{"href":"https:\/\/www.ttcables.com\/hr\/wp-json\/wp\/v2\/media?parent=1864"}],"wp:term":[{"taxonomy":"product_brand","embeddable":true,"href":"https:\/\/www.ttcables.com\/hr\/wp-json\/wp\/v2\/product_brand?post=1864"},{"taxonomy":"product_cat","embeddable":true,"href":"https:\/\/www.ttcables.com\/hr\/wp-json\/wp\/v2\/product_cat?post=1864"},{"taxonomy":"product_tag","embeddable":true,"href":"https:\/\/www.ttcables.com\/hr\/wp-json\/wp\/v2\/product_tag?post=1864"}],"curies":[{"name":"wp","href":"https:\/\/api.w.org\/{rel}","templated":true}]}}