{"id":1889,"date":"2022-05-05T14:34:12","date_gmt":"2022-05-05T12:34:12","guid":{"rendered":"https:\/\/www.ttcables.com\/?post_type=product&#038;p=1889"},"modified":"2025-07-24T12:22:46","modified_gmt":"2025-07-24T10:22:46","slug":"fg160r16-hr","status":"publish","type":"product","link":"https:\/\/www.ttcables.com\/hr\/proizvod\/fg160r16-hr\/","title":{"rendered":"FG16OR16"},"content":{"rendered":"<h2>Podru\u010dje primjene<\/h2>\n<p>Referentne smjernice CEI 20-67: Kabel pogodan za opskrbu energijom u industriji, gradili\u0161tima i gra\u0111evinskoj industriji. Za fiksno o\u017ei\u010denje u zatvorenom i na otvorenom, \u010dak i mokro; za izravno i neizravno podzemno o\u017ei\u010denje. Pogodno za ugradnju na otvorenom, na zidove, metalne konstrukcije, nosa\u010de kabela, cijevi, dr\u017ea\u010de o\u017ei\u010denja i sli\u010dne ure\u0111aje. Pogodno za instalacije u snopovima, u okru\u017eenjima opasnim od po\u017eara.<\/p>\n<h2>Konstrukcija<\/h2>\n<p>Vodi\u010di: Cu vodi\u010di, klasa 5 prema normi EN 60228<br \/>\nIzolacija: Gumena masa, G16 kvaliteta<br \/>\nIspuna: Ekstrudirana elastomerna ili plastomerna masa<br \/>\nPla\u0161t: PVC masa R16, siva<\/p>\n<h2>Tehni\u010dke karakteristike<\/h2>\n<p>Nazivni napon (Uo\/U): 0,6\/1 kV<br \/>\nIspitni napon: 4 kV<br \/>\nMin. temp. pri polaganju: -15\u00b0C<br \/>\nMax. radna temperatura: 90\u00b0C<br \/>\nMax. temp. kratkog spoja: 250\u00b0C<br \/>\nMin. polumjer savijanja: jedno\u017eilci &#8211; 6D<br \/>\nCPR klasifikacija: Cca \u2013 s3,d1,a3<\/p>\n<p>&nbsp;<\/p>\n<p>&nbsp;<\/p>\n","protected":false},"excerpt":{"rendered":"<p>Energetski kabel 0,6\/1 kV sa Cu vodi\u010dima, izoliran G16 gumom i opla\u0161ten PVC-om<\/p>\n","protected":false},"author":3,"featured_media":1895,"template":"","meta":{"_acf_changed":false},"product_brand":[87],"product_cat":[414,185,289,302,186,273,215,198,192,239,187,264,260,299,263,228,217,193,194,206,188,189],"product_tag":[],"class_list":{"0":"post-1889","1":"product","2":"type-product","3":"status-publish","4":"has-post-thumbnail","6":"product_brand-ttcables","7":"product_cat-cei-20-13-hr","8":"product_cat-certifikat","9":"product_cat-ce-hr","10":"product_cat-cpr-hr","11":"product_cat-drzava","12":"product_cat-energetski-kabeli","13":"product_cat-gradevinarstvo","14":"product_cat-hrvatska","15":"product_cat-iec-hr","16":"product_cat-iec-60502-1-hr","17":"product_cat-industrija","18":"product_cat-industrijski-kabeli","19":"product_cat-instalacijski-vodovi-s-izolacijom","20":"product_cat-italija-hr","21":"product_cat-kabeli-za-podatkovni-centar","22":"product_cat-mreze-za-prijenos-distribuciju-i-napajanje","23":"product_cat-podaktovni-centri","24":"product_cat-reach-hr","25":"product_cat-rohs-hr","26":"product_cat-slovenija","27":"product_cat-standard-hr","28":"product_cat-tip","30":"first","31":"instock","32":"shipping-taxable","33":"product-type-simple"},"acf":[],"_links":{"self":[{"href":"https:\/\/www.ttcables.com\/hr\/wp-json\/wp\/v2\/product\/1889","targetHints":{"allow":["GET"]}}],"collection":[{"href":"https:\/\/www.ttcables.com\/hr\/wp-json\/wp\/v2\/product"}],"about":[{"href":"https:\/\/www.ttcables.com\/hr\/wp-json\/wp\/v2\/types\/product"}],"author":[{"embeddable":true,"href":"https:\/\/www.ttcables.com\/hr\/wp-json\/wp\/v2\/users\/3"}],"wp:featuredmedia":[{"embeddable":true,"href":"https:\/\/www.ttcables.com\/hr\/wp-json\/wp\/v2\/media\/1895"}],"wp:attachment":[{"href":"https:\/\/www.ttcables.com\/hr\/wp-json\/wp\/v2\/media?parent=1889"}],"wp:term":[{"taxonomy":"product_brand","embeddable":true,"href":"https:\/\/www.ttcables.com\/hr\/wp-json\/wp\/v2\/product_brand?post=1889"},{"taxonomy":"product_cat","embeddable":true,"href":"https:\/\/www.ttcables.com\/hr\/wp-json\/wp\/v2\/product_cat?post=1889"},{"taxonomy":"product_tag","embeddable":true,"href":"https:\/\/www.ttcables.com\/hr\/wp-json\/wp\/v2\/product_tag?post=1889"}],"curies":[{"name":"wp","href":"https:\/\/api.w.org\/{rel}","templated":true}]}}