{"id":1897,"date":"2022-05-05T15:14:19","date_gmt":"2022-05-05T13:14:20","guid":{"rendered":"https:\/\/www.ttcables.com\/?post_type=product&#038;p=1897"},"modified":"2022-05-19T20:50:51","modified_gmt":"2022-05-19T18:50:51","slug":"exavb-hr","status":"publish","type":"product","link":"https:\/\/www.ttcables.com\/hr\/proizvod\/exavb-hr\/","title":{"rendered":"EXAVB"},"content":{"rendered":"<h2>Podru\u010dje primjene<\/h2>\n<p>EXAVB je blindirani energetski kabel za niskonaponske instalacije od 0,6\/1kV koji sprje\u010dava opasnost od mehani\u010dkih o\u0161te\u0107enja. Kabel je otporan na UV zrake. EXAVB se mo\u017ee polo\u017eiti izravno u zemlju bez dodatne mehani\u010dke za\u0161tite, unutar objekata, u kabelskim kanalima. Koristi se u elektranama, transformatorskim stanicama, industrijskim postrojenjima, gradskim mre\u017eama i drugim elektri\u010dnim postrojenjima. Kabel je prikladan za uporabu na temperaturama okoline izme\u0111u -20 \u00b0 C i + 60 \u00b0 C. Sigurnosni krug ispod armature prikladan je za uzemljenje vodi\u010da do 6 mm\u00b2.<\/p>\n<h2>Konstrukcija<\/h2>\n<p>Vodi\u010di: Cu vodi\u010di, klasa1 ili 2 prema normi EN 60228<br \/>\nIzolacija: XLPE masa<br \/>\nIspuna: Sigurnosni krug od Cu \u017eica<br \/>\nKoncentri\u010dni vodi\u010d: Galvanizirane \u010deli\u010dne trake ili \u010deli\u010dne \u017eice<br \/>\nPla\u0161t: PVC masa, UV otporna<\/p>\n<p>&nbsp;<\/p>\n<h2>Tehni\u010dke karakteristike<\/h2>\n<p>Nazivni napon (Uo\/U): 0,6\/1 kV<br \/>\nIspitni napon: 4 kV<br \/>\nMin. temp. pri polaganju: -15\u00b0C<br \/>\nMax. radna temperatura: 90\u00b0C<br \/>\nMax. temp. kratkog spoja: 250\u00b0C<br \/>\nMin. polumjer savijanja: jedno\u017eilci &#8211; 6D<br \/>\nCPR klasifikacija: Cca \u2013 s3,d1,a3<\/p>\n<p>&nbsp;<\/p>\n<p>&nbsp;<\/p>\n","protected":false},"excerpt":{"rendered":"<p>Energetski kabel 0,6\/1 kV sa Cu vodi\u010dima, izoliran XLPE-om i opla\u0161ten PVC-om<\/p>\n","protected":false},"author":3,"featured_media":1901,"template":"","meta":{"_acf_changed":false},"product_brand":[87],"product_cat":[416,185,289,186,316,273,215,192,239,187,264,228,418,250,193,194,188,189],"product_tag":[],"class_list":{"0":"post-1897","1":"product","2":"type-product","3":"status-publish","4":"has-post-thumbnail","6":"product_brand-ttcables","7":"product_cat-belgija","8":"product_cat-certifikat","9":"product_cat-ce-hr","10":"product_cat-drzava","11":"product_cat-screened-cables-hr","12":"product_cat-energetski-kabeli","13":"product_cat-gradevinarstvo","14":"product_cat-iec-hr","15":"product_cat-iec-60502-1-hr","16":"product_cat-industrija","17":"product_cat-industrijski-kabeli","18":"product_cat-mreze-za-prijenos-distribuciju-i-napajanje","19":"product_cat-nbn-hd-603-s1-hr","20":"product_cat-oklopljeni-kabeli","21":"product_cat-reach-hr","22":"product_cat-rohs-hr","23":"product_cat-standard-hr","24":"product_cat-tip","26":"first","27":"instock","28":"shipping-taxable","29":"product-type-simple"},"acf":[],"_links":{"self":[{"href":"https:\/\/www.ttcables.com\/hr\/wp-json\/wp\/v2\/product\/1897","targetHints":{"allow":["GET"]}}],"collection":[{"href":"https:\/\/www.ttcables.com\/hr\/wp-json\/wp\/v2\/product"}],"about":[{"href":"https:\/\/www.ttcables.com\/hr\/wp-json\/wp\/v2\/types\/product"}],"author":[{"embeddable":true,"href":"https:\/\/www.ttcables.com\/hr\/wp-json\/wp\/v2\/users\/3"}],"wp:featuredmedia":[{"embeddable":true,"href":"https:\/\/www.ttcables.com\/hr\/wp-json\/wp\/v2\/media\/1901"}],"wp:attachment":[{"href":"https:\/\/www.ttcables.com\/hr\/wp-json\/wp\/v2\/media?parent=1897"}],"wp:term":[{"taxonomy":"product_brand","embeddable":true,"href":"https:\/\/www.ttcables.com\/hr\/wp-json\/wp\/v2\/product_brand?post=1897"},{"taxonomy":"product_cat","embeddable":true,"href":"https:\/\/www.ttcables.com\/hr\/wp-json\/wp\/v2\/product_cat?post=1897"},{"taxonomy":"product_tag","embeddable":true,"href":"https:\/\/www.ttcables.com\/hr\/wp-json\/wp\/v2\/product_tag?post=1897"}],"curies":[{"name":"wp","href":"https:\/\/api.w.org\/{rel}","templated":true}]}}