{"id":1903,"date":"2022-05-05T15:32:32","date_gmt":"2022-05-05T13:32:34","guid":{"rendered":"https:\/\/www.ttcables.com\/?post_type=product&#038;p=1903"},"modified":"2022-05-05T15:42:55","modified_gmt":"2022-05-05T13:42:55","slug":"ex-hr","status":"publish","type":"product","link":"https:\/\/www.ttcables.com\/hr\/proizvod\/ex-hr\/","title":{"rendered":"EX"},"content":{"rendered":"<h2>Podru\u010dje primjene<\/h2>\n<p>Kabeli su namijenjeni za distribuciju elektri\u010dne energije u gradskoj mre\u017ei i u industriji, za osvjetljenje cesta. Koriste se tako\u0111er kao priklju\u010dni kabeli. Postavljaju se na stupove, konzole, fasade ku\u0107a, na drvene i \u017eeljezne konstrukcije.<\/p>\n<h2>Konstrukcija<\/h2>\n<p>Fazni vodi\u010di: Al vodi\u010di, klasa 2 prema normi EN 60228<br \/>\nNeutralni vodi\u010d: Al vodi\u010di, klasa 2 prema normi EN 60228<br \/>\nIzolacija: PE masa TIP 5<\/p>\n<p>&nbsp;<\/p>\n<h2>Tehni\u010dke karakteristike<\/h2>\n<p>Nazivni napon (Uo\/U): 0,6\/1 kV<br \/>\nIspitni napon: 4 kV<br \/>\nMin. temp. pri polaganju: -5\u00b0C<br \/>\nMax. radna temperatura: 70\u00b0C<br \/>\nMax. temp. kratkog spoja: 135\u00b0C<br \/>\nMin. polumjer savijanja: 12D<br \/>\nCPR klasa: Fca<\/p>\n<p>&nbsp;<\/p>\n<p>&nbsp;<\/p>\n","protected":false},"excerpt":{"rendered":"<p class=\"Default\">Nadzemni energetski kabel 0,6\/1 kV sa Al vodi\u010dima, izoliran PE-om<\/p>\n","protected":false},"author":3,"featured_media":1909,"template":"","meta":{"_acf_changed":false},"product_brand":[87],"product_cat":[185,289,199,186,273,200,205,215,351,187,204,228,271,208,420,193,194,188,212,189],"product_tag":[],"class_list":{"0":"post-1903","1":"product","2":"type-product","3":"status-publish","4":"has-post-thumbnail","6":"product_brand-ttcables","7":"product_cat-certifikat","8":"product_cat-ce-hr","9":"product_cat-danska","10":"product_cat-drzava","11":"product_cat-energetski-kabeli","12":"product_cat-estonija","13":"product_cat-finska","14":"product_cat-gradevinarstvo","15":"product_cat-hd-626-s1-hr","16":"product_cat-industrija","17":"product_cat-litvanija","18":"product_cat-mreze-za-prijenos-distribuciju-i-napajanje","19":"product_cat-nadzemni-kabeli","20":"product_cat-norveska","21":"product_cat-part-3l-hr","22":"product_cat-reach-hr","23":"product_cat-rohs-hr","24":"product_cat-standard-hr","25":"product_cat-svedska","26":"product_cat-tip","28":"first","29":"instock","30":"shipping-taxable","31":"product-type-simple"},"acf":[],"_links":{"self":[{"href":"https:\/\/www.ttcables.com\/hr\/wp-json\/wp\/v2\/product\/1903","targetHints":{"allow":["GET"]}}],"collection":[{"href":"https:\/\/www.ttcables.com\/hr\/wp-json\/wp\/v2\/product"}],"about":[{"href":"https:\/\/www.ttcables.com\/hr\/wp-json\/wp\/v2\/types\/product"}],"author":[{"embeddable":true,"href":"https:\/\/www.ttcables.com\/hr\/wp-json\/wp\/v2\/users\/3"}],"wp:featuredmedia":[{"embeddable":true,"href":"https:\/\/www.ttcables.com\/hr\/wp-json\/wp\/v2\/media\/1909"}],"wp:attachment":[{"href":"https:\/\/www.ttcables.com\/hr\/wp-json\/wp\/v2\/media?parent=1903"}],"wp:term":[{"taxonomy":"product_brand","embeddable":true,"href":"https:\/\/www.ttcables.com\/hr\/wp-json\/wp\/v2\/product_brand?post=1903"},{"taxonomy":"product_cat","embeddable":true,"href":"https:\/\/www.ttcables.com\/hr\/wp-json\/wp\/v2\/product_cat?post=1903"},{"taxonomy":"product_tag","embeddable":true,"href":"https:\/\/www.ttcables.com\/hr\/wp-json\/wp\/v2\/product_tag?post=1903"}],"curies":[{"name":"wp","href":"https:\/\/api.w.org\/{rel}","templated":true}]}}