{"id":1923,"date":"2022-05-05T22:11:18","date_gmt":"2022-05-05T20:11:19","guid":{"rendered":"https:\/\/www.ttcables.com\/?post_type=product&#038;p=1923"},"modified":"2022-10-14T12:42:58","modified_gmt":"2022-10-14T10:42:58","slug":"ymvkf-hr","status":"publish","type":"product","link":"https:\/\/www.ttcables.com\/hr\/proizvod\/ymvkf-hr\/","title":{"rendered":"YMvKf"},"content":{"rendered":"<h2>Podru\u010dje primjene<\/h2>\n<p>YMvKf kabel pogodan je za sve vrste industrijskih niskonaponskih priklju\u010daka, urbanih mre\u017ea, gra\u0111evinskih instalacija itd. Ovaj kabel je vatrootporan i preporu\u010duje se za upotrebu na javnim mjestima i u opasnim industrijama. Njegova fleksibilnost znatno olak\u0161ava instalaciju, \u0161to je \u010dini izuzetno pogodnom za te\u0161ke rasporede. Ovaj se kabel tako\u0111er mo\u017ee koristiti u ukopnim instalacijama ili u cijevima ili na otvorenom bez potrebe za dodatnom za\u0161titom.<\/p>\n<h2>Konstrukcija<\/h2>\n<p>Vodi\u010di: Cu vodi\u010di, klasa 5 prema normi EN 60228<br \/>\nIzolacija: XLPE masa<br \/>\nIspuna: Ekstrudirana elastomerna beshalogena masa<br \/>\nPla\u0161t: PVC masa, tip PVC\/ST<\/p>\n<h2>Tehni\u010dke karakteristike<\/h2>\n<p>Nazivni napon (Uo\/U): 0,6\/1 kV<br \/>\nIspitni napon: 4 kV<br \/>\nMin. temp. pri polaganju: -5\u00b0C<br \/>\nMax. radna temperatura: 90\u00b0C<br \/>\nMax. temp. kratkog spoja: 250\u00b0C<br \/>\nMin. polumjer savijanja: jedno\u017eilci \u2013 15D; vi\u0161e\u017eilci &#8211; 12D<\/p>\n","protected":false},"excerpt":{"rendered":"<p>Energetski kabel 0,6\/1 kV sa Cu vodi\u010dima, izoliran XLPE-om i opla\u0161ten PVC-om<\/p>\n","protected":false},"author":2,"featured_media":2630,"template":"","meta":{"_acf_changed":false},"product_brand":[87],"product_cat":[185,289,186,316,273,215,235,192,239,187,264,267,228,209,193,194,188,189],"product_tag":[],"class_list":{"0":"post-1923","1":"product","2":"type-product","3":"status-publish","4":"has-post-thumbnail","6":"product_brand-ttcables","7":"product_cat-certifikat","8":"product_cat-ce-hr","9":"product_cat-drzava","10":"product_cat-screened-cables-hr","11":"product_cat-energetski-kabeli","12":"product_cat-gradevinarstvo","13":"product_cat-hd-604-s1-hr","14":"product_cat-iec-hr","15":"product_cat-iec-60502-1-hr","16":"product_cat-industrija","17":"product_cat-industrijski-kabeli","18":"product_cat-lszh-kabeli-bez-halogeni-kabeli","19":"product_cat-mreze-za-prijenos-distribuciju-i-napajanje","20":"product_cat-nizozemska","21":"product_cat-reach-hr","22":"product_cat-rohs-hr","23":"product_cat-standard-hr","24":"product_cat-tip","26":"first","27":"instock","28":"shipping-taxable","29":"product-type-simple"},"acf":[],"_links":{"self":[{"href":"https:\/\/www.ttcables.com\/hr\/wp-json\/wp\/v2\/product\/1923","targetHints":{"allow":["GET"]}}],"collection":[{"href":"https:\/\/www.ttcables.com\/hr\/wp-json\/wp\/v2\/product"}],"about":[{"href":"https:\/\/www.ttcables.com\/hr\/wp-json\/wp\/v2\/types\/product"}],"author":[{"embeddable":true,"href":"https:\/\/www.ttcables.com\/hr\/wp-json\/wp\/v2\/users\/2"}],"wp:featuredmedia":[{"embeddable":true,"href":"https:\/\/www.ttcables.com\/hr\/wp-json\/wp\/v2\/media\/2630"}],"wp:attachment":[{"href":"https:\/\/www.ttcables.com\/hr\/wp-json\/wp\/v2\/media?parent=1923"}],"wp:term":[{"taxonomy":"product_brand","embeddable":true,"href":"https:\/\/www.ttcables.com\/hr\/wp-json\/wp\/v2\/product_brand?post=1923"},{"taxonomy":"product_cat","embeddable":true,"href":"https:\/\/www.ttcables.com\/hr\/wp-json\/wp\/v2\/product_cat?post=1923"},{"taxonomy":"product_tag","embeddable":true,"href":"https:\/\/www.ttcables.com\/hr\/wp-json\/wp\/v2\/product_tag?post=1923"}],"curies":[{"name":"wp","href":"https:\/\/api.w.org\/{rel}","templated":true}]}}