{"id":2048,"date":"2022-05-11T12:17:28","date_gmt":"2022-05-11T10:17:28","guid":{"rendered":"https:\/\/www.ttcables.com\/?post_type=product&#038;p=2048"},"modified":"2026-01-19T10:40:47","modified_gmt":"2026-01-19T09:40:47","slug":"ifsi-al-hr","status":"publish","type":"product","link":"https:\/\/www.ttcables.com\/hr\/proizvod\/ifsi-al-hr\/","title":{"rendered":"IFSI Al"},"content":{"rendered":"<h2>Podru\u010dje primjene<\/h2>\n<p>Energetski kabel pogodan za fiksnu instalaciju u suhim i vla\u017enim prostorijama, iznad ili ispod \u017ebuke, na kabelske police, kao i u zidove i u beton. Nisu za izravno polaganje u zemlju niti u vodu. Za vanjsku uporabu mogu se polagati u cijevima, no tada je potrebno poduzeti sve mjere opreza da u cijevi ne mo\u017ee doprijeti voda. Pogodni su za sustave napajanja u slu\u010daju nu\u017ede. Primjereni su za uporabu svugdje gdje u slu\u010daju po\u017eara treba za\u0161tititi ljude i materijalna dobra. Preporu\u010dljivi su za javne objekte u kojima se okuplja puno ljudi i za objekte visoke materijalne vrijednosti, za industrijske komplekse, elektrane, trafostanice, komunalne objekte, hotele, trgova\u010dke centre, bolnice, \u0161kole, zra\u010dne luke, podzemne \u017eeljeznice i sli\u010dno. Koncentri\u010dni vodi\u010d slu\u017ei kao elektromagnetski zaslon, a mo\u017ee se upotrebljavati i kao neutralni vodi\u010d.<\/p>\n<h2>Konstrukcija<\/h2>\n<p>Vodi\u010di: Al vodi\u010di, klasa 2 prema normi EN 60228<br \/>\nIzolacija: XLPE masa<br \/>\nIspuna: Ekstrudirana elastomerna ili plastomerna masa ili plasti\u010dna traka<br \/>\nKoncentri\u010dni vodi\u010d: Cu \u017eice spiralno povezane Cu trakom<br \/>\nPla\u0161t: HFFR masa<\/p>\n<p>&nbsp;<\/p>\n<h2>Tehni\u010dke karakteristike<\/h2>\n<p>Nazivni napon (Uo\/U): 0,6\/1 kV<br \/>\nMin. temp. pri polaganju: -15\u00b0C<br \/>\nMin. radna temperatura: -40\u00b0C<br \/>\nMax. radna temperatura: 90\u00b0C<br \/>\nMax. temp. kratkog spoja: 250\u00b0C<br \/>\nMin. polumjer savijanja: jedno\u017eilci &#8211; 15D; vi\u0161e\u017eilci &#8211; 12D<br \/>\nOsobine gorenja: IEC 60332-1-2; IEC 60332-3-24<br \/>\nIEC 61034-2; IEC 60754-1<br \/>\nIEC 60754-2<br \/>\nCPR klasa: Dca \u2013 s1,d2,a1<\/p>\n<p>&nbsp;<\/p>\n<p>&nbsp;<\/p>\n","protected":false},"excerpt":{"rendered":"<p>Energetski kabel 0,6\/1 kV, s Al vodi\u010dima, XLPE izoliran i HFFR opla\u0161ten, s koncentri\u010dnim vodi\u010dem<\/p>\n","protected":false},"author":3,"featured_media":2052,"template":"","meta":{"_acf_changed":false},"product_brand":[87],"product_cat":[185,289,302,199,186,316,324,233,330,332,435,273,200,205,215,318,235,192,239,187,204,267,228,208,310,193,194,308,312,188,212,189],"product_tag":[],"class_list":{"0":"post-2048","1":"product","2":"type-product","3":"status-publish","4":"has-post-thumbnail","6":"product_brand-ttcables","7":"product_cat-certifikat","8":"product_cat-ce-hr","9":"product_cat-cpr-hr","10":"product_cat-danska","11":"product_cat-drzava","12":"product_cat-screened-cables-hr","13":"product_cat-en-60332-1-2-hr","14":"product_cat-en-60332-3-24-hr","15":"product_cat-en-60754-1-hr","16":"product_cat-en-60754-2-hr","17":"product_cat-en-61034-1-hr","18":"product_cat-energetski-kabeli","19":"product_cat-estonija","20":"product_cat-finska","21":"product_cat-gradevinarstvo","22":"product_cat-hd-604-5d-hr","23":"product_cat-hd-604-s1-hr","24":"product_cat-iec-hr","25":"product_cat-iec-60502-1-hr","26":"product_cat-industrija","27":"product_cat-litvanija","28":"product_cat-lszh-kabeli-bez-halogeni-kabeli","29":"product_cat-mreze-za-prijenos-distribuciju-i-napajanje","30":"product_cat-norveska","31":"product_cat-p-5l-hr","32":"product_cat-reach-hr","33":"product_cat-rohs-hr","34":"product_cat-sfs-5546-hr","35":"product_cat-ss-424-14-18-hr","36":"product_cat-standard-hr","37":"product_cat-svedska","38":"product_cat-tip","40":"first","41":"instock","42":"shipping-taxable","43":"product-type-simple"},"acf":[],"_links":{"self":[{"href":"https:\/\/www.ttcables.com\/hr\/wp-json\/wp\/v2\/product\/2048","targetHints":{"allow":["GET"]}}],"collection":[{"href":"https:\/\/www.ttcables.com\/hr\/wp-json\/wp\/v2\/product"}],"about":[{"href":"https:\/\/www.ttcables.com\/hr\/wp-json\/wp\/v2\/types\/product"}],"author":[{"embeddable":true,"href":"https:\/\/www.ttcables.com\/hr\/wp-json\/wp\/v2\/users\/3"}],"wp:featuredmedia":[{"embeddable":true,"href":"https:\/\/www.ttcables.com\/hr\/wp-json\/wp\/v2\/media\/2052"}],"wp:attachment":[{"href":"https:\/\/www.ttcables.com\/hr\/wp-json\/wp\/v2\/media?parent=2048"}],"wp:term":[{"taxonomy":"product_brand","embeddable":true,"href":"https:\/\/www.ttcables.com\/hr\/wp-json\/wp\/v2\/product_brand?post=2048"},{"taxonomy":"product_cat","embeddable":true,"href":"https:\/\/www.ttcables.com\/hr\/wp-json\/wp\/v2\/product_cat?post=2048"},{"taxonomy":"product_tag","embeddable":true,"href":"https:\/\/www.ttcables.com\/hr\/wp-json\/wp\/v2\/product_tag?post=2048"}],"curies":[{"name":"wp","href":"https:\/\/api.w.org\/{rel}","templated":true}]}}