{"id":2060,"date":"2022-05-11T13:50:07","date_gmt":"2022-05-11T11:50:07","guid":{"rendered":"https:\/\/www.ttcables.com\/?post_type=product&#038;p=2060"},"modified":"2026-01-19T10:17:04","modified_gmt":"2026-01-19T09:17:04","slug":"bfsi-hr","status":"publish","type":"product","link":"https:\/\/www.ttcables.com\/hr\/proizvod\/bfsi-hr\/","title":{"rendered":"BFSI \/ FRHF"},"content":{"rendered":"<h2>Podru\u010dje primjene<\/h2>\n<p>Protupo\u017earni sigurnosni kabeli za ugradnju svugdje gdje visoki sigurnosni zahtjevi imaju poseban zna\u010daj, npr. U industrijskim kompleksima, elektranama, javnim zgradama, hotelima, podzemnim \u017eeljezni\u010dkim sustavima, bolnicama itd. Instalacije na otvorenom, podzemlju, u zatvorenom prostoru, u kablovskim kanalima. Nije prikladno za upotrebu u vodi. Kabeli se mogu polo\u017eiti izravno u zemlju ako se pravilno instaliraju i pa\u017eljivo po\u0161tuju uputstva iz vodi\u010da REN-a 9000<\/p>\n<h2>Konstrukcija<\/h2>\n<p>Vodi\u010di: Cu vodi\u010di, klasa 1 ili 2 prema normi EN 60228<br \/>\nIzolacija: Mica traka i XLPE masa preko toga<br \/>\nIspuna: Ekstrudirana elastomerna ili plastomerna bezhalogena masa ili plasti\u010dna traka<br \/>\nKoncentri\u010dni vodi\u010d: Cu \u017eice spiralno povezane Cu trakom<br \/>\nPla\u0161t: HFFR masa, tip ST8 prema IEC 60502-1<\/p>\n<p>&nbsp;<\/p>\n<h2>Tehni\u010dke karakteristike<\/h2>\n<p>Nazivni napon (Uo\/U): 0,6\/1 kV<br \/>\nIspitni napon: 4 kV<br \/>\nNajni\u017ea temp za fixno instal.: -40\u00b0C<br \/>\nMin. temp. pri polaganju: -20\u00b0C<br \/>\nMax. radna temperatura: 90\u00b0C<br \/>\nMax. temp. kratkog spoja: 250\u00b0C<\/p>\n<p>&nbsp;<\/p>\n<p>&nbsp;<\/p>\n","protected":false},"excerpt":{"rendered":"<p>Energetski kabel 0,6\/1 kV sa Cu vodi\u010dima, izoliran XLPE-om i opla\u0161ten HFFR-om, sa pobolj\u0161anim svojstvima u slu\u010daju po\u017eara<\/p>\n","protected":false},"author":3,"featured_media":2064,"template":"","meta":{"_acf_changed":false},"product_brand":[87],"product_cat":[185,289,199,186,316,437,324,439,441,233,330,332,435,328,273,200,205,215,318,192,321,239,187,204,267,228,208,193,194,188,212,189,259],"product_tag":[],"class_list":{"0":"post-2060","1":"product","2":"type-product","3":"status-publish","4":"has-post-thumbnail","6":"product_brand-ttcables","7":"product_cat-certifikat","8":"product_cat-ce-hr","9":"product_cat-danska","10":"product_cat-drzava","11":"product_cat-screened-cables-hr","12":"product_cat-en-60332-1-hr","13":"product_cat-en-60332-1-2-hr","14":"product_cat-en-60332-2-hr","15":"product_cat-en-60332-21-hr","16":"product_cat-en-60332-3-24-hr","17":"product_cat-en-60754-1-hr","18":"product_cat-en-60754-2-hr","19":"product_cat-en-61034-1-hr","20":"product_cat-en-61034-2-hr","21":"product_cat-energetski-kabeli","22":"product_cat-estonija","23":"product_cat-finska","24":"product_cat-gradevinarstvo","25":"product_cat-hd-604-5d-hr","26":"product_cat-iec-hr","27":"product_cat-iec-60331-21-hr","28":"product_cat-iec-60502-1-hr","29":"product_cat-industrija","30":"product_cat-litvanija","31":"product_cat-lszh-kabeli-bez-halogeni-kabeli","32":"product_cat-mreze-za-prijenos-distribuciju-i-napajanje","33":"product_cat-norveska","34":"product_cat-reach-hr","35":"product_cat-rohs-hr","36":"product_cat-standard-hr","37":"product_cat-svedska","38":"product_cat-tip","39":"product_cat-vatrotporni-kabeli","41":"first","42":"instock","43":"shipping-taxable","44":"product-type-simple"},"acf":[],"_links":{"self":[{"href":"https:\/\/www.ttcables.com\/hr\/wp-json\/wp\/v2\/product\/2060","targetHints":{"allow":["GET"]}}],"collection":[{"href":"https:\/\/www.ttcables.com\/hr\/wp-json\/wp\/v2\/product"}],"about":[{"href":"https:\/\/www.ttcables.com\/hr\/wp-json\/wp\/v2\/types\/product"}],"author":[{"embeddable":true,"href":"https:\/\/www.ttcables.com\/hr\/wp-json\/wp\/v2\/users\/3"}],"wp:featuredmedia":[{"embeddable":true,"href":"https:\/\/www.ttcables.com\/hr\/wp-json\/wp\/v2\/media\/2064"}],"wp:attachment":[{"href":"https:\/\/www.ttcables.com\/hr\/wp-json\/wp\/v2\/media?parent=2060"}],"wp:term":[{"taxonomy":"product_brand","embeddable":true,"href":"https:\/\/www.ttcables.com\/hr\/wp-json\/wp\/v2\/product_brand?post=2060"},{"taxonomy":"product_cat","embeddable":true,"href":"https:\/\/www.ttcables.com\/hr\/wp-json\/wp\/v2\/product_cat?post=2060"},{"taxonomy":"product_tag","embeddable":true,"href":"https:\/\/www.ttcables.com\/hr\/wp-json\/wp\/v2\/product_tag?post=2060"}],"curies":[{"name":"wp","href":"https:\/\/api.w.org\/{rel}","templated":true}]}}