{"id":2067,"date":"2022-05-11T15:36:17","date_gmt":"2022-05-11T13:36:19","guid":{"rendered":"https:\/\/www.ttcables.com\/?post_type=product&#038;p=2067"},"modified":"2022-05-12T10:39:31","modified_gmt":"2022-05-12T08:39:31","slug":"aaac-1-0-quadraplex-hr","status":"publish","type":"product","link":"https:\/\/www.ttcables.com\/hr\/proizvod\/aaac-1-0-quadraplex-hr\/","title":{"rendered":"AAAC 1\/0 QUADRAPLEX"},"content":{"rendered":"<h2>Podru\u010dje primjene<\/h2>\n<p>Koristi se za opskrbu elektri\u010dnom energijom, obi\u010dno iz transformatora montiranog na stup, do korisni\u010dke servisne glave gdje se izvodi priklju\u010dak na kabel za servisni ulaz. Za kori\u0161tenje na 600 volti ili manje od faze do faze. Ne smije prije\u0107i 75\u00b0C za PE i 90\u00b0C za XLPE.<\/p>\n<h2>Konstrukcija<\/h2>\n<p>Fazni provodnik:<br \/>\nKoncentri\u010dno upredeni, komprimirani aluminij 1350-H19<br \/>\nNeutralni provodnik:<br \/>\nKoncentri\u010dno upredena gola aluminijska legura 6201<br \/>\nOpis monta\u017ee:<br \/>\nTri izolirana aluminijska vodi\u010da s golim neutralnim glasnikom<\/p>\n<p>&nbsp;<\/p>\n<p>&nbsp;<\/p>\n<p>&nbsp;<\/p>\n","protected":false},"excerpt":{"rendered":"<p>Podru\u010dje primjene Koristi se za opskrbu elektri\u010dnom energijom, obi\u010dno iz transformatora montiranog na stup, do korisni\u010dke servisne glave gdje se<\/p>\n<p><a class=\"read-more\" href=\"https:\/\/www.ttcables.com\/hr\/proizvod\/aaac-1-0-quadraplex-hr\/\">Op\u0161irnije&#8230;<\/a><\/p>\n","protected":false},"author":3,"featured_media":2074,"template":"","meta":{"_acf_changed":false},"product_brand":[87],"product_cat":[433,427,429,431,185,186,273,187,228,211,188,189],"product_tag":[],"class_list":{"0":"post-2067","1":"product","2":"type-product","3":"status-publish","4":"has-post-thumbnail","6":"product_brand-ttcables","7":"product_cat-ansi-icea-s-76-474-hr","8":"product_cat-astm-b-230-aluminium-wire-hr","9":"product_cat-astm-b-231-aluminium-conductors-hr","10":"product_cat-astm-b-339-hr","11":"product_cat-certifikat","12":"product_cat-drzava","13":"product_cat-energetski-kabeli","14":"product_cat-industrija","15":"product_cat-mreze-za-prijenos-distribuciju-i-napajanje","16":"product_cat-sad","17":"product_cat-standard-hr","18":"product_cat-tip","20":"first","21":"instock","22":"shipping-taxable","23":"product-type-simple"},"acf":[],"_links":{"self":[{"href":"https:\/\/www.ttcables.com\/hr\/wp-json\/wp\/v2\/product\/2067","targetHints":{"allow":["GET"]}}],"collection":[{"href":"https:\/\/www.ttcables.com\/hr\/wp-json\/wp\/v2\/product"}],"about":[{"href":"https:\/\/www.ttcables.com\/hr\/wp-json\/wp\/v2\/types\/product"}],"author":[{"embeddable":true,"href":"https:\/\/www.ttcables.com\/hr\/wp-json\/wp\/v2\/users\/3"}],"wp:featuredmedia":[{"embeddable":true,"href":"https:\/\/www.ttcables.com\/hr\/wp-json\/wp\/v2\/media\/2074"}],"wp:attachment":[{"href":"https:\/\/www.ttcables.com\/hr\/wp-json\/wp\/v2\/media?parent=2067"}],"wp:term":[{"taxonomy":"product_brand","embeddable":true,"href":"https:\/\/www.ttcables.com\/hr\/wp-json\/wp\/v2\/product_brand?post=2067"},{"taxonomy":"product_cat","embeddable":true,"href":"https:\/\/www.ttcables.com\/hr\/wp-json\/wp\/v2\/product_cat?post=2067"},{"taxonomy":"product_tag","embeddable":true,"href":"https:\/\/www.ttcables.com\/hr\/wp-json\/wp\/v2\/product_tag?post=2067"}],"curies":[{"name":"wp","href":"https:\/\/api.w.org\/{rel}","templated":true}]}}