{"id":2292,"date":"2022-06-22T13:42:47","date_gmt":"2022-06-22T11:42:47","guid":{"rendered":"https:\/\/www.ttcables.com\/?post_type=product&#038;p=2292"},"modified":"2025-07-03T10:52:26","modified_gmt":"2025-07-03T08:52:26","slug":"mmj-hf-exq-light-pro-ifxi-lx-hr","status":"publish","type":"product","link":"https:\/\/www.ttcables.com\/hr\/proizvod\/mmj-hf-exq-light-pro-ifxi-lx-hr\/","title":{"rendered":"MMJ-HF\/EXQ Light Pro\/IFXI LX"},"content":{"rendered":"<h2>Podru\u010dje primjene<\/h2>\n<p>XLPE izoliran i HFFR pla\u0161tiran bez halogeni kabel, sa bakrenim vodi\u010dom. Ovaj se kabel preporu\u010duje za uporabu u javnim i industrijskim gra\u0111evinama- gdje god su u slu\u010daju po\u017eara potrebne dobre otpornosti na vatru, smanjena isparavanja, te toksi\u010dni i korozivni plinovi.<\/p>\n<h2>Konstrukcija<\/h2>\n<p>Vodi\u010di: Cu vodi\u010di, prema normi EN 60228<br \/>\nIzolacija: XLPE masa<br \/>\nIspuna: Ekstrudirana bezhalogena elastomerna\/plastomerna masa<br \/>\nPla\u0161t: HFFR, bijela boja, UV stabilna<\/p>\n<h2>Tehni\u010dke karakteristike<\/h2>\n<p>CPR class: EXQ light\/ \/IFXI LX: Cca s1,d1,a1<br \/>\nMMJ-HF: Dca s1,d2,a1<br \/>\nNazivni napon (Uo\/U):<br \/>\nMMJ-HF (6-25 mm2): 450\/750 V EXQ Light (1,5-2,5 mm2): 300\/500 V<br \/>\nMin. temperatura polaganja: -15\u00b0C<br \/>\nMin. radna temperatura: -15\u00b0C<br \/>\nMax. radna temperatura: 90\u00b0C<br \/>\nMax. temp. kratkog spoja: 250\u00b0C<br \/>\nRadijus savijanja (min):6 x D<br \/>\nOtpornost na gorenje: EN 50399; EN 60332-1-2; EN 60332-3-24; EN 60754-2; EN 61034-2<\/p>\n","protected":false},"excerpt":{"rendered":"<p>Kabel sa Cu vodi\u010dima, izoliran XLPE-om i opla\u0161ten HFFR-om<\/p>\n","protected":false},"author":3,"featured_media":4063,"template":"","meta":{"_acf_changed":false},"product_brand":[87],"product_cat":[185,289,199,186,205,215,187,267,341,208,193,194,449,447,188,212,189],"product_tag":[],"class_list":{"0":"post-2292","1":"product","2":"type-product","3":"status-publish","4":"has-post-thumbnail","6":"product_brand-ttcables","7":"product_cat-certifikat","8":"product_cat-ce-hr","9":"product_cat-danska","10":"product_cat-drzava","11":"product_cat-finska","12":"product_cat-gradevinarstvo","13":"product_cat-industrija","14":"product_cat-lszh-kabeli-bez-halogeni-kabeli","15":"product_cat-lv-installation-cables-hr","16":"product_cat-norveska","17":"product_cat-reach-hr","18":"product_cat-rohs-hr","19":"product_cat-sfs-5544-hr","20":"product_cat-ss-424-02-19-5-hr","21":"product_cat-standard-hr","22":"product_cat-svedska","23":"product_cat-tip","25":"first","26":"instock","27":"shipping-taxable","28":"product-type-simple"},"acf":[],"_links":{"self":[{"href":"https:\/\/www.ttcables.com\/hr\/wp-json\/wp\/v2\/product\/2292","targetHints":{"allow":["GET"]}}],"collection":[{"href":"https:\/\/www.ttcables.com\/hr\/wp-json\/wp\/v2\/product"}],"about":[{"href":"https:\/\/www.ttcables.com\/hr\/wp-json\/wp\/v2\/types\/product"}],"author":[{"embeddable":true,"href":"https:\/\/www.ttcables.com\/hr\/wp-json\/wp\/v2\/users\/3"}],"wp:featuredmedia":[{"embeddable":true,"href":"https:\/\/www.ttcables.com\/hr\/wp-json\/wp\/v2\/media\/4063"}],"wp:attachment":[{"href":"https:\/\/www.ttcables.com\/hr\/wp-json\/wp\/v2\/media?parent=2292"}],"wp:term":[{"taxonomy":"product_brand","embeddable":true,"href":"https:\/\/www.ttcables.com\/hr\/wp-json\/wp\/v2\/product_brand?post=2292"},{"taxonomy":"product_cat","embeddable":true,"href":"https:\/\/www.ttcables.com\/hr\/wp-json\/wp\/v2\/product_cat?post=2292"},{"taxonomy":"product_tag","embeddable":true,"href":"https:\/\/www.ttcables.com\/hr\/wp-json\/wp\/v2\/product_tag?post=2292"}],"curies":[{"name":"wp","href":"https:\/\/api.w.org\/{rel}","templated":true}]}}