{"id":2321,"date":"2022-07-06T10:17:07","date_gmt":"2022-07-06T08:17:08","guid":{"rendered":"https:\/\/www.ttcables.com\/?post_type=product&#038;p=2321"},"modified":"2025-06-06T14:32:13","modified_gmt":"2025-06-06T12:32:13","slug":"fr-n1xd4-ar-x00-a-hr","status":"publish","type":"product","link":"https:\/\/www.ttcables.com\/hr\/proizvod\/fr-n1xd4-ar-x00-a-hr\/","title":{"rendered":"FR-N1XD4-AR (X00-A) ; FR-N1XD9-AR (X00\/0-A)"},"content":{"rendered":"<h2>Podru\u010dje primjene<\/h2>\n<p>Kabeli su namijenjeni za distribuciju elektri\u010dne energije u gradskoj mre\u017ei i u industriji, za osvjetljenje cesta. Koriste se tako\u0111er kao priklju\u010dni kabeli. Postavljaju se na stupove, konzole, fasade ku\u0107a, na drvene i \u017eeljezne konstrukcije.<\/p>\n<h2>Konstrukcija<\/h2>\n<p>Fazni vodi\u010d: Kompaktirano aluminijsko u\u017ee, klasa 2<br \/>\nNulti vodi\u010d: Kompaktirano Al u\u017ee ili u\u017ee od aluminijske legure, klasa 2<br \/>\nIzolacija: XLPE izolacija crne boje<\/p>\n<h2>Tehni\u010dke karakteristike<\/h2>\n<p>Nazivni napon 0,6\/1 kV<br \/>\nIspitni napon : 4 kV<br \/>\nMax. radna temperatura: +90\u00b0C<br \/>\nMax. temp. kratkog spoja: +250\u00b0C<\/p>\n","protected":false},"excerpt":{"rendered":"<p>Samonosivi kabelski snop sa XLPE izolacijom<\/p>\n","protected":false},"author":3,"featured_media":2325,"template":"","meta":{"_acf_changed":false},"product_brand":[87],"product_cat":[197,185,289,343,186,273,202,351,198,192,187,456,228,271,454,193,194,210,206,207,188,189],"product_tag":[],"class_list":{"0":"post-2321","1":"product","2":"type-product","3":"status-publish","4":"has-post-thumbnail","6":"product_brand-ttcables","7":"product_cat-bosna-i-hercegovina","8":"product_cat-certifikat","9":"product_cat-ce-hr","10":"product_cat-montenegro-hr","11":"product_cat-drzava","12":"product_cat-energetski-kabeli","13":"product_cat-francuska","14":"product_cat-hd-626-s1-hr","15":"product_cat-hrvatska","16":"product_cat-iec-hr","17":"product_cat-industrija","18":"product_cat-jus-n-c5-250-hr","19":"product_cat-mreze-za-prijenos-distribuciju-i-napajanje","20":"product_cat-nadzemni-kabeli","21":"product_cat-nf-c33-209-hr","22":"product_cat-reach-hr","23":"product_cat-rohs-hr","24":"product_cat-makedonija","25":"product_cat-slovenija","26":"product_cat-srbija","27":"product_cat-standard-hr","28":"product_cat-tip","30":"first","31":"instock","32":"shipping-taxable","33":"product-type-simple"},"acf":[],"_links":{"self":[{"href":"https:\/\/www.ttcables.com\/hr\/wp-json\/wp\/v2\/product\/2321","targetHints":{"allow":["GET"]}}],"collection":[{"href":"https:\/\/www.ttcables.com\/hr\/wp-json\/wp\/v2\/product"}],"about":[{"href":"https:\/\/www.ttcables.com\/hr\/wp-json\/wp\/v2\/types\/product"}],"author":[{"embeddable":true,"href":"https:\/\/www.ttcables.com\/hr\/wp-json\/wp\/v2\/users\/3"}],"wp:featuredmedia":[{"embeddable":true,"href":"https:\/\/www.ttcables.com\/hr\/wp-json\/wp\/v2\/media\/2325"}],"wp:attachment":[{"href":"https:\/\/www.ttcables.com\/hr\/wp-json\/wp\/v2\/media?parent=2321"}],"wp:term":[{"taxonomy":"product_brand","embeddable":true,"href":"https:\/\/www.ttcables.com\/hr\/wp-json\/wp\/v2\/product_brand?post=2321"},{"taxonomy":"product_cat","embeddable":true,"href":"https:\/\/www.ttcables.com\/hr\/wp-json\/wp\/v2\/product_cat?post=2321"},{"taxonomy":"product_tag","embeddable":true,"href":"https:\/\/www.ttcables.com\/hr\/wp-json\/wp\/v2\/product_tag?post=2321"}],"curies":[{"name":"wp","href":"https:\/\/api.w.org\/{rel}","templated":true}]}}