{"id":2452,"date":"2022-08-17T08:36:33","date_gmt":"2022-08-17T06:36:33","guid":{"rendered":"https:\/\/www.ttcables.com\/?post_type=product&#038;p=2452"},"modified":"2025-08-07T15:34:56","modified_gmt":"2025-08-07T13:34:56","slug":"fg16m16-hr","status":"publish","type":"product","link":"https:\/\/www.ttcables.com\/hr\/proizvod\/fg16m16-hr\/","title":{"rendered":"FG16M16"},"content":{"rendered":"<h2>Podru\u010dje primjene<\/h2>\n<p><strong><u>Referentne smjernice CEI 20-67<\/u><\/strong>: Posebno pogodan za mjesta gdje postoji opasnost od po\u017eara i visoku prisutnost ljudi, gdje je neophodno jam\u010diti o\u010duvanje postrojenja i opreme od napada korozivnih plinova (uredi, \u0161kole, supermarketima, kina, kazali\u0161ta, diskoteke itd.). Prikladno za kori\u0161tenje u zatvorenom ili na otvorenom, \u010dak I u vla\u017enim okru\u017eenjima; mo\u017ee se pri\u010dvrstiti na zidove ili metalne strukture, bez zraka, unutar cijevi ili sli\u010dnog sustava. Pogodan i za podzemno polaganje.<\/p>\n<h2>Konstrukcija<\/h2>\n<p>Vodi\u010di: Cu vodi\u010di, klasa 5 prema normi EN 60228<br \/>\nIzolacija: Gumena masa, G16 kvaliteta<br \/>\nPla\u0161t: HFFR masa M16, zelena<\/p>\n<h2>Tehni\u010dke karakteristike<\/h2>\n<p>Nazivni napon (Uo\/U): 0,6\/1 kV<br \/>\nIspitni napon: 4 kV<br \/>\nMin. temp. za instaliranje: 0\u00b0C<br \/>\nMin. radna tempertura: -15\u00b0C<br \/>\nMax. radna temperatura: 90\u00b0C<br \/>\nMax. temp. kratkog spoja: 250\u00b0C<br \/>\nMin. polumjer savijanja: jedno\u017eilci &#8211; 4D<br \/>\nMax. vla\u010dna sila: 50 N\/mm\u00b2<br \/>\nCPR klasifikacija: Cca \u2013 s1,d1,a1<\/p>\n","protected":false},"excerpt":{"rendered":"<p>Energetski kabel 0,6\/1 kV sa Cu vodi\u010dima, izoliran G16 gumom i opla\u0161ten HFFR-om<\/p>\n","protected":false},"author":3,"featured_media":2454,"template":"","meta":{"_acf_changed":false},"product_brand":[87],"product_cat":[414,185,289,302,186,273,215,192,239,187,299,263,267,228,217,193,194,188,189],"product_tag":[],"class_list":{"0":"post-2452","1":"product","2":"type-product","3":"status-publish","4":"has-post-thumbnail","6":"product_brand-ttcables","7":"product_cat-cei-20-13-hr","8":"product_cat-certifikat","9":"product_cat-ce-hr","10":"product_cat-cpr-hr","11":"product_cat-drzava","12":"product_cat-energetski-kabeli","13":"product_cat-gradevinarstvo","14":"product_cat-iec-hr","15":"product_cat-iec-60502-1-hr","16":"product_cat-industrija","17":"product_cat-italija-hr","18":"product_cat-kabeli-za-podatkovni-centar","19":"product_cat-lszh-kabeli-bez-halogeni-kabeli","20":"product_cat-mreze-za-prijenos-distribuciju-i-napajanje","21":"product_cat-podaktovni-centri","22":"product_cat-reach-hr","23":"product_cat-rohs-hr","24":"product_cat-standard-hr","25":"product_cat-tip","27":"first","28":"instock","29":"shipping-taxable","30":"product-type-simple"},"acf":[],"_links":{"self":[{"href":"https:\/\/www.ttcables.com\/hr\/wp-json\/wp\/v2\/product\/2452","targetHints":{"allow":["GET"]}}],"collection":[{"href":"https:\/\/www.ttcables.com\/hr\/wp-json\/wp\/v2\/product"}],"about":[{"href":"https:\/\/www.ttcables.com\/hr\/wp-json\/wp\/v2\/types\/product"}],"author":[{"embeddable":true,"href":"https:\/\/www.ttcables.com\/hr\/wp-json\/wp\/v2\/users\/3"}],"wp:featuredmedia":[{"embeddable":true,"href":"https:\/\/www.ttcables.com\/hr\/wp-json\/wp\/v2\/media\/2454"}],"wp:attachment":[{"href":"https:\/\/www.ttcables.com\/hr\/wp-json\/wp\/v2\/media?parent=2452"}],"wp:term":[{"taxonomy":"product_brand","embeddable":true,"href":"https:\/\/www.ttcables.com\/hr\/wp-json\/wp\/v2\/product_brand?post=2452"},{"taxonomy":"product_cat","embeddable":true,"href":"https:\/\/www.ttcables.com\/hr\/wp-json\/wp\/v2\/product_cat?post=2452"},{"taxonomy":"product_tag","embeddable":true,"href":"https:\/\/www.ttcables.com\/hr\/wp-json\/wp\/v2\/product_tag?post=2452"}],"curies":[{"name":"wp","href":"https:\/\/api.w.org\/{rel}","templated":true}]}}