{"id":2484,"date":"2022-09-12T10:01:48","date_gmt":"2022-09-12T08:01:48","guid":{"rendered":"https:\/\/www.ttcables.com\/?post_type=product&#038;p=2484"},"modified":"2025-08-07T15:40:56","modified_gmt":"2025-08-07T13:40:56","slug":"na2xh-hr","status":"publish","type":"product","link":"https:\/\/www.ttcables.com\/hr\/proizvod\/na2xh-hr\/","title":{"rendered":"NA2XH"},"content":{"rendered":"<h2>Podru\u010dje primjene<\/h2>\n<p>U zemlji, kanalima, na nosa\u010dima, u suhim i mokrim uvjetima itd., gdje se ne o\u010dekuju mehani\u010dka o\u0161te\u0107enja i kabeli nisu izlo\u017eeni mehani\u010dkom vla\u010dnom naprezanju. U gradskim mre\u017eama, industrijskim postrojenjima, elektroenergetskim postrojenjima i drugim potro\u0161a\u010dima elektri\u010dne energije te za priklju\u010dak regulacijskih ure\u0111aja u industriji, prometu i sl.<\/p>\n<h2>Konstrukcija<\/h2>\n<p>Vodi\u010di: Al, klasa 1 (RE\/SE) ili klasa 2<br \/>\n(RM\/SM) prema standardu EN 60228<br \/>\nIzolacija: XLPE masa DIX 3<br \/>\nIspina: Ekstrudirana elastomerna ili plastomerna masa ili plasti\u010dna traka<br \/>\nPla\u0161t: HFFR masa HM 4<\/p>\n<h2>Tehni\u010dke karakteristike<\/h2>\n<p>CPR klasa: Eca<br \/>\nIspitni napon: 4 kV<br \/>\nNazivni napon: 0,6\/1 kV<br \/>\nRadijus savijanja (min): jedno\u017eilci &#8211; 15D; Vi\u0161e\u017eilci &#8211; 12D<br \/>\nMin. temperature za instalaciju: -5\u00b0C<br \/>\nMax. temperature vodi\u010da: 90\u00b0C<br \/>\nMax. temp. kratkog spoja: 250\u00b0C<\/p>\n","protected":false},"excerpt":{"rendered":"<p>Energetski kabel 0,6\/1 kV sa Al vodi\u010dima, izoliran XLPE-om i pla\u0161tiran HFFR<\/p>\n","protected":false},"author":3,"featured_media":2488,"template":"","meta":{"_acf_changed":false},"product_brand":[87],"product_cat":[185,289,302,186,273,281,215,192,239,187,264,377,267,228,193,194,443,188,445,189],"product_tag":[],"class_list":{"0":"post-2484","1":"product","2":"type-product","3":"status-publish","4":"has-post-thumbnail","6":"product_brand-ttcables","7":"product_cat-certifikat","8":"product_cat-ce-hr","9":"product_cat-cpr-hr","10":"product_cat-drzava","11":"product_cat-energetski-kabeli","12":"product_cat-ezu-hr","13":"product_cat-gradevinarstvo","14":"product_cat-iec-hr","15":"product_cat-iec-60502-1-hr","16":"product_cat-industrija","17":"product_cat-industrijski-kabeli","18":"product_cat-izrael","19":"product_cat-lszh-kabeli-bez-halogeni-kabeli","20":"product_cat-mreze-za-prijenos-distribuciju-i-napajanje","21":"product_cat-reach-hr","22":"product_cat-rohs-hr","23":"product_cat-si-1516-1-hr","24":"product_cat-standard-hr","25":"product_cat-standards-mark-izrael","26":"product_cat-tip","28":"first","29":"instock","30":"shipping-taxable","31":"product-type-simple"},"acf":[],"_links":{"self":[{"href":"https:\/\/www.ttcables.com\/hr\/wp-json\/wp\/v2\/product\/2484","targetHints":{"allow":["GET"]}}],"collection":[{"href":"https:\/\/www.ttcables.com\/hr\/wp-json\/wp\/v2\/product"}],"about":[{"href":"https:\/\/www.ttcables.com\/hr\/wp-json\/wp\/v2\/types\/product"}],"author":[{"embeddable":true,"href":"https:\/\/www.ttcables.com\/hr\/wp-json\/wp\/v2\/users\/3"}],"wp:featuredmedia":[{"embeddable":true,"href":"https:\/\/www.ttcables.com\/hr\/wp-json\/wp\/v2\/media\/2488"}],"wp:attachment":[{"href":"https:\/\/www.ttcables.com\/hr\/wp-json\/wp\/v2\/media?parent=2484"}],"wp:term":[{"taxonomy":"product_brand","embeddable":true,"href":"https:\/\/www.ttcables.com\/hr\/wp-json\/wp\/v2\/product_brand?post=2484"},{"taxonomy":"product_cat","embeddable":true,"href":"https:\/\/www.ttcables.com\/hr\/wp-json\/wp\/v2\/product_cat?post=2484"},{"taxonomy":"product_tag","embeddable":true,"href":"https:\/\/www.ttcables.com\/hr\/wp-json\/wp\/v2\/product_tag?post=2484"}],"curies":[{"name":"wp","href":"https:\/\/api.w.org\/{rel}","templated":true}]}}